{"id":1271,"date":"2024-05-11T19:14:36","date_gmt":"2024-05-11T17:14:36","guid":{"rendered":"https:\/\/sueca13flores.com\/?page_id=1271"},"modified":"2024-12-04T20:18:32","modified_gmt":"2024-12-04T19:18:32","slug":"om-os","status":"publish","type":"page","link":"https:\/\/sueca13flores.com\/da\/om-os\/","title":{"rendered":"Om os"},"content":{"rendered":"<figure class=\"wp-block-image is-resized\"><img decoding=\"async\" src=\"https:\/\/sueca13flores.com\/wp-content\/uploads\/2020\/12\/2c8f3903-167d-479f-83b2-745cdd14351c.jpg\" alt=\"Indgang til Sueca 13\" style=\"width:500px\"\/><\/figure>\n\n\n\n\n<p>Sueca 13 er en urban jungle i hjertet af Valencia, hvor man kan finde friske, t\u00f8rrede og konserverede blomster, indend\u00f8rs og udend\u00f8rs planter, aromatiske urter, frugttr\u00e6er og honning.<\/p>\n\n\n\n<p>Vi laver blomsterdekorationer til arrangementer og workshops. Vi har en hjemleveringsservice, nationale og internationale leverancer og r\u00e5dgivning om havearbejde og landskabspleje.<\/p>\n\n\n\n\n<h2 class=\"wp-block-heading\">Serviceydelser<\/h2>\n\n\n\n<p>Hvilke tjenester tilbyder vi?<\/p>\n\n\n\n<ul class=\"wp-block-list\">\n<li><a href=\"https:\/\/sueca13flores.com\/da\/udlejning-af-naturlige-planter\/\">Udlejning af naturlige planter<\/a><\/li>\n\n\n\n<li><a href=\"https:\/\/sueca13flores.com\/da\/bryllupper\/\">Bryllupper<\/a><\/li>\n\n\n\n<li><a href=\"https:\/\/sueca13flores.com\/da\/blomsterdekorationer\/\">Blomsterdekoration<\/a><\/li>\n\n\n\n<li><a href=\"https:\/\/sueca13flores.com\/da\/virksomheder-og-begivenheder\/\">Virksomheder og begivenheder<\/a><\/li>\n\n\n\n<li><a href=\"https:\/\/sueca13flores.com\/da\/begravelsesblomster\/\">Blomster til begravelse<\/a><\/li>\n\n\n\n<li><a href=\"https:\/\/sueca13flores.com\/da\/haveservice\/\">Haveservice<\/a><\/li>\n\n\n\n<li><a href=\"https:\/\/sueca13flores.com\/da\/abonnementer\/\">Abonnementer<\/a><\/li>\n\n\n\n<li><a href=\"https:\/\/sueca13flores.com\/da\/workshops-og-aktiviteter\/\">Workshops og aktiviteter<\/a><\/li>\n<\/ul>\n\n\n\n\n<h2 class=\"wp-block-heading\">Bliv medlem af WhatsApp<\/h2>\n\n\n\n\n\n<figure class=\"wp-block-image is-resized\"><img decoding=\"async\" src=\"https:\/\/sueca13flores.com\/wp-content\/uploads\/2020\/12\/WhatsApp-1024x1024.jpg\" alt=\"\" style=\"width:500px\"\/><\/figure>\n\n\n\n\n\n<p>Indtast den <a href=\"https:\/\/chat.whatsapp.com\/CTYK1eQy7JwLRXToOeqP1y\">WhatsApp-gruppe<\/a> for at modtage ugentlige nyheder om blomster og planter, blomsterworkshops og tips.<\/p>\n\n\n\n\n<h2 class=\"wp-block-heading\">Kontakt<\/h2>\n\n\n\n<figure class=\"wp-block-image is-resized\"><img decoding=\"async\" src=\"https:\/\/sueca13flores.com\/wp-content\/uploads\/2020\/08\/18489767_1771698719807793_6112545808202871870_o-edited.jpg\" alt=\"\" style=\"width:500px\"\/><\/figure>\n\n\n\n\n<p>Kontakt os via <a href=\"https:\/\/wa.me\/34961001455\">WhatsApp<\/a> eller via e-mail til <a href=\"mailto:equipo@sueca13flores.com\">equipo@sueca13flores.com<\/a>.<\/p>\n\n\n\n\n<h2 class=\"wp-block-heading\">Sociale medier<\/h2>\n\n\n\n<figure class=\"wp-block-image is-resized\"><img decoding=\"async\" src=\"https:\/\/sueca13flores.com\/wp-content\/uploads\/2020\/08\/photography-349870_19201-edited.jpg\" alt=\"\" style=\"width:500px\"\/><\/figure>\n\n\n\n\n<p>F\u00f8lg os p\u00e5 de sociale medier:<\/p>\n\n\n\n<ul class=\"wp-block-list\">\n<li><a href=\"http:\/\/facebook.com\/sueca13\">Facebook<\/a><\/li>\n\n\n\n<li><a href=\"https:\/\/www.instagram.com\/sueca13\/\">Instagram<\/a><\/li>\n<\/ul>\n\n\n\n\n<h2 class=\"wp-block-heading\">Her er vi<\/h2>\n\n\n\n<p><iframe loading=\"lazy\" style=\"border: 0;\" src=\"https:\/\/www.google.com\/maps\/embed?pb=!1m18!1m12!1m3!1d3080.2859886508027!2d-0.3784465253246062!3d39.46286741314378!2m3!1f0!2f0!3f0!3m2!1i1024!2i768!4f13.1!3m3!1m2!1s0xd604f352184f547%3A0x2cbf63cbbab6d611!2sFlorister%C3%ADa%20Sueca13%3A%20Flores%20a%20domicilio%20en%20Valencia%20y%20alrededores!5e0!3m2!1sen!2sde!4v1715447869759!5m2!1sen!2sde\" width=\"600\" height=\"450\" allowfullscreen=\"allowfullscreen\"><\/iframe><\/p>\n\n\n\n<p><strong>Adresse:<\/strong><br>Calle Sueca, 13, 46006 Valencia, Spanien<\/p>\n\n\n\n<p>Telefon: 612 48 33 63\/629 91 44 24<\/p>\n\n\n\n<p>Mail: <a href=\"mailto:floressueca13@gmail.com\">floressueca13@gmail.com<\/a><\/p>\n\n\n\n<p><strong>Tidsplan:<\/strong><br>Mandag til l\u00f8rdag: 10:00 - 14:00<br>Mandag til fredag aften: 17:00 - 20:00<\/p>\n\n\n\n<h2 class=\"wp-block-heading\">Historie<\/h2>\n\n\n\n<p>Sueca 13 \u00e5bnede sine d\u00f8re den 15. september 2015. Manuel og Laura dr\u00f8mte om en bolig i hjertet af Ruzafa, hvor man kan finde friske blomster, helst s\u00e6sonbestemte og lokalt producerede, indend\u00f8rs og udend\u00f8rs planter fra lokale eller n\u00e6rliggende planteskoler, frugttr\u00e6er ... og alle former for dekorativt tilbeh\u00f8r lavet i h\u00e5nden med materialer som keramik, esparto, jute, raffia.<\/p>\n\n\n\n<p>Men de ledte ogs\u00e5 efter et opholdssted, hvor de kunne komme og tr\u00e6kke vejret roligt, spille klaver, nyde kunstudstillinger, deltage i blomsterworkshops eller se sm\u00e5 teaterforestillinger. En oase, hvor vi kunne deltage i kvarterets liv, og hvor det at v\u00e6re og blive var vores vigtigste grund.<\/p>\n\n\n\n<p>Et par \u00e5r senere har familien \u00e6ndret sig. Nogle er rejst midlertidigt, og andre er kommet til. Velkommen Fer! Essensen af blomsterbutikken er bevaret, og dens sk\u00f8nhed er intakt. Vi elsker vores arbejde, og vi er heldige at have naturen s\u00e5 t\u00e6t p\u00e5 os. Vi har vores egen stil, og vi str\u00e6ber efter at forny os, samtidig med at vi opretholder kvaliteten af vores arbejde med blomster og planter. Vi l\u00e6rer hver dag, og vi str\u00e6ber efter at genoplive essensen af den lille virksomhed, hvor behandlingen er menneskelig, t\u00e6t, varm, for at kunne kalde dig ved dit navn og stoppe lidt op for at lave xarraeta.<\/p>\n\n\n\n<p>Kom og bes\u00f8g os, og lad dig inspirere af blomster og botanik. Sm\u00e5 butikker er det hjerte, der f\u00e5r kvarteret og byen til at sl\u00e5.<\/p>\n\n\n\n<p>Du er hjemme.<\/p>\n\n\n\n<figure class=\"wp-block-image is-resized\"><img decoding=\"async\" src=\"https:\/\/sueca13flores.com\/wp-content\/uploads\/2021\/03\/sueca13-equipo-768x1024.jpg\" alt=\"Sueca13 Flores-teamet\" style=\"width:500px\"\/><\/figure>","protected":false},"excerpt":{"rendered":"<p>Tjenester Hvilke tjenester tilbyder vi? Kontakt Sociale netv\u00e6rk Her er vi Adresse:Calle Sueca, 13, 46006 Valencia, Spanien Telefon: 612 48 33 63\/629 91 44 24 E-mail: floressueca13@gmail.com \u00c5bningstider:Mandag til l\u00f8rdag: 10:00 - 14:00Mandag til fredag eftermiddag: 17:00 - 20:00 Historie Sueca 13 \u00e5bnede sine d\u00f8re den 15. september 2015. Manuel og Laura dr\u00f8mte om en ... <a title=\"Om os\" class=\"read-more\" href=\"https:\/\/sueca13flores.com\/da\/om-os\/\" aria-label=\"L\u00e6s mere om Om os\">L\u00e6s mere <\/a><\/p>","protected":false},"author":2,"featured_media":0,"parent":0,"menu_order":0,"comment_status":"closed","ping_status":"closed","template":"","meta":{"footnotes":""},"class_list":["post-1271","page","type-page","status-publish"],"_links":{"self":[{"href":"https:\/\/sueca13flores.com\/da\/wp-json\/wp\/v2\/pages\/1271","targetHints":{"allow":["GET"]}}],"collection":[{"href":"https:\/\/sueca13flores.com\/da\/wp-json\/wp\/v2\/pages"}],"about":[{"href":"https:\/\/sueca13flores.com\/da\/wp-json\/wp\/v2\/types\/page"}],"author":[{"embeddable":true,"href":"https:\/\/sueca13flores.com\/da\/wp-json\/wp\/v2\/users\/2"}],"replies":[{"embeddable":true,"href":"https:\/\/sueca13flores.com\/da\/wp-json\/wp\/v2\/comments?post=1271"}],"version-history":[{"count":33,"href":"https:\/\/sueca13flores.com\/da\/wp-json\/wp\/v2\/pages\/1271\/revisions"}],"predecessor-version":[{"id":2408,"href":"https:\/\/sueca13flores.com\/da\/wp-json\/wp\/v2\/pages\/1271\/revisions\/2408"}],"wp:attachment":[{"href":"https:\/\/sueca13flores.com\/da\/wp-json\/wp\/v2\/media?parent=1271"}],"curies":[{"name":"wp","href":"https:\/\/api.w.org\/{rel}","templated":true}]}}