{"id":326,"date":"2021-01-31T21:52:14","date_gmt":"2021-01-31T20:52:14","guid":{"rendered":"https:\/\/sueca13flores.com\/?page_id=326"},"modified":"2024-10-14T10:44:33","modified_gmt":"2024-10-14T08:44:33","slug":"juridisk-meddelelse","status":"publish","type":"page","link":"https:\/\/sueca13flores.com\/da\/juridisk-meddelelse\/","title":{"rendered":"Juridisk meddelelse"},"content":{"rendered":"<p>Velkommen til driftsreglerne og de generelle indk\u00f8bsbetingelser for Sueca13 online shop.<\/p>\n\n\n\n<ol class=\"wp-block-list\"><li>Generelle vilk\u00e5r og betingelser for k\u00f8b og accept<\/li><li>Onlinebutikkens karakter<\/li><li>Drift af onlinebutik<ol><li>Produktsortiment og prisimplementering<\/li><li>Gennemf\u00f8relse af k\u00f8bet<\/li><li>Forberedelse og distribution af ordrer<\/li><li>Levering og returnering af ordrer<\/li><li>Betalingsmetoder<\/li><li>Fortrolighed og sikkerhed<\/li><\/ol><\/li><li>Force majeure<\/li><li>G\u00e6ldende lov og jurisdiktion<\/li><\/ol>\n\n\n\n<p><\/p>\n\n\n\n<h2 class=\"wp-block-heading\"><strong>1. Generelle betingelser for k\u00f8b og accept<\/strong><\/h2>\n\n\n\n<p>Disse generelle k\u00f8bs- og acceptbetingelser regulerer k\u00f8b via vores hjemmeside www.https:\/\/sueca13flores.com\/.<br>Identifikationsoplysningerne for den person, der er ansvarlig for butikken, er:<br><br>FERNANDO JAVIER QUIROZ ARANDA<\/p>\n\n\n\n<p>C\/ SUECA, 13 PTA 8 PISO 4 <\/p>\n\n\n\n<p>CP 46006 VALENCIA<\/p>\n\n\n\n<p>MOMSNUMMER: 24464233-F<\/p>\n\n\n\n<p>Ved k\u00f8b i butikken har kunden mulighed for at konsultere de generelle vilk\u00e5r og betingelser for onlinebutikken p\u00e5 https:\/\/sueca13flores.com\/.<\/p>\n\n\n\n<h2 class=\"wp-block-heading\"><strong>2. Onlinebutikkens karakter.<\/strong><\/h2>\n\n\n\n<p>Butikken er rettet mod slutbrugere i den forstand, der er fastlagt i lov 26\/1984 af 19. juli, generel lov til forsvar for forbrugere og brugere, og til brug eller forbrug af kunden eller af personer, som kunden skal v\u00e6re lovligt bemyndiget til at handle p\u00e5 vegne af. Derfor er butikkens tjenester til grossister, distribut\u00f8rer, indk\u00f8bscentre, stormagasiner og andre professionelle mellemm\u00e6nd udelukket.<\/p>\n\n\n\n<p>I kraft af ovenst\u00e5ende er videresalg af produkter, der er k\u00f8bt via onlinebutikken, strengt forbudt.<\/p>\n\n\n\n<p><a href=\"https:\/\/sueca13flores.com\/da\/\">https:\/\/sueca13flores.com\/<\/a> forbeholder sig ret til ensidigt, til enhver tid og uden forudg\u00e5ende varsel, at \u00e6ndre pr\u00e6sentationen og konfigurationen af butikken samt at suspendere adgangen til den midlertidigt eller permanent.<\/p>\n\n\n\n<h2 class=\"wp-block-heading\"><strong>3. Drift af onlinebutik<\/strong><\/h2>\n\n\n\n<h3 class=\"wp-block-heading\"><strong>3.1 Registrer dig i butikken.<\/strong><\/h3>\n\n\n\n<p>Den kunde, der k\u00f8ber p\u00e5 hjemmesiden, bliver registreret ved at udfylde den formular, der vises p\u00e5 sk\u00e6rmen, n\u00e5r k\u00f8bet afsluttes. Fra det \u00f8jeblik vil han\/hun v\u00e6re kunde hos <a href=\"https:\/\/sueca13flores.com\/da\/\">https:\/\/sueca13flores.com\/<\/a> og du vil blive inkluderet i vores internetkundedatabase. Du vil altid kunne f\u00e5 adgang til alle de tjenester, du finder nu p\u00e5 hjemmesiden, og andre, der m\u00e5tte dukke op i fremtiden. N\u00e5r du har registreret dig, modtager du via e-mail registreringsbeviset med alle dine oplysninger og anmodningen om k\u00f8bsbevis, og du vil kunne nyde godt af alle de fordele, som kunder har af <a href=\"https:\/\/sueca13flores.com\/da\/\">https:\/\/sueca13flores.com\/<\/a>.<\/p>\n\n\n\n<p>Under alle omst\u00e6ndigheder, <a href=\"https:\/\/sueca13flores.com\/da\/\">https:\/\/sueca13flores.com\/<\/a> informerer sine brugere om, at n\u00e5r de foretager et k\u00f8b, vil de f\u00e5 tilsendt en transaktionsmail med bekr\u00e6ftelse af k\u00f8b af produkterne og bekr\u00e6ftelse af betaling. Vi kan ogs\u00e5 kontakte brugeren for at informere dem om eventuelle \u00e6ndringer eller nye udviklinger i forbindelse med deres ordre.<\/p>\n\n\n\n<p>P\u00e5 den anden side, <a href=\"https:\/\/sueca13flores.com\/da\/\">https:\/\/sueca13flores.com\/<\/a> kan sende kommerciel kommunikation relateret til de produkter eller tjenester, den tilbyder, forudsat at du udtrykkeligt og specifikt har givet dit samtykke til dette ved at afkrydse den boks, der er beregnet til dette form\u00e5l, eller ved ethvert andet udtrykkeligt samtykke.<\/p>\n\n\n\n<p>P\u00e5 grund af arten af de produkter, vi s\u00e6lger i vores butik (blomster og planter til at sende som gaver), er det meget vigtigt at have s\u00e5 mange oplysninger som muligt, s\u00e5som adresser og kontakttelefonnumre, for at kunne l\u00f8se eventuelle uforudsete eventualiteter s\u00e5 hurtigt og sikkert som muligt, b\u00e5de i forberedelsen af ordren og i leveringen.<\/p>\n\n\n\n<p>Kunden kan altid ud\u00f8ve sin ret til at \u00e6ndre eller annullere sine data ved at sende en e-mail til <a href=\"mailto:floressueca13@gmail.com\">floressueca13@gmail.com<\/a> eller ved at ringe til 612483363.<\/p>\n\n\n\n<h3 class=\"wp-block-heading\"><strong>3.2. Produktsortiment og prisanvendelse<\/strong><\/h3>\n\n\n\n<p><a href=\"https:\/\/ sueca13flores.com\">https:\/\/ sueca13flores.com<\/a> tilbyder et bredt udvalg af blomster, planter, sammens\u00e6tninger af alle slags samt tilbeh\u00f8r. Kunderne kan k\u00f8be dem fra deres computer uden at skulle bev\u00e6ge sig nogen steder hen.<\/p>\n\n\n\n<p><a href=\"https:\/\/sueca13flores.com\/da\/\">https:\/\/sueca13flores.com\/<\/a> vil gerne informere dig om, at billedet af de produkter, der vises i onlinebutikken, kan variere noget i leveringen, da disse produkter er h\u00e5ndlavede og naturlige. Selv om vi laver dem med samme m\u00f8nster som det, der vises p\u00e5 hjemmesiden, vil det ikke altid v\u00e6re n\u00f8jagtigt.<\/p>\n\n\n\n<p>Men.., <a href=\"https:\/\/sueca13flores.com\/da\/\">https:\/\/sueca13flores.com\/<\/a> garanterer de m\u00e6ngder af blomster og plantest\u00f8rrelser, der er angivet i onlinebutikken.<\/p>\n\n\n\n<p>Priserne p\u00e5 produkterne i butikken er inklusive den g\u00e6ldende moms i hvert enkelt tilf\u00e6lde. Friske blomster, planter og tilbeh\u00f8r (vaser, bamser ...) koster 21% og chokolade 10%.<\/p>\n\n\n\n<p>Alle produktpriser er altid angivet i euro.<\/p>\n\n\n\n<p><a href=\"https:\/\/sueca13flores.com\/da\/\">https:\/\/sueca13flores.com\/<\/a> forbeholder sig ret til ensidigt, til enhver tid og uden forudg\u00e5ende varsel, at \u00e6ndre priserne p\u00e5 de udstillede produkter samt at suspendere deres salg eller annullere dem midlertidigt eller endeligt.<\/p>\n\n\n\n<h3 class=\"wp-block-heading\"><strong>3.3 Realisering af k\u00f8bet<\/strong><\/h3>\n\n\n\n<p>I vores butik finder du alle de produkter, der er tilg\u00e6ngelige den p\u00e5g\u00e6ldende dag.<\/p>\n\n\n\n<p>Hver dag opdateres produkter, der er udsolgt eller uden for s\u00e6son, og der tilf\u00f8jes nye.<\/p>\n\n\n\n<p>Du vil kunne navigere gennem butiksmenuerne, indtil du n\u00e5r det \u00f8nskede produkt.<\/p>\n\n\n\n<p>Til sidst skal du klikke p\u00e5 knappen \"betal\", og du vil kunne gennemf\u00f8re de f\u00f8lgende sidste trin for at afslutte k\u00f8bet.<\/p>\n\n\n\n<h3 class=\"wp-block-heading\"><strong>3.4 Afsendelse af en ordre til en anden del af Spanien eller verden.<\/strong><\/h3>\n\n\n\n<p>Hvis du \u00f8nsker at sende blomster eller planter uden for leveringsomr\u00e5det for<a href=\"https:\/\/sueca13flores.com\/da\/\"> https:\/\/sueca13flores.com\/ <\/a>Kontakt os venligst p\u00e5 telefon 612483363 eller via e-mail p\u00e5 <a href=\"mailto:floressueca13@gmail.com\">floressueca13@gmail.com<\/a>.<\/p>\n\n\n\n<h3 class=\"wp-block-heading\"><strong>3.5 Forberedelse og distribution af ordrer<\/strong><\/h3>\n\n\n\n<p><a href=\"https:\/\/sueca13flores.com\/da\/\">https:\/\/sueca13flores.com\/<\/a> garanterer, at alle udstillede produkter er tilg\u00e6ngelige, men p\u00e5 grund af deres natur kan det v\u00e6re, at en farve, st\u00f8rrelse eller endda den \u00f8nskede m\u00e6ngde ikke er tilg\u00e6ngelig. I dette tilf\u00e6lde <a href=\"https:\/\/sueca13flores.com\/da\/\">https:\/\/sueca13flores.com\/<\/a> vil kontakte kunden for at aftale eventuelle \u00e6ndringer.<\/p>\n\n\n\n<p>Afh\u00e6ngigt af indk\u00f8bstypen vil alle ordrer blive distribueret p\u00e5 to m\u00e5der:<\/p>\n\n\n\n<p>Gennem de midler, der er tilg\u00e6ngelige p\u00e5 <a href=\"https:\/\/sueca13flores.com\/da\/\">https:\/\/sueca13flores.com<\/a><\/p>\n\n\n\n<p>For resten af Spanien bedes du kontakte os pr. telefon p\u00e5 612483363 eller pr. e-mail.<\/p>\n\n\n\n<p>I det f\u00f8rste tilf\u00e6lde vil kunden v\u00e6re i stand til at konsultere den stigning for transport, som deres k\u00f8b vil have. Denne stigning er underlagt transporttabellerne i henhold til ordrens destination.<\/p>\n\n\n\n<p>I det andet tilf\u00e6lde skal kunden kontakte os pr. telefon p\u00e5 612483363 eller pr. e-mail.<\/p>\n\n\n\n<p><a href=\"https:\/\/sueca13flores.com\/da\/\">https:\/\/sueca13flores.com\/<\/a> forbeholder sig ret til ensidigt, under alle omst\u00e6ndigheder og uden forudg\u00e5ende varsel, at \u00e6ndre transporttaksterne for distribution af de solgte produkter.<\/p>\n\n\n\n<h3 class=\"wp-block-heading\"><strong>3.6 Levering og returnering af ordrer.<\/strong><\/h3>\n\n\n\n<h4 class=\"wp-block-heading\">a) Hjemlevering som angivet af dig<\/h4>\n\n\n\n<p>Denne mulighed giver os mulighed for at levere ordren, hvor kunden angiver det, og i det valgte tidsrum i alle de byer, der ligger inden for leveringsomr\u00e5det for <a href=\"https:\/\/sueca13flores.com\/da\/\">https:\/\/sueca13flores.com\/<\/a>.<\/p>\n\n\n\n<p>Hjemlevering foretages af eksterne leveringsfirmaer eller af vores eget personale, som er uddannet til at h\u00e5ndtere blomster og planter.<\/p>\n\n\n\n<p>For leverancer uden for serviceomr\u00e5det for <a href=\"https:\/\/sueca13flores.com\/da\/\">https:\/\/sueca13flores.com\/<\/a>Kontakt os venligst p\u00e5 telefon 612483363 eller via e-mail.<\/p>\n\n\n\n<p>Leveringstider<\/p>\n\n\n\n<p>Tidsplanen for levering af leveringsomr\u00e5det for <a href=\"https:\/\/sueca13flores.com\/da\/\">https:\/\/sueca13flores.com\/<\/a> er fra 10:00 til 20:00 fra mandag til fredag og fra 10:00 til 14:00 om l\u00f8rdagen.<\/p>\n\n\n\n<p>Leveringstider for ordrer, der skal afhentes direkte i vores butik, er i \u00e5bningstiden.<\/p>\n\n\n\n<p>Under ingen omst\u00e6ndigheder<a href=\"https:\/\/sueca13flores.com\/da\/\"> https:\/\/sueca13flores.com\/ <\/a>vil acceptere en leveringsplan p\u00e5 s\u00e6rlige helligdage i \u00e5ret.<\/p>\n\n\n\n<p>Der er mulighed for \"morgenlevering\" og \"eftermiddagslevering\".<\/p>\n\n\n\n<p>For leverancer til resten af Spanien eller udlandet bedes du kontakte os pr. telefon p\u00e5 612483363 eller pr. e-mail.<\/p>\n\n\n\n<p><a href=\"https:\/\/sueca13flores.com\/da\/\">https:\/\/sueca13flores.com\/<\/a> p\u00e5tager sig intet ansvar for forsinkelse af en ordrelevering, n\u00e5r en s\u00e5dan forsinkelse ikke direkte kan tilskrives den, eller for tilf\u00e6lde af force majeure i henhold til de vilk\u00e5r og betingelser, der er fastsat i punkt 4 i disse generelle betingelser.<\/p>\n\n\n\n<p>Forsendelsesomkostninger.<\/p>\n\n\n\n<p>Forsendelsesomkostningerne varierer afh\u00e6ngigt af ordrens destination. Det samlede bel\u00f8b vil altid fremg\u00e5 af hjemmesiden, n\u00e5r ordren afgives.<\/p>\n\n\n\n<p>Returnerer<\/p>\n\n\n\n<p>I overensstemmelse med bestemmelserne i artikel 103 i det kongelige lovdekret 1\/2007 af 16. november om den generelle lov til forsvar for forbrugere og brugere kan kunden ikke returnere til <a href=\"https:\/\/sueca13flores.com\/da\/\">https:\/\/sueca13flores.com\/<\/a> friske produkter, hvis en s\u00e5dan returnering ikke finder sted inden for 24 timer efter levering eller afhentning af ordren.<\/p>\n\n\n\n<h3 class=\"wp-block-heading\"><strong>3.7 Betalingsmetoder<\/strong><\/h3>\n\n\n\n<p>Betaling kan ske med f\u00f8lgende kredit- eller betalingskort:<\/p>\n\n\n\n<p>Visum<br>Visa Electron<br>Mastercard<br>Maestro-kort<br>4B<\/p>\n\n\n\n<p>Og alle kort, der underst\u00f8tter det nye garantisystem for \"sikker shopping\", som er blevet indf\u00f8rt for nylig.<\/p>\n\n\n\n<p>Vi unders\u00f8ger hele tiden, hvordan vi kan sikre transaktioner over internettet bedre.<\/p>\n\n\n\n<p><a href=\"https:\/\/sueca13flores.com\/da\/\">https:\/\/sueca13flores.com\/<\/a> garanterer den totale sikkerhed for dine transaktioner, da den har de mest opdaterede teknologiske standarder med hensyn til sikkerhedsprotokoller og -systemer.<\/p>\n\n\n\n<p><a href=\"https:\/\/sueca13flores.com\/da\/\">https:\/\/sueca13flores.com\/<\/a> aldrig har dine kortnummeroplysninger, Caixa Popular administrerer disse oplysninger og giver os \"ok\" for hver betaling ved k\u00f8b.<\/p>\n\n\n\n<p>Snart vil systemet med \"sikre k\u00f8b\" v\u00e6re obligatorisk og give det hemmelige nummer eller password, som kun du b\u00f8r kende til dit kort, hvilket vil garantere, at ingen kan bruge dit nummer i en svigagtig transaktion.<\/p>\n\n\n\n<p>Vi vil implementere denne nye service meget snart, uafh\u00e6ngigt af det faktum, at den vil blive implementeret gradvist over en periode p\u00e5 2 \u00e5r af alle bankinstitutioner rundt om i verden. B\u00e5de i Europa, Asien og Amerika, som allerede har fastlagt deres datoer og deadlines for fuld implementering.<\/p>\n\n\n\n<h3 class=\"wp-block-heading\"><strong>3.8. Fortrolighed og sikkerhed<\/strong><\/h3>\n\n\n\n<p><a href=\"https:\/\/sueca13flores.com\/da\/\">https:\/\/sueca13flores.com\/<\/a> opretholder en politik for fortrolighed af de data, der leveres af sine kunder, og forpligter sig til at beskytte dataene fra kunderne i onlinebutikken.<\/p>\n\n\n\n<p>I overensstemmelse med lov 34\/2002 om informationssamfundets tjenester og elektronisk handel og i overensstemmelse med bestemmelserne i Europa-Parlamentets og R\u00e5dets forordning (EU) 2016\/67 af 27. april 2016 om beskyttelse af personoplysninger, <a href=\"https:\/\/sueca13flores.com\/da\/\">https:\/\/sueca13flores.com\/<\/a> informerer brugeren om eksistensen af behandling af personoplysninger.<\/p>\n\n\n\n<p>Dataansvarlig:<\/p>\n\n\n\n<p>AZUL ULTRAMARINO, S.L. Selskab med eneaktion\u00e6r<br>Paseo Serra d'Espad\u00e0 no6, Esc.1, Pta.5<br>46120 Alboraya ~ VALENCIA<br>SKATTEIDENTIFIKATIONSNUMMER B98549637<br>e-mail: <a href=\"mailto:floressueca13@gmail.com\">floressueca13@gmail.com<\/a><\/p>\n\n\n\n<p>Brugeren accepterer, at de data, der indhentes, mens han\/hun surfer p\u00e5 webstedet, eller som leveres ved at udfylde enhver formular, der vises, samt dem, der stammer fra eventuelle kommercielle forbindelser, der kan genereres, medtages i vores database. Brugeren kan med hensyn til de indhentede data ud\u00f8ve de rettigheder, der er anerkendt i den nye generelle databeskyttelsesforordning, og is\u00e6r retten til adgang, berigtigelse eller annullering af data og indsigelse samt retten til at tilbagekalde samtykke til overf\u00f8rsel af deres data eller til enhver af de beskrevne anvendelser. De rettigheder, der henvises til i det foreg\u00e5ende afsnit, kan ud\u00f8ves af brugeren ved hj\u00e6lp af en anmodning rettet til<\/p>\n\n\n\n<p>FERNANDO JAVIER QUIROZ ARANDA<br>Calle Sueca, 13 pta 8 piso 4<br>46006 ~ VALENCIA<br>TIN 24464233F<\/p>\n\n\n\n<p>eller ved at sende en e-mail til f\u00f8lgende adresse <a href=\"mailto:floressueca13@gmail.com\">floressueca13@gmail.com<\/a><\/p>\n\n\n\n<p><a href=\"https:\/\/sueca13flores.com\/da\/\">https:\/\/sueca13flores.com\/ <\/a>erkl\u00e6rer, at den har vedtaget alle n\u00f8dvendige og passende sikkerhedsforanstaltninger i overensstemmelse med bestemmelserne i EU-forordning 2016\/679 om godkendelse af sikkerhedsforanstaltninger for automatiserede filer, der indeholder personoplysninger.<\/p>\n\n\n\n<p>Men.., <a href=\"https:\/\/sueca13flores.com\/da\/\">https:\/\/sueca13flores.com\/<\/a> kan efter anmodning fra de kompetente myndigheder videregive personoplysninger og alle andre oplysninger, som den er i besiddelse af via sine computersystemer, i overensstemmelse med de love og bestemmelser, der g\u00e6lder for dette tilf\u00e6lde.<\/p>\n\n\n\n<p>Under ingen omst\u00e6ndigheder,<a href=\"https:\/\/sueca13flores.com\/da\/\"> https:\/\/sueca13flores.com\/<\/a> videregive indholdet af s\u00e5danne oplysninger til markedsf\u00f8ringsvirksomheder og -tjenester, kommercielle databaser og tredjeparter, der besk\u00e6ftiger sig med reklame, massemarkedsf\u00f8ringslister eller aktiviteter relateret til spam og lignende.<\/p>\n\n\n\n<h2 class=\"wp-block-heading\"><strong>4. Force Majeure<\/strong><\/h2>\n\n\n\n<p>Force majeure forst\u00e5s som et eksempel, men ikke en begr\u00e6nsning:<\/p>\n\n\n\n<p>I- Enhver begivenhed, der er umulig at forudse, eller som, forudset eller forudsigelig, var uundg\u00e5elig.<\/p>\n\n\n\n<p>II- Fejl i adgangen til de forskellige websider p\u00e5 <a href=\"https:\/\/sueca13flores.com\/da\/\">https:\/\/sueca13flores.com\/<\/a>.<\/p>\n\n\n\n<p>III- Fejl i forsyningen af elektricitet eller telefonnetv\u00e6rk.<\/p>\n\n\n\n<p>IV- Skader for\u00e5rsaget af tredjeparter eller angreb p\u00e5 vores websted (vira, hackere osv.), der p\u00e5virker kvaliteten af tjenesten, og som ikke kan tilskrives <a href=\"https:\/\/sueca13flores.com\/da\/\">https:\/\/sueca13flores.com\/<\/a> eller til brugeren.<\/p>\n\n\n\n<p>V- Fejl i transmission, formidling og opbevaring eller forsendelse gennem tredjeparter af de produkter, der er indeholdt i onlinebutikken p\u00e5 https:\/\/sueca13flores.com\/.<\/p>\n\n\n\n<p>VI- Brande<\/p>\n\n\n\n<p>VII- Oversv\u00f8mmelser eller jordsk\u00e6lv<\/p>\n\n\n\n<p>VIII- Strejker eller arbejdskonflikter eller andre sociale uroligheder, der forhindrer levering af produkter og dermed opfyldelse af forpligtelserne for <a href=\"https:\/\/sueca13flores.com\/da\/\">https:\/\/sueca13flores.com\/<\/a>.<\/p>\n\n\n\n<p>IX- Mangel p\u00e5 eller utilg\u00e6ngelighed af br\u00e6ndstof eller elektrisk str\u00f8m.<\/p>\n\n\n\n<p>X- Ulykke<\/p>\n\n\n\n<p>XI- Krigskonflikter<\/p>\n\n\n\n<p>XII- Kommercielle eller andre former for embargoer.<\/p>\n\n\n\n<p>XIII- Frost eller t\u00f8rke, som ikke tillader korrekt forsyning af blomster eller planter.<\/p>\n\n\n\n<p>XIV- Enhver statslig bestemmelse.<\/p>\n\n\n\n<h2 class=\"wp-block-heading\"><strong>5. G\u00e6ldende lov og jurisdiktion<\/strong><\/h2>\n\n\n\n<p>Disse generelle k\u00f8bsbetingelser skal fortolkes i overensstemmelse med spansk lov.<\/p>\n\n\n\n<p>For at l\u00f8se tvister kan du g\u00e5 online til f\u00f8lgende europa platform:<\/p>\n\n\n\n<p><a href=\"https:\/\/ec.europa.eu\/consumers\/odr\/main\/index.cfm?event=main.home2.show&amp;lng=ES\">https:\/\/ec.europa.eu\/consumers\/odr\/main\/index.cfm?event=main.home2.show&amp;lng=ES<\/a><\/p>\n\n\n\n<p>FERNANDO QUIROZ ARANDA<br>Calle Sueca, 13 pta 8 piso 4<br>46006 ~ VALENCIA<br>NIF 24464233-F<\/p>","protected":false},"excerpt":{"rendered":"<p>Bienvenidos a las Normas de Funcionamiento y Condiciones Generales de Compra a la tienda on-line de Sueca13. Condiciones generales de compra y aceptaci\u00f3n Naturaleza de la tienda virtual Operativa de la tienda virtual Surtido de productos y aplicaci\u00f3n de los precios Realizaci\u00f3n de la compra Preparaci\u00f3n de pedidos y su distribuci\u00f3n Entrega y devoluci\u00f3n de &#8230; <a title=\"Juridisk meddelelse\" class=\"read-more\" href=\"https:\/\/sueca13flores.com\/da\/juridisk-meddelelse\/\" aria-label=\"Read more about Aviso legal\">L\u00e6s mere <\/a><\/p>","protected":false},"author":1,"featured_media":0,"parent":0,"menu_order":0,"comment_status":"closed","ping_status":"closed","template":"","meta":{"footnotes":""},"class_list":["post-326","page","type-page","status-publish"],"_links":{"self":[{"href":"https:\/\/sueca13flores.com\/da\/wp-json\/wp\/v2\/pages\/326","targetHints":{"allow":["GET"]}}],"collection":[{"href":"https:\/\/sueca13flores.com\/da\/wp-json\/wp\/v2\/pages"}],"about":[{"href":"https:\/\/sueca13flores.com\/da\/wp-json\/wp\/v2\/types\/page"}],"author":[{"embeddable":true,"href":"https:\/\/sueca13flores.com\/da\/wp-json\/wp\/v2\/users\/1"}],"replies":[{"embeddable":true,"href":"https:\/\/sueca13flores.com\/da\/wp-json\/wp\/v2\/comments?post=326"}],"version-history":[{"count":10,"href":"https:\/\/sueca13flores.com\/da\/wp-json\/wp\/v2\/pages\/326\/revisions"}],"predecessor-version":[{"id":553,"href":"https:\/\/sueca13flores.com\/da\/wp-json\/wp\/v2\/pages\/326\/revisions\/553"}],"wp:attachment":[{"href":"https:\/\/sueca13flores.com\/da\/wp-json\/wp\/v2\/media?parent=326"}],"curies":[{"name":"wp","href":"https:\/\/api.w.org\/{rel}","templated":true}]}}