{"id":486,"date":"2021-05-13T12:49:08","date_gmt":"2021-05-13T10:49:08","guid":{"rendered":"https:\/\/sueca13flores.com\/?page_id=486"},"modified":"2023-06-12T18:19:49","modified_gmt":"2023-06-12T16:19:49","slug":"haveservice","status":"publish","type":"page","link":"https:\/\/sueca13flores.com\/da\/haveservice\/","title":{"rendered":"Haveservice"},"content":{"rendered":"<p>Vi tilbyder en omfattende r\u00e5dgivning om havearbejde. Vi informerer dig om de plantesorter, der passer bedst til din plads, uanset om det er en terrasse, altan eller have, i henhold til pladsens orientering og dine vandings- og vedligeholdelsesbehov.<\/p>\n\n\n\n<p>Vi har specialiseret os i at installere vandingssystemer, besk\u00e6re tr\u00e6er, palmer og buske samt bek\u00e6mpe skadedyr og g\u00f8de.<\/p>\n\n\n\n<p>Vi r\u00e5dgiver dig om byhaver, vertikale haver og landskabspleje.<\/p>\n\n\n\n<p>Vi giver gratis, uforpligtende hjemmevurderinger.<\/p>\n\n\n\n<p>Kontakt os via <a href=\"https:\/\/sueca13flores.com\/da\/kontakt\/\" data-type=\"page\" data-id=\"272\">webformular<\/a> eller via telefon, s\u00e5 giver vi dig en tid.<\/p>","protected":false},"excerpt":{"rendered":"<p>Ofrecemos un servicio de asesoramiento integral en jardiner\u00eda. Nos encargamos de informarte de las variedades de plantas que m\u00e1s se adec\u00faan a tu espacio, sea una terraza, balc\u00f3n o jard\u00edn, seg\u00fan la orientaci\u00f3n de tu espacio y necesidades de riego y mantenimiento. Somos especialistas en colocaci\u00f3n de sistemas de riego, en poda de \u00e1rboles, palmeras, &#8230; <a title=\"Haveservice\" class=\"read-more\" href=\"https:\/\/sueca13flores.com\/da\/haveservice\/\" aria-label=\"Read more about Servicio de Jardiner\u00eda\">L\u00e6s mere <\/a><\/p>","protected":false},"author":1,"featured_media":0,"parent":0,"menu_order":0,"comment_status":"closed","ping_status":"closed","template":"","meta":{"footnotes":""},"class_list":["post-486","page","type-page","status-publish"],"_links":{"self":[{"href":"https:\/\/sueca13flores.com\/da\/wp-json\/wp\/v2\/pages\/486","targetHints":{"allow":["GET"]}}],"collection":[{"href":"https:\/\/sueca13flores.com\/da\/wp-json\/wp\/v2\/pages"}],"about":[{"href":"https:\/\/sueca13flores.com\/da\/wp-json\/wp\/v2\/types\/page"}],"author":[{"embeddable":true,"href":"https:\/\/sueca13flores.com\/da\/wp-json\/wp\/v2\/users\/1"}],"replies":[{"embeddable":true,"href":"https:\/\/sueca13flores.com\/da\/wp-json\/wp\/v2\/comments?post=486"}],"version-history":[{"count":9,"href":"https:\/\/sueca13flores.com\/da\/wp-json\/wp\/v2\/pages\/486\/revisions"}],"predecessor-version":[{"id":662,"href":"https:\/\/sueca13flores.com\/da\/wp-json\/wp\/v2\/pages\/486\/revisions\/662"}],"wp:attachment":[{"href":"https:\/\/sueca13flores.com\/da\/wp-json\/wp\/v2\/media?parent=486"}],"curies":[{"name":"wp","href":"https:\/\/api.w.org\/{rel}","templated":true}]}}