{"id":635,"date":"2023-06-07T13:33:52","date_gmt":"2023-06-07T11:33:52","guid":{"rendered":"https:\/\/sueca13flores.com\/?page_id=635"},"modified":"2023-06-16T12:06:19","modified_gmt":"2023-06-16T10:06:19","slug":"abonnementer","status":"publish","type":"page","link":"https:\/\/sueca13flores.com\/da\/abonnementer\/","title":{"rendered":"Abonnementer"},"content":{"rendered":"<p>Oplev gl\u00e6den ved at modtage friske blomster med vores eksklusive blomsterabonnement. Gl\u00e6d dine sanser, og giv liv til dit hjem eller kontor med smukke blomsterarrangementer, der er n\u00f8je udvalgt og leveret direkte til din d\u00f8r.<\/p>\r\n\r\n\r\n\r\n<p>Vores blomsterabonnement er den perfekte gave til dig eller en, du holder af. V\u00e6lg et ugentligt, to-ugentligt eller m\u00e5nedligt abonnement, og du vil modtage et i\u00f8jnefaldende nyt blomsterarrangement designet af vores dygtige blomsterhandlere.<\/p>\r\n\r\n\r\n\r\n<p>Vi v\u00e6lger s\u00e6sonbetonede og lokale blomster, n\u00e5r det er muligt, for at garantere friskhed og st\u00f8tte lokale blomsterproducenter i Valencia.<\/p>\r\n\r\n\r\n\r\n<p>Hver levering vil v\u00e6re en unik og overraskende oplevelse, designet til at fylde dit liv med farver og dufte.<\/p>\r\n\r\n\r\n\r\n<p>&nbsp;<\/p>\r\n\r\n\r\n\r\n<p>&nbsp;<\/p>\r\n\r\n\r\n\r\n<p>Derudover er vores blomsterabonnement helt fleksibelt, da du kan v\u00e6lge varigheden af dit abonnement, uanset om det er ugentligt, hver 14. dag eller m\u00e5nedligt, og du kan afmelde det uden forpligtelse, n\u00e5r du \u00f8nsker det.<\/p>\r\n<p>Udfyld den <a href=\"https:\/\/sueca13flores.com\/da\/kontakt\/\"><strong>webformular <\/strong><\/a>for mere information eller kontakt os p\u00e5 telefon.<\/p>\r\n\r\n\r\n\r\n<p>Levering i Valencia by er gratis.<\/p>\r\n\r\n\r\n\r\n\r\n\r\n<p>Tag p\u00e5 en uforglemmelig blomsterrejse med vores blomsterabonnement, og lad blomsterne lyse op i dit liv m\u00e5ned efter m\u00e5ned! Abonner i dag, og opdag gl\u00e6den ved at modtage friske blomster, der altid er anderledes!<\/p>\r\n\r\n\r\n\r\n<figure class=\"wp-block-image size-large\"><img loading=\"lazy\" decoding=\"async\" width=\"724\" height=\"1024\" class=\"wp-image-664\" src=\"https:\/\/sueca13flores.com\/wp-content\/uploads\/2023\/06\/SUSCRIPCION-724x1024.png\" alt=\"\" srcset=\"https:\/\/sueca13flores.com\/wp-content\/uploads\/2023\/06\/SUSCRIPCION-724x1024.png 724w, https:\/\/sueca13flores.com\/wp-content\/uploads\/2023\/06\/SUSCRIPCION-600x849.png 600w, https:\/\/sueca13flores.com\/wp-content\/uploads\/2023\/06\/SUSCRIPCION-212x300.png 212w, https:\/\/sueca13flores.com\/wp-content\/uploads\/2023\/06\/SUSCRIPCION-768x1086.png 768w, https:\/\/sueca13flores.com\/wp-content\/uploads\/2023\/06\/SUSCRIPCION-1086x1536.png 1086w, https:\/\/sueca13flores.com\/wp-content\/uploads\/2023\/06\/SUSCRIPCION-1448x2048.png 1448w, https:\/\/sueca13flores.com\/wp-content\/uploads\/2023\/06\/SUSCRIPCION.png 1587w\" sizes=\"auto, (max-width: 724px) 100vw, 724px\" \/><\/figure>","protected":false},"excerpt":{"rendered":"<p>Oplev gl\u00e6den ved at modtage friske blomster med vores eksklusive blomsterabonnement. Gl\u00e6d dine sanser, og giv liv til dit hjem eller kontor med smukke blomsterarrangementer, der er n\u00f8je udvalgt og leveret direkte til din d\u00f8r. Vores blomsterabonnement er den perfekte gave til dig selv eller en, du holder af. V\u00e6lg et ugentligt, to-ugentligt eller m\u00e5nedligt abonnement, ... <a title=\"Abonnementer\" class=\"read-more\" href=\"https:\/\/sueca13flores.com\/da\/abonnementer\/\" aria-label=\"L\u00e6s mere om abonnementer\">L\u00e6s mere <\/a><\/p>","protected":false},"author":2,"featured_media":0,"parent":0,"menu_order":0,"comment_status":"closed","ping_status":"closed","template":"","meta":{"footnotes":""},"class_list":["post-635","page","type-page","status-publish"],"_links":{"self":[{"href":"https:\/\/sueca13flores.com\/da\/wp-json\/wp\/v2\/pages\/635","targetHints":{"allow":["GET"]}}],"collection":[{"href":"https:\/\/sueca13flores.com\/da\/wp-json\/wp\/v2\/pages"}],"about":[{"href":"https:\/\/sueca13flores.com\/da\/wp-json\/wp\/v2\/types\/page"}],"author":[{"embeddable":true,"href":"https:\/\/sueca13flores.com\/da\/wp-json\/wp\/v2\/users\/2"}],"replies":[{"embeddable":true,"href":"https:\/\/sueca13flores.com\/da\/wp-json\/wp\/v2\/comments?post=635"}],"version-history":[{"count":5,"href":"https:\/\/sueca13flores.com\/da\/wp-json\/wp\/v2\/pages\/635\/revisions"}],"predecessor-version":[{"id":737,"href":"https:\/\/sueca13flores.com\/da\/wp-json\/wp\/v2\/pages\/635\/revisions\/737"}],"wp:attachment":[{"href":"https:\/\/sueca13flores.com\/da\/wp-json\/wp\/v2\/media?parent=635"}],"curies":[{"name":"wp","href":"https:\/\/api.w.org\/{rel}","templated":true}]}}