{"id":639,"date":"2023-06-07T13:34:48","date_gmt":"2023-06-07T11:34:48","guid":{"rendered":"https:\/\/sueca13flores.com\/?page_id=639"},"modified":"2023-06-16T12:12:51","modified_gmt":"2023-06-16T10:12:51","slug":"workshops-og-aktiviteter","status":"publish","type":"page","link":"https:\/\/sueca13flores.com\/da\/workshops-og-aktiviteter\/","title":{"rendered":"Workshops og aktiviteter\u00a0"},"content":{"rendered":"<p>Opdag din passion for blomster og h\u00e5ndlavede blomsterkreationer.<\/p>\n<p>Med vores workshops v\u00e6kkes din kreativitet, og du kommer i kontakt med naturlige materialer, som vil beruse dine sanser.<\/p>\n<p>Vi afholder gruppeworkshops hele \u00e5ret, fra terrarier, kokedamas, julekranse samt blomsterteknikker til sammens\u00e6tning af friske og konserverede blomstermidterstykker.<\/p>\n<p>Vi har en s\u00e6rlig sektion med workshops for b\u00f8rn, og du kan booke vores b\u00f8rneworkshops som f\u00f8dselsdagsgave, til en privat gruppefest eller holde \u00f8je med de gruppeworkshops, vi arrangerer til p\u00e5ske, jul og halloween, p\u00e5 de sociale medier.<\/p>\n<p>I vores workshops l\u00e6rer du at v\u00e6lge de rigtige blomster, kombinere farver og teksturer og bruge blomsterredskaber p\u00e5 en ekspertagtig m\u00e5de. Hver workshop er en mulighed for at udforske din kreative side og opdage kunsten at arbejde med blomster p\u00e5 en unik m\u00e5de.<\/p>\n<p>Ud over at l\u00e6re blomsterf\u00e6rdigheder tilbyder vores workshops ogs\u00e5 en berigende og sjov oplevelse. Du vil m\u00f8de andre blomsterentusiaster, udveksle ideer og nyde en varm og venlig atmosf\u00e6re. Under workshoppen byder vi p\u00e5 et glas \u00f8kologisk vin og hjemmelavede kroketter lavet i nabolaget.<\/p>\n<p>Sp\u00f8rg os om vores brede udvalg af blomsterworkshops, fra individuelle klasser til private gruppearrangementer, vi tilbyder ogs\u00e5 workshops med s\u00e6sonbestemte temaer, hvor du kan l\u00e6re at skabe blomsterarrangementer til jul, bryllupper, Valentinsdag og meget mere, lad din fantasi f\u00e5 frit l\u00f8b og find den perfekte blomsterworkshop til dig!<\/p>\n<p>Vi er engagerede i din tilfredshed og succes i vores workshops. Derfor bestr\u00e6ber vi os p\u00e5 at give dig en l\u00e6rerig og sp\u00e6ndende oplevelse, der inspirerer dig til at forts\u00e6tte med at udforske blomsternes verden. Vores m\u00e5l er, at du forlader vores workshops med nye f\u00e6rdigheder, selvtillid og en fornyet passion for blomsternes sk\u00f8nhed.<\/p>\n<p>G\u00e5 ikke glip af muligheden for at opdage den vidunderlige verden af blomsterworkshops sammen med os. Book din private blomsterworkshop gennem vores <a href=\"https:\/\/sueca13flores.com\/da\/kontakt\/\"><strong>kontaktformular<\/strong><\/a>eller via telefon, og inviter venner, kolleger, familie .... og g\u00f8r dig klar til at fordybe dig i en unik blomsteroplevelse. V\u00e6k din kreativitet, og lad dine h\u00e6nder skabe sk\u00f8nhed med vores blomster!\"<\/p>\n<p>&nbsp;<\/p>\n<div id='gallery-1' class='gallery galleryid-639 gallery-columns-2 gallery-size-medium'><figure class='gallery-item'>\n\t\t\t<div class='gallery-icon portrait'>\n\t\t\t\t<a href='https:\/\/sueca13flores.com\/da\/workshops-og-aktiviteter\/20221029_114223\/#main'><img loading=\"lazy\" decoding=\"async\" width=\"225\" height=\"300\" src=\"https:\/\/sueca13flores.com\/wp-content\/uploads\/2023\/06\/20221029_114223-225x300.jpg\" class=\"attachment-medium size-medium\" alt=\"\" aria-describedby=\"gallery-1-707\" srcset=\"https:\/\/sueca13flores.com\/wp-content\/uploads\/2023\/06\/20221029_114223-225x300.jpg 225w, https:\/\/sueca13flores.com\/wp-content\/uploads\/2023\/06\/20221029_114223-scaled-600x800.jpg 600w, https:\/\/sueca13flores.com\/wp-content\/uploads\/2023\/06\/20221029_114223-768x1024.jpg 768w, https:\/\/sueca13flores.com\/wp-content\/uploads\/2023\/06\/20221029_114223-1152x1536.jpg 1152w, https:\/\/sueca13flores.com\/wp-content\/uploads\/2023\/06\/20221029_114223-1536x2048.jpg 1536w, https:\/\/sueca13flores.com\/wp-content\/uploads\/2023\/06\/20221029_114223-scaled.jpg 1920w\" sizes=\"auto, (max-width: 225px) 100vw, 225px\" \/><\/a>\n\t\t\t<\/div>\n\t\t\t\t<figcaption class='wp-caption-text gallery-caption' id='gallery-1-707'>\n\t\t\t\tHalloween-workshop for b\u00f8rn\n\t\t\t\t<\/figcaption><\/figure><figure class='gallery-item'>\n\t\t\t<div class='gallery-icon portrait'>\n\t\t\t\t<a href='https:\/\/sueca13flores.com\/da\/workshops-og-aktiviteter\/20221126_114719\/#main'><img loading=\"lazy\" decoding=\"async\" width=\"225\" height=\"300\" src=\"https:\/\/sueca13flores.com\/wp-content\/uploads\/2023\/06\/20221126_114719-225x300.jpg\" class=\"attachment-medium size-medium\" alt=\"\" aria-describedby=\"gallery-1-708\" srcset=\"https:\/\/sueca13flores.com\/wp-content\/uploads\/2023\/06\/20221126_114719-225x300.jpg 225w, https:\/\/sueca13flores.com\/wp-content\/uploads\/2023\/06\/20221126_114719-scaled-600x800.jpg 600w, https:\/\/sueca13flores.com\/wp-content\/uploads\/2023\/06\/20221126_114719-768x1024.jpg 768w, https:\/\/sueca13flores.com\/wp-content\/uploads\/2023\/06\/20221126_114719-1152x1536.jpg 1152w, https:\/\/sueca13flores.com\/wp-content\/uploads\/2023\/06\/20221126_114719-1536x2048.jpg 1536w, https:\/\/sueca13flores.com\/wp-content\/uploads\/2023\/06\/20221126_114719-scaled.jpg 1920w\" sizes=\"auto, (max-width: 225px) 100vw, 225px\" \/><\/a>\n\t\t\t<\/div>\n\t\t\t\t<figcaption class='wp-caption-text gallery-caption' id='gallery-1-708'>\n\t\t\t\tJulev\u00e6rksted\n\t\t\t\t<\/figcaption><\/figure><figure class='gallery-item'>\n\t\t\t<div class='gallery-icon portrait'>\n\t\t\t\t<a href='https:\/\/sueca13flores.com\/da\/workshops-og-aktiviteter\/20221126_131054-2\/#main'><img loading=\"lazy\" decoding=\"async\" width=\"225\" height=\"300\" src=\"https:\/\/sueca13flores.com\/wp-content\/uploads\/2023\/06\/20221126_131054-1-225x300.jpg\" class=\"attachment-medium size-medium\" alt=\"\" aria-describedby=\"gallery-1-709\" srcset=\"https:\/\/sueca13flores.com\/wp-content\/uploads\/2023\/06\/20221126_131054-1-225x300.jpg 225w, https:\/\/sueca13flores.com\/wp-content\/uploads\/2023\/06\/20221126_131054-1-scaled-600x800.jpg 600w, https:\/\/sueca13flores.com\/wp-content\/uploads\/2023\/06\/20221126_131054-1-768x1024.jpg 768w, https:\/\/sueca13flores.com\/wp-content\/uploads\/2023\/06\/20221126_131054-1-1152x1536.jpg 1152w, https:\/\/sueca13flores.com\/wp-content\/uploads\/2023\/06\/20221126_131054-1-1536x2048.jpg 1536w, https:\/\/sueca13flores.com\/wp-content\/uploads\/2023\/06\/20221126_131054-1-scaled.jpg 1920w\" sizes=\"auto, (max-width: 225px) 100vw, 225px\" \/><\/a>\n\t\t\t<\/div>\n\t\t\t\t<figcaption class='wp-caption-text gallery-caption' id='gallery-1-709'>\n\t\t\t\tWorkshop om julekranse\n\t\t\t\t<\/figcaption><\/figure><figure class='gallery-item'>\n\t\t\t<div class='gallery-icon portrait'>\n\t\t\t\t<a href='https:\/\/sueca13flores.com\/da\/workshops-og-aktiviteter\/20221203_104734\/#main'><img loading=\"lazy\" decoding=\"async\" width=\"225\" height=\"300\" src=\"https:\/\/sueca13flores.com\/wp-content\/uploads\/2023\/06\/20221203_104734-225x300.jpg\" class=\"attachment-medium size-medium\" alt=\"\" aria-describedby=\"gallery-1-710\" srcset=\"https:\/\/sueca13flores.com\/wp-content\/uploads\/2023\/06\/20221203_104734-225x300.jpg 225w, https:\/\/sueca13flores.com\/wp-content\/uploads\/2023\/06\/20221203_104734-scaled-600x800.jpg 600w, https:\/\/sueca13flores.com\/wp-content\/uploads\/2023\/06\/20221203_104734-768x1024.jpg 768w, https:\/\/sueca13flores.com\/wp-content\/uploads\/2023\/06\/20221203_104734-1152x1536.jpg 1152w, https:\/\/sueca13flores.com\/wp-content\/uploads\/2023\/06\/20221203_104734-1536x2048.jpg 1536w, https:\/\/sueca13flores.com\/wp-content\/uploads\/2023\/06\/20221203_104734-scaled.jpg 1920w\" sizes=\"auto, (max-width: 225px) 100vw, 225px\" \/><\/a>\n\t\t\t<\/div>\n\t\t\t\t<figcaption class='wp-caption-text gallery-caption' id='gallery-1-710'>\n\t\t\t\tCentrepieces til workshops\n\t\t\t\t<\/figcaption><\/figure>\n\t\t<\/div>","protected":false},"excerpt":{"rendered":"<p>Descubre tu Pasi\u00f3n por las Flores y por las creaciones Florales Handmade. Con nuestros talleres despertar\u00e1s tu creatividad y estar\u00e1s en contacto con materiales naturales, que embriagar\u00e1n tus sentidos. Realizamos talleres grupales durante todo el a\u00f1o, desde terrarios, kokedamas, coronas navide\u00f1as, as\u00ed como t\u00e9cnicas florales para composici\u00f3n de centros de flor fresca y flor preservada. &#8230; <a title=\"Workshops og aktiviteter\u00a0\" class=\"read-more\" href=\"https:\/\/sueca13flores.com\/da\/workshops-og-aktiviteter\/\" aria-label=\"Read more about Talleres y Actividades\u00a0\">L\u00e6s mere <\/a><\/p>","protected":false},"author":2,"featured_media":706,"parent":0,"menu_order":0,"comment_status":"closed","ping_status":"closed","template":"","meta":{"footnotes":""},"class_list":["post-639","page","type-page","status-publish","has-post-thumbnail"],"_links":{"self":[{"href":"https:\/\/sueca13flores.com\/da\/wp-json\/wp\/v2\/pages\/639","targetHints":{"allow":["GET"]}}],"collection":[{"href":"https:\/\/sueca13flores.com\/da\/wp-json\/wp\/v2\/pages"}],"about":[{"href":"https:\/\/sueca13flores.com\/da\/wp-json\/wp\/v2\/types\/page"}],"author":[{"embeddable":true,"href":"https:\/\/sueca13flores.com\/da\/wp-json\/wp\/v2\/users\/2"}],"replies":[{"embeddable":true,"href":"https:\/\/sueca13flores.com\/da\/wp-json\/wp\/v2\/comments?post=639"}],"version-history":[{"count":5,"href":"https:\/\/sueca13flores.com\/da\/wp-json\/wp\/v2\/pages\/639\/revisions"}],"predecessor-version":[{"id":739,"href":"https:\/\/sueca13flores.com\/da\/wp-json\/wp\/v2\/pages\/639\/revisions\/739"}],"wp:featuredmedia":[{"embeddable":true,"href":"https:\/\/sueca13flores.com\/da\/wp-json\/wp\/v2\/media\/706"}],"wp:attachment":[{"href":"https:\/\/sueca13flores.com\/da\/wp-json\/wp\/v2\/media?parent=639"}],"curies":[{"name":"wp","href":"https:\/\/api.w.org\/{rel}","templated":true}]}}