{"id":641,"date":"2023-06-07T13:35:15","date_gmt":"2023-06-07T11:35:15","guid":{"rendered":"https:\/\/sueca13flores.com\/?page_id=641"},"modified":"2023-06-15T12:17:53","modified_gmt":"2023-06-15T10:17:53","slug":"blomsterdekorationer","status":"publish","type":"page","link":"https:\/\/sueca13flores.com\/da\/blomsterdekorationer\/","title":{"rendered":"Blomsterdekoration"},"content":{"rendered":"<p>Vi opfordrer dig til at g\u00e5 p\u00e5 opdagelse i en verden af unikke og f\u00e6ngslende blomsterdekorationer til dine arrangementer, temafester og gastronomiske rum. Vores tilgang er baseret p\u00e5 brugen af s\u00e6sonbetonede og lokalt producerede blomster, n\u00e5r udvalget af blomster, du har brug for, tillader det, hvilket giver et friskt, autentisk og b\u00e6redygtigt touch til hvert blomsterdesign.<\/p>\n<p>Vi skaber skr\u00e6ddersyede og tematiserede blomsterdekorationer, der passer til atmosf\u00e6ren og stilen i din begivenhed. Uanset om det er en romantisk fest, en livlig tropisk temafest eller et elegant spisested, s\u00f8rger vi for, at hver eneste detalje afspejler din kreative vision.<\/p>\n<p>Det, der adskiller os fra andre, er vores passion for s\u00e6sonbestemte og lokalt producerede blomster. Vi arbejder t\u00e6t sammen med lokale producenter for at finde de friskeste og smukkeste blomster til hver s\u00e6son. Det sikrer ikke kun kvaliteten af vores kreationer, men st\u00f8tter ogs\u00e5 lokalsamfundet og fremmer b\u00e6redygtighed.<\/p>\n<p>Vi bruger en kombination af \u00e5rstidens blomster, frodigt gr\u00f8nt og supplerende dekorative elementer til at skabe fantastiske, afbalancerede arrangementer. Vi str\u00e6ber efter at fremh\u00e6ve den naturlige sk\u00f8nhed i hver enkelt blomst og skabe kompositioner, der betager sanserne og efterlader et varigt indtryk p\u00e5 dine g\u00e6ster.<\/p>\n<p>Vores blomsterdekorationsservice til events og gastronomiske steder er meget personlig. Vi tager os tid til at l\u00e6re din smag, dine pr\u00e6ferencer og dit arrangementstema at kende og sikrer, at hver eneste blomsterdetalje passer perfekt til din vision. Fra centerpieces til blomsterbuer og guirlander - hvert blomsterelement er designet til at formidle en historie og skabe en magisk atmosf\u00e6re.<\/p>\n<p>Overrask dine g\u00e6ster eller kunder, og skab mindev\u00e6rdige oplevelser med vores blomsterdekorationer. Book en personlig konsultation, og lad os vise dig, hvordan vores friske, lokalt producerede blomster kan forvandle dine rum til en gr\u00f8n og afbalanceret ramme.<\/p>\n<p>Vov at g\u00f8re en forskel med vores blomsterdekorationer til events og gastronomiske omr\u00e5der. Fremh\u00e6v sk\u00f8nheden i \u00e5rstidens blomster og st\u00f8t lokale producenter, mens du skaber en charmerende atmosf\u00e6re.<\/p>\n<div id='gallery-1' class='gallery galleryid-641 gallery-columns-2 gallery-size-medium'><figure class='gallery-item'>\n\t\t\t<div class='gallery-icon landscape'>\n\t\t\t\t<a href='https:\/\/sueca13flores.com\/da\/blomsterdekorationer\/billede-til-bryllup\/#main'><img loading=\"lazy\" decoding=\"async\" width=\"300\" height=\"300\" src=\"https:\/\/sueca13flores.com\/wp-content\/uploads\/2023\/06\/imagen-para-boda-300x300.jpg\" class=\"attachment-medium size-medium\" alt=\"\" srcset=\"https:\/\/sueca13flores.com\/wp-content\/uploads\/2023\/06\/imagen-para-boda-300x300.jpg 300w, https:\/\/sueca13flores.com\/wp-content\/uploads\/2023\/06\/imagen-para-boda-100x100.jpg 100w, https:\/\/sueca13flores.com\/wp-content\/uploads\/2023\/06\/imagen-para-boda-600x600.jpg 600w, https:\/\/sueca13flores.com\/wp-content\/uploads\/2023\/06\/imagen-para-boda-150x150.jpg 150w, https:\/\/sueca13flores.com\/wp-content\/uploads\/2023\/06\/imagen-para-boda-768x768.jpg 768w, https:\/\/sueca13flores.com\/wp-content\/uploads\/2023\/06\/imagen-para-boda.jpg 921w\" sizes=\"auto, (max-width: 300px) 100vw, 300px\" \/><\/a>\n\t\t\t<\/div><\/figure><figure class='gallery-item'>\n\t\t\t<div class='gallery-icon landscape'>\n\t\t\t\t<a href='https:\/\/sueca13flores.com\/da\/blomsterdekorationer\/img-20211004-wa0003\/#main'><img loading=\"lazy\" decoding=\"async\" width=\"300\" height=\"200\" src=\"https:\/\/sueca13flores.com\/wp-content\/uploads\/2023\/06\/IMG-20211004-WA0003-300x200.jpg\" class=\"attachment-medium size-medium\" alt=\"\" srcset=\"https:\/\/sueca13flores.com\/wp-content\/uploads\/2023\/06\/IMG-20211004-WA0003-300x200.jpg 300w, https:\/\/sueca13flores.com\/wp-content\/uploads\/2023\/06\/IMG-20211004-WA0003-600x400.jpg 600w, https:\/\/sueca13flores.com\/wp-content\/uploads\/2023\/06\/IMG-20211004-WA0003-1024x683.jpg 1024w, https:\/\/sueca13flores.com\/wp-content\/uploads\/2023\/06\/IMG-20211004-WA0003-768x512.jpg 768w, https:\/\/sueca13flores.com\/wp-content\/uploads\/2023\/06\/IMG-20211004-WA0003-1536x1024.jpg 1536w, https:\/\/sueca13flores.com\/wp-content\/uploads\/2023\/06\/IMG-20211004-WA0003.jpg 2048w\" sizes=\"auto, (max-width: 300px) 100vw, 300px\" \/><\/a>\n\t\t\t<\/div><\/figure><figure class='gallery-item'>\n\t\t\t<div class='gallery-icon landscape'>\n\t\t\t\t<a href='https:\/\/sueca13flores.com\/da\/blomsterdekorationer\/img-20220612-wa0017\/#main'><img loading=\"lazy\" decoding=\"async\" width=\"300\" height=\"225\" src=\"https:\/\/sueca13flores.com\/wp-content\/uploads\/2023\/06\/IMG-20220612-WA0017-300x225.jpg\" class=\"attachment-medium size-medium\" alt=\"\" srcset=\"https:\/\/sueca13flores.com\/wp-content\/uploads\/2023\/06\/IMG-20220612-WA0017-300x225.jpg 300w, https:\/\/sueca13flores.com\/wp-content\/uploads\/2023\/06\/IMG-20220612-WA0017-600x450.jpg 600w, https:\/\/sueca13flores.com\/wp-content\/uploads\/2023\/06\/IMG-20220612-WA0017-1024x768.jpg 1024w, https:\/\/sueca13flores.com\/wp-content\/uploads\/2023\/06\/IMG-20220612-WA0017-768x576.jpg 768w, https:\/\/sueca13flores.com\/wp-content\/uploads\/2023\/06\/IMG-20220612-WA0017-1536x1152.jpg 1536w, https:\/\/sueca13flores.com\/wp-content\/uploads\/2023\/06\/IMG-20220612-WA0017.jpg 1600w\" sizes=\"auto, (max-width: 300px) 100vw, 300px\" \/><\/a>\n\t\t\t<\/div><\/figure><figure class='gallery-item'>\n\t\t\t<div class='gallery-icon landscape'>\n\t\t\t\t<a href='https:\/\/sueca13flores.com\/da\/blomsterdekorationer\/img-20220613-wa0051\/#main'><img loading=\"lazy\" decoding=\"async\" width=\"300\" height=\"225\" src=\"https:\/\/sueca13flores.com\/wp-content\/uploads\/2023\/06\/IMG-20220613-WA0051-300x225.jpg\" class=\"attachment-medium size-medium\" alt=\"\" srcset=\"https:\/\/sueca13flores.com\/wp-content\/uploads\/2023\/06\/IMG-20220613-WA0051-300x225.jpg 300w, https:\/\/sueca13flores.com\/wp-content\/uploads\/2023\/06\/IMG-20220613-WA0051-600x450.jpg 600w, https:\/\/sueca13flores.com\/wp-content\/uploads\/2023\/06\/IMG-20220613-WA0051-1024x768.jpg 1024w, https:\/\/sueca13flores.com\/wp-content\/uploads\/2023\/06\/IMG-20220613-WA0051-768x576.jpg 768w, https:\/\/sueca13flores.com\/wp-content\/uploads\/2023\/06\/IMG-20220613-WA0051-1536x1152.jpg 1536w, https:\/\/sueca13flores.com\/wp-content\/uploads\/2023\/06\/IMG-20220613-WA0051.jpg 1600w\" sizes=\"auto, (max-width: 300px) 100vw, 300px\" \/><\/a>\n\t\t\t<\/div><\/figure><figure class='gallery-item'>\n\t\t\t<div class='gallery-icon portrait'>\n\t\t\t\t<a href='https:\/\/sueca13flores.com\/da\/blomsterdekorationer\/img-20220614-wa0071\/#main'><img loading=\"lazy\" decoding=\"async\" width=\"135\" height=\"300\" src=\"https:\/\/sueca13flores.com\/wp-content\/uploads\/2023\/06\/IMG-20220614-WA0071-135x300.jpg\" class=\"attachment-medium size-medium\" alt=\"\" srcset=\"https:\/\/sueca13flores.com\/wp-content\/uploads\/2023\/06\/IMG-20220614-WA0071-135x300.jpg 135w, https:\/\/sueca13flores.com\/wp-content\/uploads\/2023\/06\/IMG-20220614-WA0071-600x1334.jpg 600w, https:\/\/sueca13flores.com\/wp-content\/uploads\/2023\/06\/IMG-20220614-WA0071-461x1024.jpg 461w, https:\/\/sueca13flores.com\/wp-content\/uploads\/2023\/06\/IMG-20220614-WA0071-768x1708.jpg 768w, https:\/\/sueca13flores.com\/wp-content\/uploads\/2023\/06\/IMG-20220614-WA0071-691x1536.jpg 691w, https:\/\/sueca13flores.com\/wp-content\/uploads\/2023\/06\/IMG-20220614-WA0071.jpg 921w\" sizes=\"auto, (max-width: 135px) 100vw, 135px\" \/><\/a>\n\t\t\t<\/div><\/figure>\n\t\t<\/div>\n\n<p>&nbsp;<\/p>","protected":false},"excerpt":{"rendered":"<p>Te animamos a descubrir un mundo de decoraciones florales \u00fanicas y cautivadoras para tus eventos, fiestas tem\u00e1ticas y espacios gastron\u00f3micos. Nuestro enfoque se basa en el uso de flores de temporada y de producci\u00f3n local, siempre que la variedad de flores que precises lo permitan, brindando un toque fresco , aut\u00e9ntico y sostenible a cada &#8230; <a title=\"Blomsterdekoration\" class=\"read-more\" href=\"https:\/\/sueca13flores.com\/da\/blomsterdekorationer\/\" aria-label=\"Read more about Decoraci\u00f3n Floral\">L\u00e6s mere <\/a><\/p>","protected":false},"author":2,"featured_media":728,"parent":0,"menu_order":0,"comment_status":"closed","ping_status":"closed","template":"","meta":{"footnotes":""},"class_list":["post-641","page","type-page","status-publish","has-post-thumbnail"],"_links":{"self":[{"href":"https:\/\/sueca13flores.com\/da\/wp-json\/wp\/v2\/pages\/641","targetHints":{"allow":["GET"]}}],"collection":[{"href":"https:\/\/sueca13flores.com\/da\/wp-json\/wp\/v2\/pages"}],"about":[{"href":"https:\/\/sueca13flores.com\/da\/wp-json\/wp\/v2\/types\/page"}],"author":[{"embeddable":true,"href":"https:\/\/sueca13flores.com\/da\/wp-json\/wp\/v2\/users\/2"}],"replies":[{"embeddable":true,"href":"https:\/\/sueca13flores.com\/da\/wp-json\/wp\/v2\/comments?post=641"}],"version-history":[{"count":4,"href":"https:\/\/sueca13flores.com\/da\/wp-json\/wp\/v2\/pages\/641\/revisions"}],"predecessor-version":[{"id":734,"href":"https:\/\/sueca13flores.com\/da\/wp-json\/wp\/v2\/pages\/641\/revisions\/734"}],"wp:featuredmedia":[{"embeddable":true,"href":"https:\/\/sueca13flores.com\/da\/wp-json\/wp\/v2\/media\/728"}],"wp:attachment":[{"href":"https:\/\/sueca13flores.com\/da\/wp-json\/wp\/v2\/media?parent=641"}],"curies":[{"name":"wp","href":"https:\/\/api.w.org\/{rel}","templated":true}]}}