{"id":643,"date":"2023-06-07T13:35:36","date_gmt":"2023-06-07T11:35:36","guid":{"rendered":"https:\/\/sueca13flores.com\/?page_id=643"},"modified":"2023-06-16T12:16:35","modified_gmt":"2023-06-16T10:16:35","slug":"begravelsesblomster","status":"publish","type":"page","link":"https:\/\/sueca13flores.com\/da\/begravelsesblomster\/","title":{"rendered":"Blomster til begravelse"},"content":{"rendered":"<p>I tider med tab og sorg tilbyder vi vores kollektion af begravelsesblomster og kranse som et udtryk for k\u00e6rlighed, respekt og medf\u00f8lelse.<\/p>\n<p>Vores begravelsesblomster og kranse er den perfekte blomsterhilsen til at sige farvel til en elsket og give tr\u00f8st til familie og venner. Hvert blomsterarrangement er skabt med friske blomster af h\u00f8j kvalitet, n\u00f8je udvalgt til at formidle et budskab om k\u00e6rlighed, fred og tr\u00f8st.<\/p>\n<p>Vi forst\u00e5r vigtigheden af disse delikate \u00f8jeblikke og er forpligtet til at tilbyde en respektfuld, personlig og \u00f8jeblikkelig service. Vores hjemmeside giver dig sikkerhed for at v\u00e6lge og personligg\u00f8re dit blomsterarrangement ved at tilpasse hver eneste detalje. P\u00e5 grund af den \u00f8jeblikkelige levering anbefaler vi, at du kontakter os.<b>\u00a0pr. telefon.<\/b><\/p>\n<p>Vi tilbyder dig rettidige og diskrete leveringsmuligheder, der sikrer, at dit k\u00e6rlighedsbevis kommer frem til det rigtige sted p\u00e5 det rigtige tidspunkt til tiden.<\/p>\n<p>Ud over traditionelle blomsterdekorationer og begravelseskranse giver vi dig mulighed for at tilf\u00f8je s\u00e6rlige detaljer, som f.eks. b\u00e5nd med personlige beskeder eller indarbejdelse af afd\u00f8des yndlingsblomster. Der bliver k\u00e6let for hver eneste detalje, s\u00e5 din blomsterhyldest bliver unik og meningsfuld.<\/p>\n<p>Stol p\u00e5, at vores blomsterhandler giver dig en respektfuld og meningsfuld oplevelse, n\u00e5r du v\u00e6lger begravelseskranse og blomsterarrangementer. Hyld og husk dine k\u00e6re med sk\u00f8nhed og v\u00e6rdighed gennem vores omhyggeligt udformede blomsterarrangementer.<\/p>\n<p>&nbsp;<\/p>","protected":false},"excerpt":{"rendered":"<p>I tider med tab og sorg tilbyder vi vores kollektion af begravelseskranse og begravelsesblomster som et udtryk for k\u00e6rlighed, respekt og medf\u00f8lelse. Vores begravelseskranse og begravelsesblomster er den perfekte blomsterhyldest til at sige farvel til en elsket og give tr\u00f8st til familie og venner. Hvert blomsterarrangement er skabt ... <a title=\"Blomster til begravelse\" class=\"read-more\" href=\"https:\/\/sueca13flores.com\/da\/begravelsesblomster\/\" aria-label=\"L\u00e6s mere om Blomster til begravelse\">L\u00e6s mere <\/a><\/p>","protected":false},"author":2,"featured_media":714,"parent":0,"menu_order":0,"comment_status":"closed","ping_status":"closed","template":"","meta":{"footnotes":""},"class_list":["post-643","page","type-page","status-publish","has-post-thumbnail"],"_links":{"self":[{"href":"https:\/\/sueca13flores.com\/da\/wp-json\/wp\/v2\/pages\/643","targetHints":{"allow":["GET"]}}],"collection":[{"href":"https:\/\/sueca13flores.com\/da\/wp-json\/wp\/v2\/pages"}],"about":[{"href":"https:\/\/sueca13flores.com\/da\/wp-json\/wp\/v2\/types\/page"}],"author":[{"embeddable":true,"href":"https:\/\/sueca13flores.com\/da\/wp-json\/wp\/v2\/users\/2"}],"replies":[{"embeddable":true,"href":"https:\/\/sueca13flores.com\/da\/wp-json\/wp\/v2\/comments?post=643"}],"version-history":[{"count":4,"href":"https:\/\/sueca13flores.com\/da\/wp-json\/wp\/v2\/pages\/643\/revisions"}],"predecessor-version":[{"id":740,"href":"https:\/\/sueca13flores.com\/da\/wp-json\/wp\/v2\/pages\/643\/revisions\/740"}],"wp:featuredmedia":[{"embeddable":true,"href":"https:\/\/sueca13flores.com\/da\/wp-json\/wp\/v2\/media\/714"}],"wp:attachment":[{"href":"https:\/\/sueca13flores.com\/da\/wp-json\/wp\/v2\/media?parent=643"}],"curies":[{"name":"wp","href":"https:\/\/api.w.org\/{rel}","templated":true}]}}