{"id":644,"date":"2023-06-07T13:35:49","date_gmt":"2023-06-07T11:35:49","guid":{"rendered":"https:\/\/sueca13flores.com\/?page_id=644"},"modified":"2024-10-14T10:43:44","modified_gmt":"2024-10-14T08:43:44","slug":"udlejning-af-naturlige-planter","status":"publish","type":"page","link":"https:\/\/sueca13flores.com\/da\/udlejning-af-naturlige-planter\/","title":{"rendered":"Udlejning af naturlige planter"},"content":{"rendered":"<p>Forvandl dine rum med vores eksklusive mulighed for at leje planter.<\/p>\n<p>Vi giver dig mulighed for at nyde planternes sk\u00f8nhed og friskhed ved enhver begivenhed eller fest, p\u00e5 kontoret eller i lokalet, uden at du beh\u00f8ver at k\u00f8be dem permanent. Opdag, hvordan vores planteudlejning kan give liv, stil og et strejf af gr\u00f8nt til dine rum.<\/p>\n<p>Vores samling af planter til udlejning omfatter en r\u00e6kke uds\u00f8gte og omhyggeligt udvalgte muligheder. Fra luftrensende stueplanter til smukke bregner og elegante palmer har vi det perfekte supplement til enhver stil og ethvert milj\u00f8. Uanset om du er p\u00e5 udkig efter en fantastisk fokusplante eller flere planter til at skabe en indend\u00f8rs have, har vi det, du har brug for.<\/p>\n<p>Vi tilbyder kort- og langtidsleje, s\u00e5 vi kan tilpasse os dine behov og pr\u00e6ferencer. Vi tager os ogs\u00e5 af levering og afhentning af planterne, s\u00e5 processen er problemfri, og du nemt kan nyde vores planters friskhed og sk\u00f8nhed.<\/p>\n<p>Ud over at forsk\u00f8nne dine rum giver planter ogs\u00e5 sundheds- og wellnessfordele og skaber et mere afslappende og harmonisk milj\u00f8.<\/p>\n<p>Vi tilbyder ogs\u00e5 personlig r\u00e5dgivning for at hj\u00e6lpe dig med at v\u00e6lge de bedst egnede planter i forhold til dine behov og belysningen i dine rum.<\/p>\n<p>Stol p\u00e5 vores erfaring med plantepleje og vores passion for design til at give liv og stil til dine rum med vores planteudlejning.  Du kan kontakte os<a href=\"https:\/\/sueca13flores.com\/da\/kontakt\/\"><strong> via formularen<\/strong><\/a> eller pr. telefon, og sp\u00f8rg os om de planter, du har brug for, og om de er tilg\u00e6ngelige.<\/p>\n<p>Vent ikke l\u00e6ngere med at nyde planternes friskhed og sk\u00f8nhed i dine rum. Book din planteudlejning hos os, og opdag, hvordan vores eksklusive udvalg kan give liv til dine rum. Forsk\u00f8n, inspirer og skab levende og indbydende milj\u00f8er med vores planteudlejning af h\u00f8j kvalitet.<\/p>\n<div id='gallery-1' class='gallery galleryid-644 gallery-columns-2 gallery-size-medium'><figure class='gallery-item'>\n\t\t\t<div class='gallery-icon portrait'>\n\t\t\t\t<a href='https:\/\/sueca13flores.com\/da\/udlejning-af-naturlige-planter\/20230524_120425\/#main'><img loading=\"lazy\" decoding=\"async\" width=\"225\" height=\"300\" src=\"https:\/\/sueca13flores.com\/wp-content\/uploads\/2023\/06\/20230524_120425-225x300.jpg\" class=\"attachment-medium size-medium\" alt=\"\" srcset=\"https:\/\/sueca13flores.com\/wp-content\/uploads\/2023\/06\/20230524_120425-225x300.jpg 225w, https:\/\/sueca13flores.com\/wp-content\/uploads\/2023\/06\/20230524_120425-scaled-600x800.jpg 600w, https:\/\/sueca13flores.com\/wp-content\/uploads\/2023\/06\/20230524_120425-768x1024.jpg 768w, https:\/\/sueca13flores.com\/wp-content\/uploads\/2023\/06\/20230524_120425-1152x1536.jpg 1152w, https:\/\/sueca13flores.com\/wp-content\/uploads\/2023\/06\/20230524_120425-1536x2048.jpg 1536w, https:\/\/sueca13flores.com\/wp-content\/uploads\/2023\/06\/20230524_120425-scaled.jpg 1920w\" sizes=\"auto, (max-width: 225px) 100vw, 225px\" \/><\/a>\n\t\t\t<\/div><\/figure><figure class='gallery-item'>\n\t\t\t<div class='gallery-icon portrait'>\n\t\t\t\t<a href='https:\/\/sueca13flores.com\/da\/udlejning-af-naturlige-planter\/20230606_110350\/#main'><img loading=\"lazy\" decoding=\"async\" width=\"225\" height=\"300\" src=\"https:\/\/sueca13flores.com\/wp-content\/uploads\/2023\/06\/20230606_110350-225x300.jpg\" class=\"attachment-medium size-medium\" alt=\"\" srcset=\"https:\/\/sueca13flores.com\/wp-content\/uploads\/2023\/06\/20230606_110350-225x300.jpg 225w, https:\/\/sueca13flores.com\/wp-content\/uploads\/2023\/06\/20230606_110350-scaled-600x800.jpg 600w, https:\/\/sueca13flores.com\/wp-content\/uploads\/2023\/06\/20230606_110350-768x1024.jpg 768w, https:\/\/sueca13flores.com\/wp-content\/uploads\/2023\/06\/20230606_110350-1152x1536.jpg 1152w, https:\/\/sueca13flores.com\/wp-content\/uploads\/2023\/06\/20230606_110350-1536x2048.jpg 1536w, https:\/\/sueca13flores.com\/wp-content\/uploads\/2023\/06\/20230606_110350-scaled.jpg 1920w\" sizes=\"auto, (max-width: 225px) 100vw, 225px\" \/><\/a>\n\t\t\t<\/div><\/figure><figure class='gallery-item'>\n\t\t\t<div class='gallery-icon portrait'>\n\t\t\t\t<a href='https:\/\/sueca13flores.com\/da\/udlejning-af-naturlige-planter\/20230606_110517\/#main'><img loading=\"lazy\" decoding=\"async\" width=\"225\" height=\"300\" src=\"https:\/\/sueca13flores.com\/wp-content\/uploads\/2023\/06\/20230606_110517-225x300.jpg\" class=\"attachment-medium size-medium\" alt=\"\" srcset=\"https:\/\/sueca13flores.com\/wp-content\/uploads\/2023\/06\/20230606_110517-225x300.jpg 225w, https:\/\/sueca13flores.com\/wp-content\/uploads\/2023\/06\/20230606_110517-scaled-600x800.jpg 600w, https:\/\/sueca13flores.com\/wp-content\/uploads\/2023\/06\/20230606_110517-768x1024.jpg 768w, https:\/\/sueca13flores.com\/wp-content\/uploads\/2023\/06\/20230606_110517-1152x1536.jpg 1152w, https:\/\/sueca13flores.com\/wp-content\/uploads\/2023\/06\/20230606_110517-1536x2048.jpg 1536w, https:\/\/sueca13flores.com\/wp-content\/uploads\/2023\/06\/20230606_110517-scaled.jpg 1920w\" sizes=\"auto, (max-width: 225px) 100vw, 225px\" \/><\/a>\n\t\t\t<\/div><\/figure><figure class='gallery-item'>\n\t\t\t<div class='gallery-icon portrait'>\n\t\t\t\t<a href='https:\/\/sueca13flores.com\/da\/udlejning-af-naturlige-planter\/20230606_110853\/#main'><img loading=\"lazy\" decoding=\"async\" width=\"225\" height=\"300\" src=\"https:\/\/sueca13flores.com\/wp-content\/uploads\/2023\/06\/20230606_110853-225x300.jpg\" class=\"attachment-medium size-medium\" alt=\"\" srcset=\"https:\/\/sueca13flores.com\/wp-content\/uploads\/2023\/06\/20230606_110853-225x300.jpg 225w, https:\/\/sueca13flores.com\/wp-content\/uploads\/2023\/06\/20230606_110853-scaled-600x800.jpg 600w, https:\/\/sueca13flores.com\/wp-content\/uploads\/2023\/06\/20230606_110853-768x1024.jpg 768w, https:\/\/sueca13flores.com\/wp-content\/uploads\/2023\/06\/20230606_110853-1152x1536.jpg 1152w, https:\/\/sueca13flores.com\/wp-content\/uploads\/2023\/06\/20230606_110853-1536x2048.jpg 1536w, https:\/\/sueca13flores.com\/wp-content\/uploads\/2023\/06\/20230606_110853-scaled.jpg 1920w\" sizes=\"auto, (max-width: 225px) 100vw, 225px\" \/><\/a>\n\t\t\t<\/div><\/figure>\n\t\t<\/div>","protected":false},"excerpt":{"rendered":"<p>Transforma tus espacios con nuestra exclusiva opci\u00f3n de alquiler de plantas. Te ofrecemos la oportunidad de disfrutar de la belleza y frescura de las plantas en cualquier evento o celebraci\u00f3n, oficina o espacios sin la necesidad de adquirirlas permanentemente. Descubre c\u00f3mo nuestro servicio de alquiler de plantas puede dar vida, estilo y un toque verde &#8230; <a title=\"Udlejning af naturlige planter\" class=\"read-more\" href=\"https:\/\/sueca13flores.com\/da\/udlejning-af-naturlige-planter\/\" aria-label=\"Read more about Alquiler de Plantas Naturales\">L\u00e6s mere <\/a><\/p>","protected":false},"author":2,"featured_media":717,"parent":0,"menu_order":0,"comment_status":"closed","ping_status":"closed","template":"","meta":{"footnotes":""},"class_list":["post-644","page","type-page","status-publish","has-post-thumbnail"],"_links":{"self":[{"href":"https:\/\/sueca13flores.com\/da\/wp-json\/wp\/v2\/pages\/644","targetHints":{"allow":["GET"]}}],"collection":[{"href":"https:\/\/sueca13flores.com\/da\/wp-json\/wp\/v2\/pages"}],"about":[{"href":"https:\/\/sueca13flores.com\/da\/wp-json\/wp\/v2\/types\/page"}],"author":[{"embeddable":true,"href":"https:\/\/sueca13flores.com\/da\/wp-json\/wp\/v2\/users\/2"}],"replies":[{"embeddable":true,"href":"https:\/\/sueca13flores.com\/da\/wp-json\/wp\/v2\/comments?post=644"}],"version-history":[{"count":4,"href":"https:\/\/sueca13flores.com\/da\/wp-json\/wp\/v2\/pages\/644\/revisions"}],"predecessor-version":[{"id":1224,"href":"https:\/\/sueca13flores.com\/da\/wp-json\/wp\/v2\/pages\/644\/revisions\/1224"}],"wp:featuredmedia":[{"embeddable":true,"href":"https:\/\/sueca13flores.com\/da\/wp-json\/wp\/v2\/media\/717"}],"wp:attachment":[{"href":"https:\/\/sueca13flores.com\/da\/wp-json\/wp\/v2\/media?parent=644"}],"curies":[{"name":"wp","href":"https:\/\/api.w.org\/{rel}","templated":true}]}}