{"id":647,"date":"2023-06-07T13:36:10","date_gmt":"2023-06-07T11:36:10","guid":{"rendered":"https:\/\/sueca13flores.com\/?page_id=647"},"modified":"2023-06-16T12:30:29","modified_gmt":"2023-06-16T10:30:29","slug":"virksomheder-og-begivenheder","status":"publish","type":"page","link":"https:\/\/sueca13flores.com\/da\/virksomheder-og-begivenheder\/","title":{"rendered":"Virksomheder og begivenheder"},"content":{"rendered":"<p>Vi tilbyder en enest\u00e5ende service med blomsterarrangementer og vedligeholdelse af planter til dit kontor, ventev\u00e6relser, messestande, showrooms og firmaarrangementer. Oplev, hvordan vores friske blomster- og planteeksperter kan forvandle dine forretningslokaler til elegante, indbydende og livlige milj\u00f8er.<\/p>\n<p>Vi har ogs\u00e5 et udvalg af kunstige planter af h\u00f8j kvalitet med en us\u00e6dvanlig naturlig finish i kokosfibre og fyrretr\u00e6sbark.<\/p>\n<p>Vores skr\u00e6ddersyede blomsterarrangementer er designet med pr\u00e6cision og sans for detaljer, s\u00e5 de afspejler din virksomheds essens og image. Fra elegante og moderne kompositioner til mere livlige og farverige arrangementer tilpasser vi os dine pr\u00e6ferencer og den atmosf\u00e6re, du \u00f8nsker. Hvert arrangement er skabt med friske blomster af h\u00f8j kvalitet, hvilket sikrer et fantastisk og langtidsholdbart udseende.<\/p>\n<p>Ud over blomsterarrangementer tilbyder vi ogs\u00e5 en komplet plantevedligeholdelsesservice for at sikre, at dine rum forbliver gr\u00f8nne og sunde. Vores team af planteeksperter s\u00f8rger for vanding, besk\u00e6ring og generel pleje af dine planter, s\u00e5 de altid tager sig bedst muligt ud. Vi tager os af det hele, s\u00e5 du kan fokusere p\u00e5 det, der er vigtigst: din virksomhed.<\/p>\n<p>Vores service inden for blomsterarrangementer og plantevedligeholdelse er fleksibel og skr\u00e6ddersyet til dine behov. Uanset om du har brug for et blomsterarrangement til en s\u00e6rlig lejlighed eller et regelm\u00e6ssigt vedligeholdelsesprogram, er vi her for at give dig skr\u00e6ddersyede l\u00f8sninger. Ugentlige, to-ugentlige og m\u00e5nedlige blomsterabonnementer er ogs\u00e5 tilg\u00e6ngelige. Levering er gratis i Valencia by.<\/p>\n<p>Vores team st\u00e5r til r\u00e5dighed for at lytte til dine behov, besvare dine sp\u00f8rgsm\u00e5l og give ekspertr\u00e5d om valg af blomsterarrangementer og planter, der passer til dine rum og forretningsm\u00e5l.<\/p>\n<p>G\u00e5 ikke glip af muligheden for at imponere dine kunder, medarbejdere og forretningspartnere med vores blomsterarrangementer og planter af h\u00f8jeste kvalitet. Opdag, hvordan vores blomsterarrangementer og vedligeholdelse af planter kan forbedre din virksomheds image. Vi kan ogs\u00e5 r\u00e5dgive dig om firmagaver som f.eks. f\u00f8dsler, jubil\u00e6er, pensioneringer og d\u00f8dsfald.<\/p>\n<p>Kontakt os via <a href=\"https:\/\/sueca13flores.com\/da\/kontakt\/\"><strong>webformular <\/strong><\/a>eller pr. telefon og bestil en gratis konsultation. Lad vores team af blomster- og planteeksperter s\u00f8rge for at skabe en behagelig og professionel atmosf\u00e6re p\u00e5 dit kontor, din messestand eller dit firmaarrangement.<\/p>\n<p>&nbsp;<\/p>","protected":false},"excerpt":{"rendered":"<p>Vi tilbyder en enest\u00e5ende service med blomsterarrangementer og vedligeholdelse af planter til dit kontor, ventev\u00e6relser, messestande, showrooms og firmaarrangementer. Oplev, hvordan vores friske blomster- og planteeksperter kan forvandle dine forretningsomr\u00e5der til elegante, indbydende og livlige milj\u00f8er. Vi har ogs\u00e5 en r\u00e6kke ... <a title=\"Virksomheder og begivenheder\" class=\"read-more\" href=\"https:\/\/sueca13flores.com\/da\/virksomheder-og-begivenheder\/\" aria-label=\"L\u00e6s mere om virksomheder og arrangementer\">L\u00e6s mere <\/a><\/p>","protected":false},"author":2,"featured_media":724,"parent":0,"menu_order":0,"comment_status":"closed","ping_status":"closed","template":"","meta":{"footnotes":""},"class_list":["post-647","page","type-page","status-publish","has-post-thumbnail"],"_links":{"self":[{"href":"https:\/\/sueca13flores.com\/da\/wp-json\/wp\/v2\/pages\/647","targetHints":{"allow":["GET"]}}],"collection":[{"href":"https:\/\/sueca13flores.com\/da\/wp-json\/wp\/v2\/pages"}],"about":[{"href":"https:\/\/sueca13flores.com\/da\/wp-json\/wp\/v2\/types\/page"}],"author":[{"embeddable":true,"href":"https:\/\/sueca13flores.com\/da\/wp-json\/wp\/v2\/users\/2"}],"replies":[{"embeddable":true,"href":"https:\/\/sueca13flores.com\/da\/wp-json\/wp\/v2\/comments?post=647"}],"version-history":[{"count":5,"href":"https:\/\/sueca13flores.com\/da\/wp-json\/wp\/v2\/pages\/647\/revisions"}],"predecessor-version":[{"id":742,"href":"https:\/\/sueca13flores.com\/da\/wp-json\/wp\/v2\/pages\/647\/revisions\/742"}],"wp:featuredmedia":[{"embeddable":true,"href":"https:\/\/sueca13flores.com\/da\/wp-json\/wp\/v2\/media\/724"}],"wp:attachment":[{"href":"https:\/\/sueca13flores.com\/da\/wp-json\/wp\/v2\/media?parent=647"}],"curies":[{"name":"wp","href":"https:\/\/api.w.org\/{rel}","templated":true}]}}