{"id":1126,"date":"2024-05-02T23:48:31","date_gmt":"2024-05-02T21:48:31","guid":{"rendered":"https:\/\/sueca13flores.com\/?post_type=product&#038;p=1126"},"modified":"2025-05-16T08:23:33","modified_gmt":"2025-05-16T06:23:33","slug":"blomster-taske","status":"publish","type":"product","link":"https:\/\/sueca13flores.com\/da\/product-2\/blomster-taske\/","title":{"rendered":"Blomster taske"},"content":{"rendered":"","protected":false},"excerpt":{"rendered":"<p>&nbsp;<\/p>\n<p><span style=\"vertical-align: inherit;\"><span style=\"vertical-align: inherit;\">Smuk lille papkasse med h\u00e5ndtag, lavet af friske blomster i forskellige farver. En perfekt gave til m\u00f8dre, der elsker blomster til at tage med. Du kan tilf\u00f8je en kort dedikation gratis.<\/span><\/span><\/p>\n<p><span style=\"vertical-align: inherit;\"><span style=\"vertical-align: inherit;\">Farverne og blomsterne kan variere alt efter tilg\u00e6ngelighed, og det samme g\u00e6lder papkasserne, s\u00e5 den harmoniske \u00e6stetik i billedets komposition bevares.<\/span><\/span><\/p>","protected":false},"featured_media":1130,"comment_status":"closed","ping_status":"closed","template":"","meta":[],"product_brand":[],"product_cat":[38,42],"product_tag":[],"class_list":{"0":"post-1126","1":"product","2":"type-product","3":"status-publish","4":"has-post-thumbnail","6":"product_cat-centros-y-cestas-de-flores","7":"product_cat-dia-de-la-madre","9":"first","10":"instock","11":"taxable","12":"shipping-taxable","13":"purchasable","14":"product-type-simple"},"_links":{"self":[{"href":"https:\/\/sueca13flores.com\/da\/wp-json\/wp\/v2\/product\/1126","targetHints":{"allow":["GET"]}}],"collection":[{"href":"https:\/\/sueca13flores.com\/da\/wp-json\/wp\/v2\/product"}],"about":[{"href":"https:\/\/sueca13flores.com\/da\/wp-json\/wp\/v2\/types\/product"}],"replies":[{"embeddable":true,"href":"https:\/\/sueca13flores.com\/da\/wp-json\/wp\/v2\/comments?post=1126"}],"wp:featuredmedia":[{"embeddable":true,"href":"https:\/\/sueca13flores.com\/da\/wp-json\/wp\/v2\/media\/1130"}],"wp:attachment":[{"href":"https:\/\/sueca13flores.com\/da\/wp-json\/wp\/v2\/media?parent=1126"}],"wp:term":[{"taxonomy":"product_brand","embeddable":true,"href":"https:\/\/sueca13flores.com\/da\/wp-json\/wp\/v2\/product_brand?post=1126"},{"taxonomy":"product_cat","embeddable":true,"href":"https:\/\/sueca13flores.com\/da\/wp-json\/wp\/v2\/product_cat?post=1126"},{"taxonomy":"product_tag","embeddable":true,"href":"https:\/\/sueca13flores.com\/da\/wp-json\/wp\/v2\/product_tag?post=1126"}],"curies":[{"name":"wp","href":"https:\/\/api.w.org\/{rel}","templated":true}]}}