{"id":198,"date":"2020-11-27T22:41:31","date_gmt":"2020-11-27T21:41:31","guid":{"rendered":"https:\/\/sueca13flores.com\/?post_type=product&#038;p=198"},"modified":"2025-07-29T09:41:59","modified_gmt":"2025-07-29T07:41:59","slug":"konserveret-blomsterring","status":"publish","type":"product","link":"https:\/\/sueca13flores.com\/da\/product-2\/konserveret-blomsterring\/","title":{"rendered":"Konserveret blomsterring"},"content":{"rendered":"<p><span style=\"vertical-align: inherit;\"><span style=\"vertical-align: inherit;\">Disse smukke blomster\u00f8reringe har den s\u00e6rlige egenskab, at de er lavet med konserverede naturlige blomster, en t\u00f8rreteknik, der g\u00f8r, at de kan holde sig s\u00e5 smukke i lang tid. Ringen er lavet af eucalyptus cinerea, roser og bomuld. S\u00f8dme og delikatesse i sin reneste form i disse bl\u00f8de toner.<\/span><\/span><\/p>\n<p><span style=\"vertical-align: inherit;\"><span style=\"vertical-align: inherit;\">Hvis du gerne vil have en h\u00f8jere tone eller en anden type blomst, kan du bestille den hos os. Alle \u00f8reringe er h\u00e5ndlavede, unikke og eksklusive.<\/span><\/span><\/p>","protected":false},"excerpt":{"rendered":"<p><span style=\"vertical-align: inherit;\"><span style=\"vertical-align: inherit;\">Disse smukke blomster\u00f8reringe har den s\u00e6rlige egenskab, at de er lavet med konserverede naturlige blomster, en t\u00f8rreteknik, der g\u00f8r, at de kan holde sig s\u00e5 smukke i lang tid. Ringen er lavet af eucalyptus cinerea, roser og bomuld. S\u00f8dme og delikatesse i sin reneste form i disse bl\u00f8de toner.<\/span><\/span><\/p>\n<p><span style=\"vertical-align: inherit;\"><span style=\"vertical-align: inherit;\">Hvis du gerne vil have en h\u00f8jere tone eller en anden type blomst, kan du bestille den hos os. Alle \u00f8reringe er h\u00e5ndlavede, unikke og eksklusive.<\/span><\/span><\/p>","protected":false},"featured_media":199,"comment_status":"closed","ping_status":"closed","template":"","meta":[],"product_brand":[],"product_cat":[21],"product_tag":[],"class_list":{"0":"post-198","1":"product","2":"type-product","3":"status-publish","4":"has-post-thumbnail","6":"product_cat-flores-preservadas","8":"first","9":"onbackorder","10":"taxable","11":"shipping-taxable","12":"purchasable","13":"product-type-simple"},"_links":{"self":[{"href":"https:\/\/sueca13flores.com\/da\/wp-json\/wp\/v2\/product\/198","targetHints":{"allow":["GET"]}}],"collection":[{"href":"https:\/\/sueca13flores.com\/da\/wp-json\/wp\/v2\/product"}],"about":[{"href":"https:\/\/sueca13flores.com\/da\/wp-json\/wp\/v2\/types\/product"}],"replies":[{"embeddable":true,"href":"https:\/\/sueca13flores.com\/da\/wp-json\/wp\/v2\/comments?post=198"}],"wp:featuredmedia":[{"embeddable":true,"href":"https:\/\/sueca13flores.com\/da\/wp-json\/wp\/v2\/media\/199"}],"wp:attachment":[{"href":"https:\/\/sueca13flores.com\/da\/wp-json\/wp\/v2\/media?parent=198"}],"wp:term":[{"taxonomy":"product_brand","embeddable":true,"href":"https:\/\/sueca13flores.com\/da\/wp-json\/wp\/v2\/product_brand?post=198"},{"taxonomy":"product_cat","embeddable":true,"href":"https:\/\/sueca13flores.com\/da\/wp-json\/wp\/v2\/product_cat?post=198"},{"taxonomy":"product_tag","embeddable":true,"href":"https:\/\/sueca13flores.com\/da\/wp-json\/wp\/v2\/product_tag?post=198"}],"curies":[{"name":"wp","href":"https:\/\/api.w.org\/{rel}","templated":true}]}}