{"id":2065,"date":"2024-09-10T10:15:12","date_gmt":"2024-09-10T08:15:12","guid":{"rendered":"https:\/\/sueca13flores.com\/?post_type=product&#038;p=2065"},"modified":"2025-07-17T11:00:41","modified_gmt":"2025-07-17T09:00:41","slug":"portugisisk-handlavet-gryde-salmao","status":"publish","type":"product","link":"https:\/\/sueca13flores.com\/da\/product-2\/portugisisk-handlavet-gryde-salmao\/","title":{"rendered":"H\u00e5ndlavet portugisisk Salm\u00e2o-krukke"},"content":{"rendered":"","protected":false},"excerpt":{"rendered":"<p><span style=\"vertical-align: inherit;\">Smuk h\u00e5ndlavet krukke af portugisisk keramik med originalt design og glasur.\u00a0<\/span><\/p>\n<p><span style=\"vertical-align: inherit;\">Fremstillet af keramiske materialer af h\u00f8jeste kvalitet, som garanterer, at vores potter er modstandsdygtige og holdbare. G\u00f8r dine planter til hovedpersoner, og giv dit hjem et strejf af s\u00e6rpr\u00e6g med vores portugisiske keramikpotter. Disse h\u00e5ndlavede stykker vil tilf\u00f8je en note af autenticitet og varme til ethvert milj\u00f8 og skabe et rum fuld af charme og originalitet.<\/span><\/p>\n<p><span style=\"vertical-align: inherit;\">Omtrentlige m\u00e5l:<\/span><\/p>\n<p><span style=\"vertical-align: inherit;\">14 cm h\u00f8jde 15 cm diameter p\u00e5 mundingen<\/span><\/p>\n<p><span style=\"vertical-align: inherit;\">Anturiumplante medf\u00f8lger ikke.<\/span><\/p>\n<p>&nbsp;<\/p>","protected":false},"featured_media":2066,"comment_status":"closed","ping_status":"closed","template":"","meta":[],"product_brand":[],"product_cat":[23],"product_tag":[],"class_list":{"0":"post-2065","1":"product","2":"type-product","3":"status-publish","4":"has-post-thumbnail","6":"product_cat-complementos","8":"first","9":"instock","10":"taxable","11":"shipping-taxable","12":"purchasable","13":"product-type-simple"},"_links":{"self":[{"href":"https:\/\/sueca13flores.com\/da\/wp-json\/wp\/v2\/product\/2065","targetHints":{"allow":["GET"]}}],"collection":[{"href":"https:\/\/sueca13flores.com\/da\/wp-json\/wp\/v2\/product"}],"about":[{"href":"https:\/\/sueca13flores.com\/da\/wp-json\/wp\/v2\/types\/product"}],"replies":[{"embeddable":true,"href":"https:\/\/sueca13flores.com\/da\/wp-json\/wp\/v2\/comments?post=2065"}],"wp:featuredmedia":[{"embeddable":true,"href":"https:\/\/sueca13flores.com\/da\/wp-json\/wp\/v2\/media\/2066"}],"wp:attachment":[{"href":"https:\/\/sueca13flores.com\/da\/wp-json\/wp\/v2\/media?parent=2065"}],"wp:term":[{"taxonomy":"product_brand","embeddable":true,"href":"https:\/\/sueca13flores.com\/da\/wp-json\/wp\/v2\/product_brand?post=2065"},{"taxonomy":"product_cat","embeddable":true,"href":"https:\/\/sueca13flores.com\/da\/wp-json\/wp\/v2\/product_cat?post=2065"},{"taxonomy":"product_tag","embeddable":true,"href":"https:\/\/sueca13flores.com\/da\/wp-json\/wp\/v2\/product_tag?post=2065"}],"curies":[{"name":"wp","href":"https:\/\/api.w.org\/{rel}","templated":true}]}}