{"id":2265,"date":"2024-10-14T18:35:43","date_gmt":"2024-10-14T16:35:43","guid":{"rendered":"https:\/\/sueca13flores.com\/?post_type=product&#038;p=2265"},"modified":"2026-02-19T17:29:04","modified_gmt":"2026-02-19T16:29:04","slug":"sansevieria-i-jutekurv","status":"publish","type":"product","link":"https:\/\/sueca13flores.com\/da\/product-2\/sansevieria-i-jutekurv\/","title":{"rendered":"Sansevieria i keramisk potte"},"content":{"rendered":"","protected":false},"excerpt":{"rendered":"<p>&nbsp;<\/p>\n<p>Denne flirtende, h\u00e5rdf\u00f8re plante er kendt som sansevieria eller Skt. Georgs sv\u00e6rd, og det er en h\u00e5rdf\u00f8r plante, der t\u00e5ler udend\u00f8rs sol og ogs\u00e5 kan leve indend\u00f8rs med masser af naturligt lys.<br \/>\nSubstratet skal have lov til at l\u00f8be helt ud, f\u00f8r der vandes igen. Undlad at vande rodzonen. Den bliver glad med lidt pleje og respekt for disse tips.<\/p>\n<p>Den er ca. 30-35 cm h\u00f8j og leveres med en stilfuld keramikpotte som dekoration. Den kr\u00e6ver ikke omplantning, s\u00e5 du kan nyde den med det samme, som gave eller til dig selv.<br \/>\nDen renser atmosf\u00e6ren og udsmykker ethvert rum uden noget arbejde.<\/p>\n<p>Du kan tilf\u00f8je en kort dedikation gratis. Krukkens stil kan variere afh\u00e6ngigt af billedet.<\/p>","protected":false},"featured_media":3479,"comment_status":"open","ping_status":"closed","template":"","meta":[],"product_brand":[],"product_cat":[22],"product_tag":[],"class_list":{"0":"post-2265","1":"product","2":"type-product","3":"status-publish","4":"has-post-thumbnail","6":"product_cat-plantas","8":"first","9":"instock","10":"taxable","11":"shipping-taxable","12":"purchasable","13":"product-type-simple"},"_links":{"self":[{"href":"https:\/\/sueca13flores.com\/da\/wp-json\/wp\/v2\/product\/2265","targetHints":{"allow":["GET"]}}],"collection":[{"href":"https:\/\/sueca13flores.com\/da\/wp-json\/wp\/v2\/product"}],"about":[{"href":"https:\/\/sueca13flores.com\/da\/wp-json\/wp\/v2\/types\/product"}],"replies":[{"embeddable":true,"href":"https:\/\/sueca13flores.com\/da\/wp-json\/wp\/v2\/comments?post=2265"}],"wp:featuredmedia":[{"embeddable":true,"href":"https:\/\/sueca13flores.com\/da\/wp-json\/wp\/v2\/media\/3479"}],"wp:attachment":[{"href":"https:\/\/sueca13flores.com\/da\/wp-json\/wp\/v2\/media?parent=2265"}],"wp:term":[{"taxonomy":"product_brand","embeddable":true,"href":"https:\/\/sueca13flores.com\/da\/wp-json\/wp\/v2\/product_brand?post=2265"},{"taxonomy":"product_cat","embeddable":true,"href":"https:\/\/sueca13flores.com\/da\/wp-json\/wp\/v2\/product_cat?post=2265"},{"taxonomy":"product_tag","embeddable":true,"href":"https:\/\/sueca13flores.com\/da\/wp-json\/wp\/v2\/product_tag?post=2265"}],"curies":[{"name":"wp","href":"https:\/\/api.w.org\/{rel}","templated":true}]}}