{"id":2400,"date":"2024-11-25T20:19:44","date_gmt":"2024-11-25T19:19:44","guid":{"rendered":"https:\/\/sueca13flores.com\/?post_type=product&#038;p=2400"},"modified":"2025-12-16T17:36:36","modified_gmt":"2025-12-16T16:36:36","slug":"workshop-om-julekranse-30-11-kl-18-20","status":"publish","type":"product","link":"https:\/\/sueca13flores.com\/da\/product-2\/workshop-om-julekranse-30-11-kl-18-20\/","title":{"rendered":"Workshop: Borddekorationer til b\u00f8rn 13\/12 kl. 17.30"},"content":{"rendered":"","protected":false},"excerpt":{"rendered":"<p>Reserver din plads til denne sjove workshop om borddekorationer for b\u00f8rn i alderen 5 til 12 \u00e5r.  De l\u00e6rer blomsterbinderi-teknikker og laver deres egne borddekorationer til at pynte op til jul. Vi bruger naturlige og duftende materialer som gran, eukalyptus, thuja og alle former for duftende og \u00f8kologiske julepynt. Og s\u00e5 lader vi deres fantasi f\u00e5 frit l\u00f8b.<\/p>\n<p>Workshoppen inkluderer alt materiale og en morgenmad for at genopbygge kr\u00e6fterne.<\/p>\n<p>&nbsp;<\/p>","protected":false},"featured_media":3305,"comment_status":"open","ping_status":"closed","template":"","meta":[],"product_brand":[],"product_cat":[39],"product_tag":[],"class_list":{"0":"post-2400","1":"product","2":"type-product","3":"status-publish","4":"has-post-thumbnail","6":"product_cat-navidad","8":"first","9":"outofstock","10":"taxable","11":"shipping-taxable","12":"purchasable","13":"product-type-simple"},"_links":{"self":[{"href":"https:\/\/sueca13flores.com\/da\/wp-json\/wp\/v2\/product\/2400","targetHints":{"allow":["GET"]}}],"collection":[{"href":"https:\/\/sueca13flores.com\/da\/wp-json\/wp\/v2\/product"}],"about":[{"href":"https:\/\/sueca13flores.com\/da\/wp-json\/wp\/v2\/types\/product"}],"replies":[{"embeddable":true,"href":"https:\/\/sueca13flores.com\/da\/wp-json\/wp\/v2\/comments?post=2400"}],"wp:featuredmedia":[{"embeddable":true,"href":"https:\/\/sueca13flores.com\/da\/wp-json\/wp\/v2\/media\/3305"}],"wp:attachment":[{"href":"https:\/\/sueca13flores.com\/da\/wp-json\/wp\/v2\/media?parent=2400"}],"wp:term":[{"taxonomy":"product_brand","embeddable":true,"href":"https:\/\/sueca13flores.com\/da\/wp-json\/wp\/v2\/product_brand?post=2400"},{"taxonomy":"product_cat","embeddable":true,"href":"https:\/\/sueca13flores.com\/da\/wp-json\/wp\/v2\/product_cat?post=2400"},{"taxonomy":"product_tag","embeddable":true,"href":"https:\/\/sueca13flores.com\/da\/wp-json\/wp\/v2\/product_tag?post=2400"}],"curies":[{"name":"wp","href":"https:\/\/api.w.org\/{rel}","templated":true}]}}