{"id":2496,"date":"2025-01-26T19:44:31","date_gmt":"2025-01-26T18:44:31","guid":{"rendered":"https:\/\/sueca13flores.com\/?post_type=product&#038;p=2496"},"modified":"2026-02-19T17:28:35","modified_gmt":"2026-02-19T16:28:35","slug":"bombonera-af-konserverede-roser","status":"publish","type":"product","link":"https:\/\/sueca13flores.com\/da\/product-2\/bombonera-af-konserverede-roser\/","title":{"rendered":"Mini konserveret rose-bombonniere"},"content":{"rendered":"","protected":false},"excerpt":{"rendered":"<p>&nbsp;<\/p>\n<p>Denne smukke og flirtende bonbonni\u00e8re er en elegant og langtidsholdbar detalje af konserverede r\u00f8de roser, paniculata og gr\u00f8nne planter.<\/p>\n<p>En h\u00e5ndlavet komposition lavet med omhu og opm\u00e6rksomhed, hvor man v\u00e6lger de bedste roser for at kunne give al passionen og k\u00e6rligheden uden at sige et ord.<\/p>\n<p>Konserverede blomster forbliver smukke i lang tid, hvis de ikke uds\u00e6ttes for sol og fugt.<\/p>\n<p>Giv en gave i form af varig passion.<\/p>\n<p>Du kan tilf\u00f8je en kort dedikation gratis.<\/p>","protected":false},"featured_media":2499,"comment_status":"open","ping_status":"closed","template":"","meta":[],"product_brand":[],"product_cat":[38,21,24],"product_tag":[],"class_list":{"0":"post-2496","1":"product","2":"type-product","3":"status-publish","4":"has-post-thumbnail","6":"product_cat-centros-y-cestas-de-flores","7":"product_cat-flores-preservadas","8":"product_cat-rosas","10":"first","11":"instock","12":"taxable","13":"shipping-taxable","14":"purchasable","15":"product-type-simple"},"_links":{"self":[{"href":"https:\/\/sueca13flores.com\/da\/wp-json\/wp\/v2\/product\/2496","targetHints":{"allow":["GET"]}}],"collection":[{"href":"https:\/\/sueca13flores.com\/da\/wp-json\/wp\/v2\/product"}],"about":[{"href":"https:\/\/sueca13flores.com\/da\/wp-json\/wp\/v2\/types\/product"}],"replies":[{"embeddable":true,"href":"https:\/\/sueca13flores.com\/da\/wp-json\/wp\/v2\/comments?post=2496"}],"wp:featuredmedia":[{"embeddable":true,"href":"https:\/\/sueca13flores.com\/da\/wp-json\/wp\/v2\/media\/2499"}],"wp:attachment":[{"href":"https:\/\/sueca13flores.com\/da\/wp-json\/wp\/v2\/media?parent=2496"}],"wp:term":[{"taxonomy":"product_brand","embeddable":true,"href":"https:\/\/sueca13flores.com\/da\/wp-json\/wp\/v2\/product_brand?post=2496"},{"taxonomy":"product_cat","embeddable":true,"href":"https:\/\/sueca13flores.com\/da\/wp-json\/wp\/v2\/product_cat?post=2496"},{"taxonomy":"product_tag","embeddable":true,"href":"https:\/\/sueca13flores.com\/da\/wp-json\/wp\/v2\/product_tag?post=2496"}],"curies":[{"name":"wp","href":"https:\/\/api.w.org\/{rel}","templated":true}]}}