{"id":2763,"date":"2025-04-26T16:26:41","date_gmt":"2025-04-26T14:26:41","guid":{"rendered":"https:\/\/sueca13flores.com\/?post_type=product&#038;p=2763"},"modified":"2026-03-30T09:21:35","modified_gmt":"2026-03-30T07:21:35","slug":"bromelia-roset-i-en-keramisk-potte","status":"publish","type":"product","link":"https:\/\/sueca13flores.com\/da\/product-2\/bromelia-roset-i-en-keramisk-potte\/","title":{"rendered":"Bromelia i keramisk potte"},"content":{"rendered":"","protected":false},"excerpt":{"rendered":"<p>&nbsp;<\/p>\n<p>Denne eksotiske stueplante er en meget original og s\u00f8d gave til dem, der elsker stueplanter, der er lette at passe. Inkluderer keramisk potte. Du kan tilf\u00f8je en gratis KORT DEDIKATION. H\u00f8jde ca. 45 cm.<\/p>\n<p>Farven p\u00e5 planten og potten kan variere alt efter tilg\u00e6ngelighed.<\/p>","protected":false},"featured_media":3653,"comment_status":"closed","ping_status":"closed","template":"","meta":[],"product_brand":[],"product_cat":[22],"product_tag":[],"class_list":{"0":"post-2763","1":"product","2":"type-product","3":"status-publish","4":"has-post-thumbnail","6":"product_cat-plantas","8":"first","9":"instock","10":"taxable","11":"shipping-taxable","12":"purchasable","13":"product-type-simple"},"_links":{"self":[{"href":"https:\/\/sueca13flores.com\/da\/wp-json\/wp\/v2\/product\/2763","targetHints":{"allow":["GET"]}}],"collection":[{"href":"https:\/\/sueca13flores.com\/da\/wp-json\/wp\/v2\/product"}],"about":[{"href":"https:\/\/sueca13flores.com\/da\/wp-json\/wp\/v2\/types\/product"}],"replies":[{"embeddable":true,"href":"https:\/\/sueca13flores.com\/da\/wp-json\/wp\/v2\/comments?post=2763"}],"wp:featuredmedia":[{"embeddable":true,"href":"https:\/\/sueca13flores.com\/da\/wp-json\/wp\/v2\/media\/3653"}],"wp:attachment":[{"href":"https:\/\/sueca13flores.com\/da\/wp-json\/wp\/v2\/media?parent=2763"}],"wp:term":[{"taxonomy":"product_brand","embeddable":true,"href":"https:\/\/sueca13flores.com\/da\/wp-json\/wp\/v2\/product_brand?post=2763"},{"taxonomy":"product_cat","embeddable":true,"href":"https:\/\/sueca13flores.com\/da\/wp-json\/wp\/v2\/product_cat?post=2763"},{"taxonomy":"product_tag","embeddable":true,"href":"https:\/\/sueca13flores.com\/da\/wp-json\/wp\/v2\/product_tag?post=2763"}],"curies":[{"name":"wp","href":"https:\/\/api.w.org\/{rel}","templated":true}]}}