{"id":2773,"date":"2025-04-27T11:16:34","date_gmt":"2025-04-27T09:16:34","guid":{"rendered":"https:\/\/sueca13flores.com\/?post_type=product&#038;p=2773"},"modified":"2025-04-27T11:16:35","modified_gmt":"2025-04-27T09:16:35","slug":"la-dolceta-buket","status":"publish","type":"product","link":"https:\/\/sueca13flores.com\/da\/product-2\/la-dolceta-buket\/","title":{"rendered":"La Dol\u00e7eta-bouquet"},"content":{"rendered":"","protected":false},"excerpt":{"rendered":"<p>&nbsp;<\/p>\n<p>Den s\u00f8deste og mest flirtende buket i kollektionen. En perfekt kombination af bl\u00f8de farver som hvide roser, bl\u00e5 hortensiaer, strejf af aromatisk gr\u00f8nt som mastiks, s\u00f8dmen fra hvid limonium og det s\u00e6rlige strejf af veronikaer g\u00f8r denne buket til en forn\u00f8jelse for sanserne og en unik gave, der vil blive husket i mange \u00e5r.<\/p>\n<p>Alle vores buketter er lavet med stor omhu, med blomster af h\u00f8jeste kvalitet og en masse blomsterkunst.<\/p>\n<p>Du kan tilf\u00f8je en kort dedikation gratis.<\/p>","protected":false},"featured_media":2776,"comment_status":"closed","ping_status":"closed","template":"","meta":[],"product_brand":[],"product_cat":[42,26],"product_tag":[],"class_list":{"0":"post-2773","1":"product","2":"type-product","3":"status-publish","4":"has-post-thumbnail","6":"product_cat-dia-de-la-madre","7":"product_cat-composiciones-de-flores-y-plantas","9":"first","10":"instock","11":"taxable","12":"shipping-taxable","13":"purchasable","14":"product-type-simple"},"_links":{"self":[{"href":"https:\/\/sueca13flores.com\/da\/wp-json\/wp\/v2\/product\/2773","targetHints":{"allow":["GET"]}}],"collection":[{"href":"https:\/\/sueca13flores.com\/da\/wp-json\/wp\/v2\/product"}],"about":[{"href":"https:\/\/sueca13flores.com\/da\/wp-json\/wp\/v2\/types\/product"}],"replies":[{"embeddable":true,"href":"https:\/\/sueca13flores.com\/da\/wp-json\/wp\/v2\/comments?post=2773"}],"wp:featuredmedia":[{"embeddable":true,"href":"https:\/\/sueca13flores.com\/da\/wp-json\/wp\/v2\/media\/2776"}],"wp:attachment":[{"href":"https:\/\/sueca13flores.com\/da\/wp-json\/wp\/v2\/media?parent=2773"}],"wp:term":[{"taxonomy":"product_brand","embeddable":true,"href":"https:\/\/sueca13flores.com\/da\/wp-json\/wp\/v2\/product_brand?post=2773"},{"taxonomy":"product_cat","embeddable":true,"href":"https:\/\/sueca13flores.com\/da\/wp-json\/wp\/v2\/product_cat?post=2773"},{"taxonomy":"product_tag","embeddable":true,"href":"https:\/\/sueca13flores.com\/da\/wp-json\/wp\/v2\/product_tag?post=2773"}],"curies":[{"name":"wp","href":"https:\/\/api.w.org\/{rel}","templated":true}]}}