{"id":285,"date":"2020-12-13T20:43:08","date_gmt":"2020-12-13T19:43:08","guid":{"rendered":"https:\/\/sueca13flores.com\/?post_type=product&#038;p=285"},"modified":"2024-10-10T12:48:38","modified_gmt":"2024-10-10T10:48:38","slug":"zamioculca","status":"publish","type":"product","link":"https:\/\/sueca13flores.com\/da\/product-2\/zamioculca\/","title":{"rendered":"Zamioculca"},"content":{"rendered":"","protected":false},"excerpt":{"rendered":"<p><span style=\"vertical-align: inherit;\"><span style=\"vertical-align: inherit;\">Oplev den eksotiske og fascinerende Zamioculca, den gr\u00f8nne juvel, der vil lyse op i dit hjem!<\/span><\/span><\/p>\n<p><span style=\"vertical-align: inherit;\"><span style=\"vertical-align: inherit;\">Med sit frodige l\u00f8v af blanke, skinnende blade er denne stueplante den perfekte kombination af elegance og nem pasning. <\/span><span style=\"vertical-align: inherit;\">Dens robuste stamme og dybe m\u00f8rkegr\u00f8nne blade skaber et sl\u00e5ende udseende, der tilf\u00f8jer et strejf af raffinement til ethvert rum.<\/span><\/span><\/p>\n<p><span style=\"vertical-align: inherit;\"><span style=\"vertical-align: inherit;\">Uanset om du er haveekspert eller en entusiastisk nybegynder, er Zamioculca et smart valg. <\/span><span style=\"vertical-align: inherit;\">Den kr\u00e6ver kun lidt vedligeholdelse og er kendt for sin evne til at overleve under d\u00e5rlige lysforhold og med kun lidt vanding. <\/span><span style=\"vertical-align: inherit;\">Du skal ikke bekymre dig om at glemme at se p\u00e5 hende, for denne sk\u00f8nhed tilpasser sig nemt til forskellige milj\u00f8er!<\/span><\/span><\/p>\n<p><span style=\"vertical-align: inherit;\"><span style=\"vertical-align: inherit;\">Vores zamioculca af h\u00f8j kvalitet er omhyggeligt udvalgt og dyrket for at sikre dens sundhed og vitalitet. <\/span><span style=\"vertical-align: inherit;\">. <\/span><span style=\"vertical-align: inherit;\">Desuden g\u00f8r dens modstandsdygtighed over for skadedyr og sygdomme den til et ideelt valg for dem, der er p\u00e5 udkig efter en holdbar og h\u00e5rdf\u00f8r plante.<\/span><\/span><\/p>\n<p><span style=\"vertical-align: inherit;\"><span style=\"vertical-align: inherit;\">Tilf\u00f8j et strejf af natur til dit hjem eller kontor med denne fantastiske Zamioculca. <\/span><span style=\"vertical-align: inherit;\">Dens fjerformede blade og majest\u00e6tiske statur vil g\u00f8re den til et sl\u00e5ende midtpunkt i enhver indretning. <\/span><span style=\"vertical-align: inherit;\">Ikke alene er det en visuelt tiltalende tilf\u00f8jelse, men det renser ogs\u00e5 luften og skaber et sundt og friskt milj\u00f8.<\/span><\/span><\/p>\n<p><span style=\"vertical-align: inherit;\"><span style=\"vertical-align: inherit;\">Tr\u00e6d ind i Zamioculcas verden, og lad dens naturlige charme forvandle dit rum til en oase af ro og stil.<\/span><\/span><\/p>","protected":false},"featured_media":600,"comment_status":"open","ping_status":"closed","template":"","meta":[],"product_brand":[],"product_cat":[22],"product_tag":[],"class_list":{"0":"post-285","1":"product","2":"type-product","3":"status-publish","4":"has-post-thumbnail","6":"product_cat-plantas","8":"first","9":"instock","10":"taxable","11":"shipping-taxable","12":"purchasable","13":"product-type-simple"},"_links":{"self":[{"href":"https:\/\/sueca13flores.com\/da\/wp-json\/wp\/v2\/product\/285","targetHints":{"allow":["GET"]}}],"collection":[{"href":"https:\/\/sueca13flores.com\/da\/wp-json\/wp\/v2\/product"}],"about":[{"href":"https:\/\/sueca13flores.com\/da\/wp-json\/wp\/v2\/types\/product"}],"replies":[{"embeddable":true,"href":"https:\/\/sueca13flores.com\/da\/wp-json\/wp\/v2\/comments?post=285"}],"wp:featuredmedia":[{"embeddable":true,"href":"https:\/\/sueca13flores.com\/da\/wp-json\/wp\/v2\/media\/600"}],"wp:attachment":[{"href":"https:\/\/sueca13flores.com\/da\/wp-json\/wp\/v2\/media?parent=285"}],"wp:term":[{"taxonomy":"product_brand","embeddable":true,"href":"https:\/\/sueca13flores.com\/da\/wp-json\/wp\/v2\/product_brand?post=285"},{"taxonomy":"product_cat","embeddable":true,"href":"https:\/\/sueca13flores.com\/da\/wp-json\/wp\/v2\/product_cat?post=285"},{"taxonomy":"product_tag","embeddable":true,"href":"https:\/\/sueca13flores.com\/da\/wp-json\/wp\/v2\/product_tag?post=285"}],"curies":[{"name":"wp","href":"https:\/\/api.w.org\/{rel}","templated":true}]}}