{"id":289,"date":"2020-12-14T21:30:53","date_gmt":"2020-12-14T20:30:53","guid":{"rendered":"https:\/\/sueca13flores.com\/?post_type=product&#038;p=289"},"modified":"2025-10-23T13:27:12","modified_gmt":"2025-10-23T11:27:12","slug":"opuntia-blanca","status":"publish","type":"product","link":"https:\/\/sueca13flores.com\/da\/product-2\/opuntia-blanca\/","title":{"rendered":"Hvid opuntia"},"content":{"rendered":"","protected":false},"excerpt":{"rendered":"<p><span style=\"vertical-align: inherit;\"><span style=\"vertical-align: inherit;\">Opuntia er en naturlig sk\u00f8nhed, der kombinerer elegance og styrke. Dens paletformede blade er et l\u00e6rred af gr\u00f8nne og hvide nuancer, der skaber et unikt visuelt skue i ethvert rum.<\/span><\/span><\/p>\n<p><span style=\"vertical-align: inherit;\"><span style=\"vertical-align: inherit;\">Det er en tilgivende plante, der kr\u00e6ver lidt vedligeholdelse og trives under mange forskellige klimatiske forhold. Dens evne til at oplagre vand i de saftige st\u00e6ngler g\u00f8r, at den kan overleve i \u00f8rkenmilj\u00f8er, hvilket g\u00f8r den til det perfekte valg for dem, der er p\u00e5 udkig efter et eksotisk og h\u00e5rdf\u00f8rt indslag i deres hjem.<\/span><\/span><\/p>\n<p><span style=\"vertical-align: inherit;\"><span style=\"vertical-align: inherit;\">Uanset om du \u00f8nsker at tilf\u00f8je et st\u00e6nk af farve til din stue, skabe et charmerende hj\u00f8rne i din have eller blot overraske en s\u00e6rlig person med en unik gave, er Opuntia det ideelle valg. Deres ekstravagante former og farver vil ikke kun lyse op i dit rum, men ogs\u00e5 tilf\u00f8je et strejf af raffinement og varme.<\/span><\/span><\/p>\n<p><span style=\"vertical-align: inherit;\"><span style=\"vertical-align: inherit;\">I vores onlinebutik finder du ogs\u00e5 Opuntia Roja, begge sorter dyrket i Valencia-regionen og akklimatiseret til perfektion til vores klima, hvilket garanterer, at hver Opuntia, der ankommer til dit hjem, er sund og klar til at trives.<\/span><\/span><\/p>\n<p><span style=\"vertical-align: inherit;\"><span style=\"vertical-align: inherit;\">G\u00e5 ikke glip af muligheden for at nyde Opuntias magi. Udforsk vores udvalg, og tilf\u00f8j et strejf af naturlig sk\u00f8nhed til dit liv med denne fascinerende plante - k\u00f8b nu, og forvandl dit rum til et kaktusparadis!<\/span><\/span><\/p>\n<p><span style=\"vertical-align: inherit;\"><span style=\"vertical-align: inherit;\">Kurven er ikke inkluderet, men du kan finde den i vores online shop.<\/span><\/span><\/p>","protected":false},"featured_media":247,"comment_status":"closed","ping_status":"closed","template":"","meta":[],"product_brand":[],"product_cat":[22],"product_tag":[],"class_list":{"0":"post-289","1":"product","2":"type-product","3":"status-publish","4":"has-post-thumbnail","6":"product_cat-plantas","8":"first","9":"instock","10":"taxable","11":"shipping-taxable","12":"purchasable","13":"product-type-simple"},"_links":{"self":[{"href":"https:\/\/sueca13flores.com\/da\/wp-json\/wp\/v2\/product\/289","targetHints":{"allow":["GET"]}}],"collection":[{"href":"https:\/\/sueca13flores.com\/da\/wp-json\/wp\/v2\/product"}],"about":[{"href":"https:\/\/sueca13flores.com\/da\/wp-json\/wp\/v2\/types\/product"}],"replies":[{"embeddable":true,"href":"https:\/\/sueca13flores.com\/da\/wp-json\/wp\/v2\/comments?post=289"}],"wp:featuredmedia":[{"embeddable":true,"href":"https:\/\/sueca13flores.com\/da\/wp-json\/wp\/v2\/media\/247"}],"wp:attachment":[{"href":"https:\/\/sueca13flores.com\/da\/wp-json\/wp\/v2\/media?parent=289"}],"wp:term":[{"taxonomy":"product_brand","embeddable":true,"href":"https:\/\/sueca13flores.com\/da\/wp-json\/wp\/v2\/product_brand?post=289"},{"taxonomy":"product_cat","embeddable":true,"href":"https:\/\/sueca13flores.com\/da\/wp-json\/wp\/v2\/product_cat?post=289"},{"taxonomy":"product_tag","embeddable":true,"href":"https:\/\/sueca13flores.com\/da\/wp-json\/wp\/v2\/product_tag?post=289"}],"curies":[{"name":"wp","href":"https:\/\/api.w.org\/{rel}","templated":true}]}}