{"id":293,"date":"2020-12-14T21:59:06","date_gmt":"2020-12-14T20:59:06","guid":{"rendered":"https:\/\/sueca13flores.com\/?post_type=product&#038;p=293"},"modified":"2025-05-16T08:23:33","modified_gmt":"2025-05-16T06:23:33","slug":"euphorbia-trigona","status":"publish","type":"product","link":"https:\/\/sueca13flores.com\/da\/product-2\/euphorbia-trigona\/","title":{"rendered":"Euphorbia Trigona i en flettet kurv"},"content":{"rendered":"","protected":false},"excerpt":{"rendered":"<p><span style=\"vertical-align: inherit;\"><span style=\"vertical-align: inherit;\">Denne tropiske SUCULENTE plante, som ligner en kaktus, ogs\u00e5 kendt som \"African Cactus\", \"Crystal Thorn\" eller \"Milk Tree\", er en \u00e6gte naturperle, som betager med sin unikke form og uovertrufne sk\u00f8nhed.<\/span><\/span><\/p>\n<p><span style=\"vertical-align: inherit;\"><span style=\"vertical-align: inherit;\">EUPHORBIA TRIGONA er kendt for sine trekantede gr\u00f8nne st\u00e6ngler, som vokser lodret mod himlen og danner en imponerende arkitektonisk struktur. Dens kanter er prydet med skarpe pigge, der giver dens udseende et strejf af intriger og mystik. Desuden kan st\u00e6nglerne udvikle r\u00f8dlige og lilla nuancer i direkte sollys, hvilket giver denne us\u00e6dvanlige plante endnu mere charme.<\/span><\/span><\/p>\n<p><span style=\"vertical-align: inherit;\"><span style=\"vertical-align: inherit;\">Denne sukkulent er nem at passe og perfekt til dem, der gerne vil nyde naturens sk\u00f8nhed uden at have brug for en masse opm\u00e6rksomhed. Den har kun brug for rigeligt indirekte lys uden direkte sol, moderat vanding og veldr\u00e6net jord for at trives og vokse lykkeligt. Desuden g\u00f8r dens evne til at oplagre vand i st\u00e6nglerne den til et ideelt valg for planteelskere, der nogle gange glemmer at se efter.<\/span><\/span><\/p>\n<p><span style=\"vertical-align: inherit;\"><span style=\"vertical-align: inherit;\">Ikke alene er den en fantastisk tilf\u00f8jelse til indretningen, den har ogs\u00e5 milj\u00f8m\u00e6ssige fordele. Denne plante hj\u00e6lper med at rense luften ved at absorbere giftstoffer og frigive frisk ilt, hvilket skaber et sundere og mere vitaliserende milj\u00f8 i dit hjem.<\/span><\/span><\/p>\n<p><span style=\"vertical-align: inherit;\"><span style=\"vertical-align: inherit;\">I vores onlinebutik tilbyder vi EUPHORBIA TRIGONA af h\u00f8j kvalitet, dyrket med k\u00e6rlighed og omhu. Hver plante er unik i sin form og st\u00f8rrelse, hvilket g\u00f8r den til et perfekt valg for dem, der leder efter et s\u00e6rligt og autentisk pr\u00e6g i deres dekoration.<\/span><\/span><\/p>\n<p><span style=\"vertical-align: inherit;\"><span style=\"vertical-align: inherit;\">\u00a0Plantens st\u00f8rrelse er ca. 20-25 cm og en diameter p\u00e5 12 cm.\u00a0\u00a0<\/span><\/span><\/p>","protected":false},"featured_media":2524,"comment_status":"closed","ping_status":"closed","template":"","meta":[],"product_brand":[],"product_cat":[22],"product_tag":[],"class_list":{"0":"post-293","1":"product","2":"type-product","3":"status-publish","4":"has-post-thumbnail","6":"product_cat-plantas","8":"first","9":"instock","10":"taxable","11":"shipping-taxable","12":"purchasable","13":"product-type-simple"},"_links":{"self":[{"href":"https:\/\/sueca13flores.com\/da\/wp-json\/wp\/v2\/product\/293","targetHints":{"allow":["GET"]}}],"collection":[{"href":"https:\/\/sueca13flores.com\/da\/wp-json\/wp\/v2\/product"}],"about":[{"href":"https:\/\/sueca13flores.com\/da\/wp-json\/wp\/v2\/types\/product"}],"replies":[{"embeddable":true,"href":"https:\/\/sueca13flores.com\/da\/wp-json\/wp\/v2\/comments?post=293"}],"wp:featuredmedia":[{"embeddable":true,"href":"https:\/\/sueca13flores.com\/da\/wp-json\/wp\/v2\/media\/2524"}],"wp:attachment":[{"href":"https:\/\/sueca13flores.com\/da\/wp-json\/wp\/v2\/media?parent=293"}],"wp:term":[{"taxonomy":"product_brand","embeddable":true,"href":"https:\/\/sueca13flores.com\/da\/wp-json\/wp\/v2\/product_brand?post=293"},{"taxonomy":"product_cat","embeddable":true,"href":"https:\/\/sueca13flores.com\/da\/wp-json\/wp\/v2\/product_cat?post=293"},{"taxonomy":"product_tag","embeddable":true,"href":"https:\/\/sueca13flores.com\/da\/wp-json\/wp\/v2\/product_tag?post=293"}],"curies":[{"name":"wp","href":"https:\/\/api.w.org\/{rel}","templated":true}]}}