{"id":2947,"date":"2025-07-19T13:52:07","date_gmt":"2025-07-19T11:52:07","guid":{"rendered":"https:\/\/sueca13flores.com\/?post_type=product&#038;p=2947"},"modified":"2025-07-19T13:52:07","modified_gmt":"2025-07-19T11:52:07","slug":"lille-bomboniere-med-friske-blomster","status":"publish","type":"product","link":"https:\/\/sueca13flores.com\/da\/product-2\/lille-bomboniere-med-friske-blomster\/","title":{"rendered":"Lille bombonera med friske blomster"},"content":{"rendered":"","protected":false},"excerpt":{"rendered":"<p>&nbsp;<\/p>\n<p>Kan du forestille dig at modtage en elegant sort \u00e6ske med sl\u00f8jfe, og n\u00e5r du \u00e5bner den, er der vidunderlige friske blomster klar til at blive nydt?<\/p>\n<p>Hver bonbonniere er unik, h\u00e5ndlavet og overrasker med forskellige blomster hver dag afh\u00e6ngigt af \u00e5rstiden. S\u00e5 forvent ikke en bonbonniere, der er identisk med billedet, din vil blive lavet eksklusivt til dig p\u00e5 bestillingsdagen. Vi prioriterer lokalt dyrkede valencianske og nationale blomster og det gr\u00f8nne, der passer til dem.<\/p>\n<p>Omtrentlige m\u00e5l: 15-17 cm i diameter og ca. 12 cm i h\u00f8jden.<\/p>\n<p>Du kan tilf\u00f8je en kort dedikation gratis.<\/p>","protected":false},"featured_media":2948,"comment_status":"closed","ping_status":"closed","template":"","meta":[],"product_brand":[],"product_cat":[38],"product_tag":[],"class_list":{"0":"post-2947","1":"product","2":"type-product","3":"status-publish","4":"has-post-thumbnail","6":"product_cat-centros-y-cestas-de-flores","8":"first","9":"instock","10":"taxable","11":"shipping-taxable","12":"purchasable","13":"product-type-simple"},"_links":{"self":[{"href":"https:\/\/sueca13flores.com\/da\/wp-json\/wp\/v2\/product\/2947","targetHints":{"allow":["GET"]}}],"collection":[{"href":"https:\/\/sueca13flores.com\/da\/wp-json\/wp\/v2\/product"}],"about":[{"href":"https:\/\/sueca13flores.com\/da\/wp-json\/wp\/v2\/types\/product"}],"replies":[{"embeddable":true,"href":"https:\/\/sueca13flores.com\/da\/wp-json\/wp\/v2\/comments?post=2947"}],"wp:featuredmedia":[{"embeddable":true,"href":"https:\/\/sueca13flores.com\/da\/wp-json\/wp\/v2\/media\/2948"}],"wp:attachment":[{"href":"https:\/\/sueca13flores.com\/da\/wp-json\/wp\/v2\/media?parent=2947"}],"wp:term":[{"taxonomy":"product_brand","embeddable":true,"href":"https:\/\/sueca13flores.com\/da\/wp-json\/wp\/v2\/product_brand?post=2947"},{"taxonomy":"product_cat","embeddable":true,"href":"https:\/\/sueca13flores.com\/da\/wp-json\/wp\/v2\/product_cat?post=2947"},{"taxonomy":"product_tag","embeddable":true,"href":"https:\/\/sueca13flores.com\/da\/wp-json\/wp\/v2\/product_tag?post=2947"}],"curies":[{"name":"wp","href":"https:\/\/api.w.org\/{rel}","templated":true}]}}