{"id":3148,"date":"2025-10-17T18:54:42","date_gmt":"2025-10-17T16:54:42","guid":{"rendered":"https:\/\/sueca13flores.com\/?post_type=product&#038;p=3148"},"modified":"2025-10-17T18:54:42","modified_gmt":"2025-10-17T16:54:42","slug":"workshop-med-blomstergraeskar-til-born-morgenhold-25-10","status":"publish","type":"product","link":"https:\/\/sueca13flores.com\/da\/product-2\/workshop-med-blomstergraeskar-til-born-morgenhold-25-10\/","title":{"rendered":"Blomstergr\u00e6skar-workshop for b\u00f8rn Morgenhold 25\/10"},"content":{"rendered":"","protected":false},"excerpt":{"rendered":"<p>&nbsp;<\/p>\n<p><span style=\"font-size: inherit;\">Henvender sig til b\u00f8rn mellem 4 og 12 \u00e5r.<\/span><\/p>\n<p>De l\u00e6rer at dekorere deres eget naturlige gr\u00e6skar med friske blomster ved hj\u00e6lp af blomsterbindingsteknikker og kan tage det med hjem. Alle materialer er inkluderet.<br \/>\nDe kan komme udkl\u00e6dt.<br \/>\n\ud83c\udf42\ud83c\udf83\u2620<\/p>\n<p>N\u00e5r du booker online, modtager du en bekr\u00e6ftelse p\u00e5 din plads.<\/p>\n<p>Tidsplan fra kl. 11.00 til 12.30.<\/p>","protected":false},"featured_media":3147,"comment_status":"closed","ping_status":"closed","template":"","meta":[],"product_brand":[],"product_cat":[42],"product_tag":[],"class_list":{"0":"post-3148","1":"product","2":"type-product","3":"status-publish","4":"has-post-thumbnail","6":"product_cat-dia-de-la-madre","8":"first","9":"instock","10":"taxable","11":"shipping-taxable","12":"purchasable","13":"product-type-simple"},"_links":{"self":[{"href":"https:\/\/sueca13flores.com\/da\/wp-json\/wp\/v2\/product\/3148","targetHints":{"allow":["GET"]}}],"collection":[{"href":"https:\/\/sueca13flores.com\/da\/wp-json\/wp\/v2\/product"}],"about":[{"href":"https:\/\/sueca13flores.com\/da\/wp-json\/wp\/v2\/types\/product"}],"replies":[{"embeddable":true,"href":"https:\/\/sueca13flores.com\/da\/wp-json\/wp\/v2\/comments?post=3148"}],"wp:featuredmedia":[{"embeddable":true,"href":"https:\/\/sueca13flores.com\/da\/wp-json\/wp\/v2\/media\/3147"}],"wp:attachment":[{"href":"https:\/\/sueca13flores.com\/da\/wp-json\/wp\/v2\/media?parent=3148"}],"wp:term":[{"taxonomy":"product_brand","embeddable":true,"href":"https:\/\/sueca13flores.com\/da\/wp-json\/wp\/v2\/product_brand?post=3148"},{"taxonomy":"product_cat","embeddable":true,"href":"https:\/\/sueca13flores.com\/da\/wp-json\/wp\/v2\/product_cat?post=3148"},{"taxonomy":"product_tag","embeddable":true,"href":"https:\/\/sueca13flores.com\/da\/wp-json\/wp\/v2\/product_tag?post=3148"}],"curies":[{"name":"wp","href":"https:\/\/api.w.org\/{rel}","templated":true}]}}