{"id":3284,"date":"2025-11-24T19:54:50","date_gmt":"2025-11-24T18:54:50","guid":{"rendered":"https:\/\/sueca13flores.com\/?post_type=product&#038;p=3284"},"modified":"2026-01-02T10:45:47","modified_gmt":"2026-01-02T09:45:47","slug":"pyntet-juletrae-af-gran","status":"publish","type":"product","link":"https:\/\/sueca13flores.com\/da\/product-2\/pyntet-juletrae-af-gran\/","title":{"rendered":"Dekoreret juletr\u00e6 af gran"},"content":{"rendered":"","protected":false},"excerpt":{"rendered":"<p>&nbsp;<\/p>\n<p>Et charmerende naturligt juletr\u00e6 pyntet med naturlige og aromatiske elementer som appelsinskiver, aromatisk kanel og kogler. Det er ca. 1,10 m h\u00f8jt og leveres med en naturlig raffia-l\u00f8kke og indpakket i s\u00e6kkel\u00e6rred.<\/p>\n<p>Byd julen velkommen med vores dekorerede naturtr\u00e6er. Hvis du \u00f8nsker en s\u00e6rlig dekoration, s\u00e5 kontakt os. Ogs\u00e5 hvis du \u00f8nsker andre st\u00f8rrelser.<\/p>\n<p>&nbsp;<\/p>\n<p>&nbsp;<\/p>","protected":false},"featured_media":3285,"comment_status":"closed","ping_status":"closed","template":"","meta":[],"product_brand":[],"product_cat":[39],"product_tag":[],"class_list":{"0":"post-3284","1":"product","2":"type-product","3":"status-publish","4":"has-post-thumbnail","6":"product_cat-navidad","8":"first","9":"outofstock","10":"taxable","11":"shipping-taxable","12":"purchasable","13":"product-type-simple"},"_links":{"self":[{"href":"https:\/\/sueca13flores.com\/da\/wp-json\/wp\/v2\/product\/3284","targetHints":{"allow":["GET"]}}],"collection":[{"href":"https:\/\/sueca13flores.com\/da\/wp-json\/wp\/v2\/product"}],"about":[{"href":"https:\/\/sueca13flores.com\/da\/wp-json\/wp\/v2\/types\/product"}],"replies":[{"embeddable":true,"href":"https:\/\/sueca13flores.com\/da\/wp-json\/wp\/v2\/comments?post=3284"}],"wp:featuredmedia":[{"embeddable":true,"href":"https:\/\/sueca13flores.com\/da\/wp-json\/wp\/v2\/media\/3285"}],"wp:attachment":[{"href":"https:\/\/sueca13flores.com\/da\/wp-json\/wp\/v2\/media?parent=3284"}],"wp:term":[{"taxonomy":"product_brand","embeddable":true,"href":"https:\/\/sueca13flores.com\/da\/wp-json\/wp\/v2\/product_brand?post=3284"},{"taxonomy":"product_cat","embeddable":true,"href":"https:\/\/sueca13flores.com\/da\/wp-json\/wp\/v2\/product_cat?post=3284"},{"taxonomy":"product_tag","embeddable":true,"href":"https:\/\/sueca13flores.com\/da\/wp-json\/wp\/v2\/product_tag?post=3284"}],"curies":[{"name":"wp","href":"https:\/\/api.w.org\/{rel}","templated":true}]}}