{"id":3806,"date":"2026-04-26T10:19:42","date_gmt":"2026-04-26T08:19:42","guid":{"rendered":"https:\/\/sueca13flores.com\/?post_type=product&#038;p=3806"},"modified":"2026-04-26T10:19:42","modified_gmt":"2026-04-26T08:19:42","slug":"center-for-konserverede-blomster-la-taronja","status":"publish","type":"product","link":"https:\/\/sueca13flores.com\/da\/product-2\/center-for-konserverede-blomster-la-taronja\/","title":{"rendered":"Center for konserverede blomster La Taronja"},"content":{"rendered":"","protected":false},"excerpt":{"rendered":"<p>&nbsp;<\/p>\n<p>Dette smukke midtpunkt af t\u00f8rrede og konserverede blomster vil betage dine \u00f8jne med sin eksplosion af farver og gl\u00e6de. Den beh\u00f8ver ikke vand og vil holde sig smuk i lang tid. Den leveres med en kraftpose i eksklusivt design.<\/p>\n<p>Du kan tilf\u00f8je en kort dedikation gratis. .<\/p>\n<p>Uds\u00e6t den ikke for direkte sollys eller fugt, det sikrer, at den holder i mange \u00e5r fremover.<\/p>\n<p>H\u00f8jde ca. 40 cm.<\/p>","protected":false},"featured_media":3810,"comment_status":"closed","ping_status":"closed","template":"","meta":[],"product_brand":[],"product_cat":[42,21],"product_tag":[],"class_list":{"0":"post-3806","1":"product","2":"type-product","3":"status-publish","4":"has-post-thumbnail","6":"product_cat-dia-de-la-madre","7":"product_cat-flores-preservadas","9":"first","10":"instock","11":"taxable","12":"shipping-taxable","13":"purchasable","14":"product-type-simple"},"_links":{"self":[{"href":"https:\/\/sueca13flores.com\/da\/wp-json\/wp\/v2\/product\/3806","targetHints":{"allow":["GET"]}}],"collection":[{"href":"https:\/\/sueca13flores.com\/da\/wp-json\/wp\/v2\/product"}],"about":[{"href":"https:\/\/sueca13flores.com\/da\/wp-json\/wp\/v2\/types\/product"}],"replies":[{"embeddable":true,"href":"https:\/\/sueca13flores.com\/da\/wp-json\/wp\/v2\/comments?post=3806"}],"wp:featuredmedia":[{"embeddable":true,"href":"https:\/\/sueca13flores.com\/da\/wp-json\/wp\/v2\/media\/3810"}],"wp:attachment":[{"href":"https:\/\/sueca13flores.com\/da\/wp-json\/wp\/v2\/media?parent=3806"}],"wp:term":[{"taxonomy":"product_brand","embeddable":true,"href":"https:\/\/sueca13flores.com\/da\/wp-json\/wp\/v2\/product_brand?post=3806"},{"taxonomy":"product_cat","embeddable":true,"href":"https:\/\/sueca13flores.com\/da\/wp-json\/wp\/v2\/product_cat?post=3806"},{"taxonomy":"product_tag","embeddable":true,"href":"https:\/\/sueca13flores.com\/da\/wp-json\/wp\/v2\/product_tag?post=3806"}],"curies":[{"name":"wp","href":"https:\/\/api.w.org\/{rel}","templated":true}]}}