{"id":3817,"date":"2026-04-26T10:36:43","date_gmt":"2026-04-26T08:36:43","guid":{"rendered":"https:\/\/sueca13flores.com\/?post_type=product&#038;p=3817"},"modified":"2026-04-26T10:36:43","modified_gmt":"2026-04-26T08:36:43","slug":"farvede-calla-liljer-i-flettet-kurv","status":"publish","type":"product","link":"https:\/\/sueca13flores.com\/da\/product-2\/farvede-calla-liljer-i-flettet-kurv\/","title":{"rendered":"Farvede calla-liljer i flettet kurv"},"content":{"rendered":"","protected":false},"excerpt":{"rendered":"<p>&nbsp;<\/p>\n<p>Denne smukke naturlige indend\u00f8rs plante med farverige calla-liljer pr\u00e6senteres i en s\u00f8d kurvebetrukket potte.<\/p>\n<p>Dens farverige blomster indvarsler for\u00e5ret og bringer gl\u00e6de til huset.<\/p>\n<p>Blomsterfarverne kan variere alt efter tilg\u00e6ngelighed.<\/p>\n<p>Du kan tilf\u00f8je en kort dedikation gratis.<\/p>\n<p>H\u00f8jde ca. 35 cm Pottest\u00f8rrelse 12 cm<\/p>","protected":false},"featured_media":3818,"comment_status":"closed","ping_status":"closed","template":"","meta":[],"product_brand":[],"product_cat":[42,22],"product_tag":[],"class_list":{"0":"post-3817","1":"product","2":"type-product","3":"status-publish","4":"has-post-thumbnail","6":"product_cat-dia-de-la-madre","7":"product_cat-plantas","9":"first","10":"instock","11":"taxable","12":"shipping-taxable","13":"purchasable","14":"product-type-simple"},"_links":{"self":[{"href":"https:\/\/sueca13flores.com\/da\/wp-json\/wp\/v2\/product\/3817","targetHints":{"allow":["GET"]}}],"collection":[{"href":"https:\/\/sueca13flores.com\/da\/wp-json\/wp\/v2\/product"}],"about":[{"href":"https:\/\/sueca13flores.com\/da\/wp-json\/wp\/v2\/types\/product"}],"replies":[{"embeddable":true,"href":"https:\/\/sueca13flores.com\/da\/wp-json\/wp\/v2\/comments?post=3817"}],"wp:featuredmedia":[{"embeddable":true,"href":"https:\/\/sueca13flores.com\/da\/wp-json\/wp\/v2\/media\/3818"}],"wp:attachment":[{"href":"https:\/\/sueca13flores.com\/da\/wp-json\/wp\/v2\/media?parent=3817"}],"wp:term":[{"taxonomy":"product_brand","embeddable":true,"href":"https:\/\/sueca13flores.com\/da\/wp-json\/wp\/v2\/product_brand?post=3817"},{"taxonomy":"product_cat","embeddable":true,"href":"https:\/\/sueca13flores.com\/da\/wp-json\/wp\/v2\/product_cat?post=3817"},{"taxonomy":"product_tag","embeddable":true,"href":"https:\/\/sueca13flores.com\/da\/wp-json\/wp\/v2\/product_tag?post=3817"}],"curies":[{"name":"wp","href":"https:\/\/api.w.org\/{rel}","templated":true}]}}