{"id":574,"date":"2023-06-03T19:06:47","date_gmt":"2023-06-03T17:06:47","guid":{"rendered":"https:\/\/sueca13flores.com\/?post_type=product&#038;p=574"},"modified":"2026-03-07T17:12:10","modified_gmt":"2026-03-07T16:12:10","slug":"silvestre","status":"publish","type":"product","link":"https:\/\/sueca13flores.com\/da\/product-2\/silvestre\/","title":{"rendered":"Vild flok"},"content":{"rendered":"","protected":false},"excerpt":{"rendered":"<p>&nbsp;<\/p>\n<p><span style=\"vertical-align: inherit;\"><span style=\"vertical-align: inherit;\"><span style=\"vertical-align: inherit;\">Oplev vores fantastiske buketter med friske blomster, som du kan opbevare uden vand. Disse blomsterarrangementer er ideelle til at dekorere ethvert rum uden at skulle bekymre sig om deres pleje. Med et n\u00f8je udvalgt udvalg af friske, langtidsholdbare blomster bevarer vores buketter deres sk\u00f8nhed i lang tid. Hvert arrangement har en kombination af levende farver og sarte nuancer, som tilf\u00f8jer et strejf af elegance og gl\u00e6de til enhver lejlighed. En perfekt gave, der vil holde l\u00e6nge, da der ikke kr\u00e6ves vand eller s\u00e6rlig pleje.<\/span><\/span><\/span><\/p>\n<p><span style=\"vertical-align: inherit;\"><span style=\"vertical-align: inherit;\"><span style=\"vertical-align: inherit;\">Du kan tilf\u00f8je en KORTfattet dedikation gratis. Glasvasen er ikke inkluderet, men du kan finde den i vores tilbeh\u00f8rssektion.<\/span><\/span><\/span><\/p>","protected":false},"featured_media":2786,"comment_status":"closed","ping_status":"closed","template":"","meta":[],"product_brand":[],"product_cat":[42,41,21,26],"product_tag":[],"class_list":{"0":"post-574","1":"product","2":"type-product","3":"status-publish","4":"has-post-thumbnail","6":"product_cat-dia-de-la-madre","7":"product_cat-dia-de-la-mujer","8":"product_cat-flores-preservadas","9":"product_cat-composiciones-de-flores-y-plantas","11":"first","12":"instock","13":"taxable","14":"shipping-taxable","15":"purchasable","16":"product-type-simple"},"_links":{"self":[{"href":"https:\/\/sueca13flores.com\/da\/wp-json\/wp\/v2\/product\/574","targetHints":{"allow":["GET"]}}],"collection":[{"href":"https:\/\/sueca13flores.com\/da\/wp-json\/wp\/v2\/product"}],"about":[{"href":"https:\/\/sueca13flores.com\/da\/wp-json\/wp\/v2\/types\/product"}],"replies":[{"embeddable":true,"href":"https:\/\/sueca13flores.com\/da\/wp-json\/wp\/v2\/comments?post=574"}],"wp:featuredmedia":[{"embeddable":true,"href":"https:\/\/sueca13flores.com\/da\/wp-json\/wp\/v2\/media\/2786"}],"wp:attachment":[{"href":"https:\/\/sueca13flores.com\/da\/wp-json\/wp\/v2\/media?parent=574"}],"wp:term":[{"taxonomy":"product_brand","embeddable":true,"href":"https:\/\/sueca13flores.com\/da\/wp-json\/wp\/v2\/product_brand?post=574"},{"taxonomy":"product_cat","embeddable":true,"href":"https:\/\/sueca13flores.com\/da\/wp-json\/wp\/v2\/product_cat?post=574"},{"taxonomy":"product_tag","embeddable":true,"href":"https:\/\/sueca13flores.com\/da\/wp-json\/wp\/v2\/product_tag?post=574"}],"curies":[{"name":"wp","href":"https:\/\/api.w.org\/{rel}","templated":true}]}}