{"id":612,"date":"2023-06-04T20:29:46","date_gmt":"2023-06-04T18:29:46","guid":{"rendered":"https:\/\/sueca13flores.com\/?post_type=product&#038;p=612"},"modified":"2025-05-21T19:09:39","modified_gmt":"2025-05-21T17:09:39","slug":"center-provence","status":"publish","type":"product","link":"https:\/\/sueca13flores.com\/da\/product-2\/center-provence\/","title":{"rendered":"Provence Centrum"},"content":{"rendered":"","protected":false},"excerpt":{"rendered":"<p><span style=\"vertical-align: inherit;\"><span style=\"vertical-align: inherit;\"><span style=\"vertical-align: inherit;\"><span style=\"vertical-align: inherit;\">Natur og charme i en flettet kurv.<\/span><\/span><\/span><\/span><\/p>\n<p><span style=\"vertical-align: inherit;\"><span style=\"vertical-align: inherit;\"><span style=\"vertical-align: inherit;\"><span style=\"vertical-align: inherit;\">Bring sk\u00f8nheden og charmen ved en kurv med friske blomster ind i dit hjem med vores uds\u00f8gte Provence Centre.<\/span><\/span><\/span><\/span><\/p>\n<p><span style=\"vertical-align: inherit;\"><span style=\"vertical-align: inherit;\"><span style=\"vertical-align: inherit;\"><span style=\"vertical-align: inherit;\">Dette f\u00e6ngslende blomsterarrangement kombinerer rustikt og elegant og skaber et fantastisk fokuspunkt, der vil lyse op i ethvert rum med sin friskhed og ro.<\/span><\/span><\/span><\/span><\/p>\n<p><span style=\"vertical-align: inherit;\"><span style=\"vertical-align: inherit;\"><span style=\"vertical-align: inherit;\"><span style=\"vertical-align: inherit;\">Vores Provence Centre er en harmonisk kombination af omhyggeligt udvalgte, delikate vilde blomster sammenflettet med frodige gr\u00f8nne blade som limonium, eukalyptus, bregner og mastiks, hvilket skaber en visuelt f\u00e6ngslende symfoni. Fra elegante margueritter til farverige astromelias og fortryllende nelliker kombineres hvert element for at skabe en eksplosion af bl\u00f8de farver og teksturer, der fremkalder selve essensen af naturen.<\/span><\/span><\/span><\/span><\/p>\n<p><span style=\"vertical-align: inherit;\"><span style=\"vertical-align: inherit;\"><span style=\"vertical-align: inherit;\"><span style=\"vertical-align: inherit;\">Denne blomsterdekoration pr\u00e6senteres i en naturlig flettet kurv og tilf\u00f8jer et strejf af rustik charme og varme til ethvert milj\u00f8.<\/span><\/span><\/span><\/span><\/p>\n<p><span style=\"vertical-align: inherit;\"><span style=\"vertical-align: inherit;\"><span style=\"vertical-align: inherit;\"><span style=\"vertical-align: inherit;\">En gave, der vil bringe en f\u00f8lelse af ro og fred til modtagerens rum. Blomster og blade udsender subtile og behagelige dufte, der fylder luften med en afslappende og revitaliserende atmosf\u00e6re. Desuden har blomster en evne til at l\u00f8fte stemningen og tilf\u00f8re et strejf af munterhed til ethvert milj\u00f8.<\/span><\/span><\/span><\/span><\/p>\n<p><span style=\"vertical-align: inherit;\"><span style=\"vertical-align: inherit;\"><span style=\"vertical-align: inherit;\"><span style=\"vertical-align: inherit;\">I vores onlinebutik tilbyder vi unikke og lidenskabeligt udformede blomsterarrangementer af vores dygtige blomsterhandlere. Vi v\u00e6lger blomster fra lokale og s\u00e6sonbetonede producenter, n\u00e5r vi kan.<\/span><\/span><\/span><\/span><\/p>\n<p><span style=\"vertical-align: inherit;\"><span style=\"vertical-align: inherit;\"><span style=\"vertical-align: inherit;\"><span style=\"vertical-align: inherit;\">Hvert arrangement er et unikt blomsterkunstv\u00e6rk, omhyggeligt udformet til at formidle naturens sk\u00f8nhed og charme i sin reneste form.<\/span><\/span><\/span><\/span><\/p>\n<p><span style=\"vertical-align: inherit;\"><span style=\"vertical-align: inherit;\"><span style=\"vertical-align: inherit;\"><span style=\"vertical-align: inherit;\">Du kan tilf\u00f8je en kort dedikation gratis.<\/span><\/span><\/span><\/span><\/p>\n<p>&nbsp;<\/p>","protected":false},"featured_media":613,"comment_status":"closed","ping_status":"closed","template":"","meta":[],"product_brand":[],"product_cat":[38],"product_tag":[],"class_list":{"0":"post-612","1":"product","2":"type-product","3":"status-publish","4":"has-post-thumbnail","6":"product_cat-centros-y-cestas-de-flores","8":"first","9":"instock","10":"taxable","11":"shipping-taxable","12":"purchasable","13":"product-type-simple"},"_links":{"self":[{"href":"https:\/\/sueca13flores.com\/da\/wp-json\/wp\/v2\/product\/612","targetHints":{"allow":["GET"]}}],"collection":[{"href":"https:\/\/sueca13flores.com\/da\/wp-json\/wp\/v2\/product"}],"about":[{"href":"https:\/\/sueca13flores.com\/da\/wp-json\/wp\/v2\/types\/product"}],"replies":[{"embeddable":true,"href":"https:\/\/sueca13flores.com\/da\/wp-json\/wp\/v2\/comments?post=612"}],"wp:featuredmedia":[{"embeddable":true,"href":"https:\/\/sueca13flores.com\/da\/wp-json\/wp\/v2\/media\/613"}],"wp:attachment":[{"href":"https:\/\/sueca13flores.com\/da\/wp-json\/wp\/v2\/media?parent=612"}],"wp:term":[{"taxonomy":"product_brand","embeddable":true,"href":"https:\/\/sueca13flores.com\/da\/wp-json\/wp\/v2\/product_brand?post=612"},{"taxonomy":"product_cat","embeddable":true,"href":"https:\/\/sueca13flores.com\/da\/wp-json\/wp\/v2\/product_cat?post=612"},{"taxonomy":"product_tag","embeddable":true,"href":"https:\/\/sueca13flores.com\/da\/wp-json\/wp\/v2\/product_tag?post=612"}],"curies":[{"name":"wp","href":"https:\/\/api.w.org\/{rel}","templated":true}]}}