{"id":614,"date":"2023-06-04T20:48:05","date_gmt":"2023-06-04T18:48:05","guid":{"rendered":"https:\/\/sueca13flores.com\/?post_type=product&#038;p=614"},"modified":"2025-05-21T19:09:39","modified_gmt":"2025-05-21T17:09:39","slug":"den-smukkeste-kurv","status":"publish","type":"product","link":"https:\/\/sueca13flores.com\/da\/product-2\/den-smukkeste-kurv\/","title":{"rendered":"La M\u00e1s Bonita-kurv"},"content":{"rendered":"","protected":false},"excerpt":{"rendered":"<p><span style=\"vertical-align: inherit;\"><span style=\"vertical-align: inherit;\">V\u00e5gn op hver dag med energi og gl\u00e6de fra solen med vores smukke kurv med solsikker og gerbera.<\/span><\/span><\/p>\n<p><span style=\"vertical-align: inherit;\"><span style=\"vertical-align: inherit;\">Dette f\u00e6ngslende blomsterarrangement kombinerer solsikkernes str\u00e5lende sk\u00f8nhed med gerberaernes livlige delikatesse og skaber et visuelt spektakel, der vil fylde dit hjem med vitalitet og charme.<\/span><\/span><\/p>\n<p><span style=\"vertical-align: inherit;\"><span style=\"vertical-align: inherit;\">Den smukkeste kurv er designet med omhu og passion for at indfange essensen af en solrig eng fuld af liv. <\/span><span style=\"vertical-align: inherit;\">Solsikker med deres gule kronblade, der efterligner solens str\u00e5ler, er de ubestridte stjerner i dette center og udstr\u00e5ler gl\u00e6de og positivitet i hvert et hj\u00f8rne. <\/span><span style=\"vertical-align: inherit;\">Gerberaerne med deres levende farver og bl\u00f8de, fl\u00f8jlsagtige kronblade supplerer perfekt solsikkernes str\u00e5lende tilstedev\u00e6relse og tilf\u00f8jer en dimension af bl\u00f8dhed og delikatesse til arrangementet.<\/span><\/span><\/p>\n<p><span style=\"vertical-align: inherit;\"><span style=\"vertical-align: inherit;\">Pr\u00e6senteret i en h\u00e5ndlavet fletkurv, der giver tekstur og et naturligt look, fremh\u00e6ver den blomsternes sk\u00f8nhed og skaber en visuelt tiltalende kontrast. <\/span><span style=\"vertical-align: inherit;\">Derudover giver fletkurven en solid og stabil base for blomsterne, hvilket sikrer, at midten bliver p\u00e5 plads og forbliver frisk og levende.<\/span><\/span><\/p>\n<p><span style=\"vertical-align: inherit;\"><span style=\"vertical-align: inherit;\">Solsikker, der er symboler p\u00e5 lykke og vitalitet, vil lyse op i dit rum og give din hverdag et solrigt pr\u00e6g. <\/span><span style=\"vertical-align: inherit;\">Gerberaerne repr\u00e6senterer med deres mange forskellige farver gl\u00e6de og mangfoldighed og fylder atmosf\u00e6ren med en f\u00f8lelse af friskhed og vitalitet.<\/span><\/span><\/p>\n<p><span style=\"vertical-align: inherit;\"><span style=\"vertical-align: inherit;\">Hvert blomsterarrangement er et udtryk for naturlig sk\u00f8nhed og er h\u00e5ndlavet til at gl\u00e6de dine sanser og fylde dit hjem med liv. <\/span><span style=\"vertical-align: inherit;\">Vores blomster er for det meste fra lokale producenter, og det samme g\u00e6lder det gr\u00f8nne, der ledsager dem. <\/span><span style=\"vertical-align: inherit;\">Vi fors\u00f8ger ogs\u00e5 at bruge s\u00e6sonens blomster for at garantere ekstra kvalitet.<\/span><\/span><\/p>\n<p><span style=\"vertical-align: inherit;\"><span style=\"vertical-align: inherit;\">Du kan tilf\u00f8je en kort dedikation gratis.<\/span><\/span><\/p>\n<p>&nbsp;<\/p>","protected":false},"featured_media":591,"comment_status":"closed","ping_status":"closed","template":"","meta":[],"product_brand":[],"product_cat":[38],"product_tag":[],"class_list":{"0":"post-614","1":"product","2":"type-product","3":"status-publish","4":"has-post-thumbnail","6":"product_cat-centros-y-cestas-de-flores","8":"first","9":"instock","10":"taxable","11":"shipping-taxable","12":"purchasable","13":"product-type-simple"},"_links":{"self":[{"href":"https:\/\/sueca13flores.com\/da\/wp-json\/wp\/v2\/product\/614","targetHints":{"allow":["GET"]}}],"collection":[{"href":"https:\/\/sueca13flores.com\/da\/wp-json\/wp\/v2\/product"}],"about":[{"href":"https:\/\/sueca13flores.com\/da\/wp-json\/wp\/v2\/types\/product"}],"replies":[{"embeddable":true,"href":"https:\/\/sueca13flores.com\/da\/wp-json\/wp\/v2\/comments?post=614"}],"wp:featuredmedia":[{"embeddable":true,"href":"https:\/\/sueca13flores.com\/da\/wp-json\/wp\/v2\/media\/591"}],"wp:attachment":[{"href":"https:\/\/sueca13flores.com\/da\/wp-json\/wp\/v2\/media?parent=614"}],"wp:term":[{"taxonomy":"product_brand","embeddable":true,"href":"https:\/\/sueca13flores.com\/da\/wp-json\/wp\/v2\/product_brand?post=614"},{"taxonomy":"product_cat","embeddable":true,"href":"https:\/\/sueca13flores.com\/da\/wp-json\/wp\/v2\/product_cat?post=614"},{"taxonomy":"product_tag","embeddable":true,"href":"https:\/\/sueca13flores.com\/da\/wp-json\/wp\/v2\/product_tag?post=614"}],"curies":[{"name":"wp","href":"https:\/\/api.w.org\/{rel}","templated":true}]}}