{"id":615,"date":"2023-06-04T21:00:26","date_gmt":"2023-06-04T19:00:26","guid":{"rendered":"https:\/\/sueca13flores.com\/?post_type=product&#038;p=615"},"modified":"2025-06-24T08:29:32","modified_gmt":"2025-06-24T06:29:32","slug":"smukke-roser","status":"publish","type":"product","link":"https:\/\/sueca13flores.com\/da\/product-2\/smukke-roser\/","title":{"rendered":"Belle roser"},"content":{"rendered":"","protected":false},"excerpt":{"rendered":"<p>&nbsp;<\/p>\n<p><span style=\"vertical-align: inherit;\"><span style=\"vertical-align: inherit;\"><span style=\"vertical-align: inherit;\"><span style=\"vertical-align: inherit;\"><span style=\"vertical-align: inherit;\"><span style=\"vertical-align: inherit;\">En dejlig gave til at fejre k\u00e6rlighed og elegance.<\/span><\/span><\/span><\/span><\/span><\/span><\/p>\n<p><span style=\"vertical-align: inherit;\"><span style=\"vertical-align: inherit;\"><span style=\"vertical-align: inherit;\"><span style=\"vertical-align: inherit;\"><span style=\"vertical-align: inherit;\"><span style=\"vertical-align: inherit;\">Belle Roses Basket er en romantisk og s\u00f8d g\u00e5tur, der kombinerer rosernes \u00e6teriske sk\u00f8nhed med varmen og autenticiteten i en flettet kurv, gr\u00f8nt som eukalyptus, bregner, mastiks og et strejf af paniculata eller hvid limonium, som tilsammen skaber en charmerende gave, der formidler k\u00e6rlighed og elegance i hvert eneste kronblad.<\/span><\/span><\/span><\/span><\/span><\/span><\/p>\n<p><span style=\"vertical-align: inherit;\"><span style=\"vertical-align: inherit;\"><span style=\"vertical-align: inherit;\"><span style=\"vertical-align: inherit;\"><span style=\"vertical-align: inherit;\"><span style=\"vertical-align: inherit;\">Lyser\u00f8de roser, det klassiske symbol p\u00e5 k\u00e6rlighed og s\u00f8dme, har betaget folks hjerter gennem \u00e5rhundreder. <\/span><\/span><\/span><\/span><\/span><span style=\"vertical-align: inherit;\"><span style=\"vertical-align: inherit;\"><span style=\"vertical-align: inherit;\"><span style=\"vertical-align: inherit;\"><span style=\"vertical-align: inherit;\">Hver rose med sine bl\u00f8de og delikate kronblade fort\u00e6ller en unik og meningsfuld k\u00e6rlighedshistorie. <\/span><\/span><\/span><\/span><\/span><span style=\"vertical-align: inherit;\"><span style=\"vertical-align: inherit;\"><span style=\"vertical-align: inherit;\"><span style=\"vertical-align: inherit;\"><span style=\"vertical-align: inherit;\">I denne kurv pr\u00e6senteres roserne i al deres pragt og danner et visuelt bl\u00e6ndende skue, som ikke vil g\u00e5 ubem\u00e6rket hen.<\/span><\/span><\/span><\/span><\/span><\/span><\/p>\n<p><span style=\"vertical-align: inherit;\"><span style=\"vertical-align: inherit;\"><span style=\"vertical-align: inherit;\"><span style=\"vertical-align: inherit;\"><span style=\"vertical-align: inherit;\"><span style=\"vertical-align: inherit;\">Den flettede kurv, der er h\u00e5ndflettet med dygtigt h\u00e5ndv\u00e6rk, tilf\u00f8jer et strejf af autenticitet og rustikitet til denne romantiske gave. <\/span><\/span><\/span><\/span><\/span><span style=\"vertical-align: inherit;\"><span style=\"vertical-align: inherit;\"><span style=\"vertical-align: inherit;\"><span style=\"vertical-align: inherit;\"><span style=\"vertical-align: inherit;\">Kurven giver en solid og stabil base for roserne, s\u00e5 de holder sig friske og p\u00e5 plads under transport og udstilling. <\/span><\/span><\/span><\/span><\/span><span style=\"vertical-align: inherit;\"><span style=\"vertical-align: inherit;\"><span style=\"vertical-align: inherit;\"><span style=\"vertical-align: inherit;\"><span style=\"vertical-align: inherit;\">Desuden skaber kurvens naturlige tekstur en visuelt tiltalende kontrast til rosernes bl\u00f8dhed og elegance og tilf\u00f8jer et strejf af rustik charme til pr\u00e6sentationen.<\/span><\/span><\/span><\/span><\/span><\/span><\/p>\n<p><span style=\"vertical-align: inherit;\"><span style=\"vertical-align: inherit;\"><span style=\"vertical-align: inherit;\"><span style=\"vertical-align: inherit;\"><span style=\"vertical-align: inherit;\"><span style=\"vertical-align: inherit;\">Lyser\u00f8de roser formidler f\u00f8lelser af hengivenhed, taknemmelighed og beundring, hvilket g\u00f8r denne kurv til den perfekte gave til at fejre s\u00e6rlige lejligheder som jubil\u00e6er, f\u00f8dselsdage eller romantiske \u00f8jeblikke. <\/span><\/span><\/span><\/span><\/span><span style=\"vertical-align: inherit;\"><span style=\"vertical-align: inherit;\"><span style=\"vertical-align: inherit;\"><span style=\"vertical-align: inherit;\"><span style=\"vertical-align: inherit;\">Hver rose fort\u00e6ller en unik og meningsfuld k\u00e6rlighedshistorie, hvilket g\u00f8r denne gave til et perfekt udtryk for dine dybeste f\u00f8lelser.<\/span><\/span><\/span><\/span><\/span><\/span><\/p>\n<p><span style=\"vertical-align: inherit;\"><span style=\"vertical-align: inherit;\"><span style=\"vertical-align: inherit;\"><span style=\"vertical-align: inherit;\"><span style=\"vertical-align: inherit;\"><span style=\"vertical-align: inherit;\">Hver Belle Roses-kurv er et unikt blomsterkunstv\u00e6rk, der er designet til at formidle k\u00e6rlighedens sk\u00f8nhed og renhed i sin mest elegante form.<\/span><\/span><\/span><\/span><\/span><\/span><\/p>\n<p><span style=\"vertical-align: inherit;\"><span style=\"vertical-align: inherit;\"><span style=\"vertical-align: inherit;\"><span style=\"vertical-align: inherit;\"><span style=\"vertical-align: inherit;\"><span style=\"vertical-align: inherit;\">Du kan tilf\u00f8je en kort dedikation gratis.<\/span><\/span><\/span><\/span><\/span><\/span><\/p>","protected":false},"featured_media":617,"comment_status":"open","ping_status":"closed","template":"","meta":[],"product_brand":[],"product_cat":[38,40],"product_tag":[],"class_list":{"0":"post-615","1":"product","2":"type-product","3":"status-publish","4":"has-post-thumbnail","6":"product_cat-centros-y-cestas-de-flores","7":"product_cat-san-valentin","9":"first","10":"instock","11":"taxable","12":"shipping-taxable","13":"purchasable","14":"product-type-simple"},"_links":{"self":[{"href":"https:\/\/sueca13flores.com\/da\/wp-json\/wp\/v2\/product\/615","targetHints":{"allow":["GET"]}}],"collection":[{"href":"https:\/\/sueca13flores.com\/da\/wp-json\/wp\/v2\/product"}],"about":[{"href":"https:\/\/sueca13flores.com\/da\/wp-json\/wp\/v2\/types\/product"}],"replies":[{"embeddable":true,"href":"https:\/\/sueca13flores.com\/da\/wp-json\/wp\/v2\/comments?post=615"}],"wp:featuredmedia":[{"embeddable":true,"href":"https:\/\/sueca13flores.com\/da\/wp-json\/wp\/v2\/media\/617"}],"wp:attachment":[{"href":"https:\/\/sueca13flores.com\/da\/wp-json\/wp\/v2\/media?parent=615"}],"wp:term":[{"taxonomy":"product_brand","embeddable":true,"href":"https:\/\/sueca13flores.com\/da\/wp-json\/wp\/v2\/product_brand?post=615"},{"taxonomy":"product_cat","embeddable":true,"href":"https:\/\/sueca13flores.com\/da\/wp-json\/wp\/v2\/product_cat?post=615"},{"taxonomy":"product_tag","embeddable":true,"href":"https:\/\/sueca13flores.com\/da\/wp-json\/wp\/v2\/product_tag?post=615"}],"curies":[{"name":"wp","href":"https:\/\/api.w.org\/{rel}","templated":true}]}}