{"id":620,"date":"2023-06-04T22:44:20","date_gmt":"2023-06-04T20:44:20","guid":{"rendered":"https:\/\/sueca13flores.com\/?post_type=product&#038;p=620"},"modified":"2025-06-24T08:29:32","modified_gmt":"2025-06-24T06:29:32","slug":"konserveret-regnbue-ring","status":"publish","type":"product","link":"https:\/\/sueca13flores.com\/da\/product-2\/konserveret-regnbue-ring\/","title":{"rendered":"Konserveret Rainbow Hoop"},"content":{"rendered":"","protected":false},"excerpt":{"rendered":"<p>&nbsp;<\/p>\n<p>Oplev den tidl\u00f8se sk\u00f8nhed ved paniculata med vores charmerende Preserved Coloured Paniculata Ring. Dette f\u00e6ngslende blomsterornament kombinerer paniculataens naturlige elegance med holdbarheden af konserverede blomster, hvilket skaber et unikt og charmerende dekorativt element, der vil tilf\u00f8je et strejf af stil til ethvert rum.<\/p>\n<p>Vores Preserved Coloured Paniculata Ring er en hyldest til naturens finesse og sk\u00f8nhed. Hver paniculata-st\u00e6ngel er omhyggeligt udvalgt og konserveret, s\u00e5 den bevarer sin oprindelige form og farve. Dristige, levende farver tilf\u00f8rer ringen en dimension af charme og raffinement.<\/p>\n<p>Dette blomsterornament er udformet som en b\u00f8jle, hvilket giver det et moderne og elegant look. B\u00f8jlen, der er lavet af kvalitetsmaterialer, giver en solid og stabil base for paniculataen og sikrer, at ornamentet forbliver i perfekt stand og klar til at dekorere ethvert rum.<\/p>\n<p>Som konserverede blomster har de den fordel, at de er langtidsholdbare og bevarer deres sk\u00f8nhed over tid. Konserverede blomster kr\u00e6ver ingen s\u00e6rlig pleje og bevarer deres friske og levende udseende i lang tid, s\u00e5 du kan nyde deres blomstercharme uden bekymring. Undg\u00e5 at uds\u00e6tte dem for sollys og undg\u00e5 kontakt med vand.<\/p>\n<p>Hver ring er et unikt stykke, designet til at formidle tidl\u00f8s sk\u00f8nhed og naturlig \u00e5nd i sin sandeste form.<\/p>\n<p>Kontakt os for andre nuancer.<\/p>\n<p>Mulighed for at tilf\u00f8je en kort dedikation gratis.<\/p>","protected":false},"featured_media":621,"comment_status":"open","ping_status":"closed","template":"","meta":[],"product_brand":[],"product_cat":[21],"product_tag":[],"class_list":{"0":"post-620","1":"product","2":"type-product","3":"status-publish","4":"has-post-thumbnail","6":"product_cat-flores-preservadas","8":"first","9":"onbackorder","10":"taxable","11":"shipping-taxable","12":"purchasable","13":"product-type-simple"},"_links":{"self":[{"href":"https:\/\/sueca13flores.com\/da\/wp-json\/wp\/v2\/product\/620","targetHints":{"allow":["GET"]}}],"collection":[{"href":"https:\/\/sueca13flores.com\/da\/wp-json\/wp\/v2\/product"}],"about":[{"href":"https:\/\/sueca13flores.com\/da\/wp-json\/wp\/v2\/types\/product"}],"replies":[{"embeddable":true,"href":"https:\/\/sueca13flores.com\/da\/wp-json\/wp\/v2\/comments?post=620"}],"wp:featuredmedia":[{"embeddable":true,"href":"https:\/\/sueca13flores.com\/da\/wp-json\/wp\/v2\/media\/621"}],"wp:attachment":[{"href":"https:\/\/sueca13flores.com\/da\/wp-json\/wp\/v2\/media?parent=620"}],"wp:term":[{"taxonomy":"product_brand","embeddable":true,"href":"https:\/\/sueca13flores.com\/da\/wp-json\/wp\/v2\/product_brand?post=620"},{"taxonomy":"product_cat","embeddable":true,"href":"https:\/\/sueca13flores.com\/da\/wp-json\/wp\/v2\/product_cat?post=620"},{"taxonomy":"product_tag","embeddable":true,"href":"https:\/\/sueca13flores.com\/da\/wp-json\/wp\/v2\/product_tag?post=620"}],"curies":[{"name":"wp","href":"https:\/\/api.w.org\/{rel}","templated":true}]}}