{"id":625,"date":"2023-06-04T22:56:05","date_gmt":"2023-06-04T20:56:05","guid":{"rendered":"https:\/\/sueca13flores.com\/?post_type=product&#038;p=625"},"modified":"2026-01-26T19:28:09","modified_gmt":"2026-01-26T18:28:09","slug":"evighed-rod-rose-kuppel","status":"publish","type":"product","link":"https:\/\/sueca13flores.com\/da\/product-2\/evighed-rod-rose-kuppel\/","title":{"rendered":"Eternity Red Rose Dome"},"content":{"rendered":"","protected":false},"excerpt":{"rendered":"<p><span style=\"vertical-align: inherit;\"><span style=\"vertical-align: inherit;\"><span style=\"vertical-align: inherit;\"><span style=\"vertical-align: inherit;\"><span style=\"vertical-align: inherit;\"><span style=\"vertical-align: inherit;\">Vores Preserved Red Rose Crystal Dome er et tidl\u00f8st symbol p\u00e5 k\u00e6rlighed og romantik. <\/span><\/span><\/span><\/span><\/span><span style=\"vertical-align: inherit;\"><span style=\"vertical-align: inherit;\"><span style=\"vertical-align: inherit;\"><span style=\"vertical-align: inherit;\"><span style=\"vertical-align: inherit;\">Den r\u00f8de rose, der er kendt som symbolet p\u00e5 lidenskabelig k\u00e6rlighed, har betaget folks hjerter gennem historien. <\/span><\/span><\/span><\/span><\/span><span style=\"vertical-align: inherit;\"><span style=\"vertical-align: inherit;\"><span style=\"vertical-align: inherit;\"><span style=\"vertical-align: inherit;\"><span style=\"vertical-align: inherit;\">Hvert kronblad er omhyggeligt bevaret, s\u00e5 det bevarer sin oprindelige form, farve og tekstur og giver en varig sk\u00f8nhed, der overg\u00e5r tiden.<\/span><\/span><\/span><\/span><\/span><\/span><\/p>\n<p><span style=\"vertical-align: inherit;\"><span style=\"vertical-align: inherit;\"><span style=\"vertical-align: inherit;\"><span style=\"vertical-align: inherit;\"><span style=\"vertical-align: inherit;\"><span style=\"vertical-align: inherit;\">Glaskuplen tilf\u00f8jer med sin gennemsigtighed et strejf af magi og mystik til den konserverede rose. <\/span><\/span><\/span><\/span><\/span><span style=\"vertical-align: inherit;\"><span style=\"vertical-align: inherit;\"><span style=\"vertical-align: inherit;\"><span style=\"vertical-align: inherit;\"><span style=\"vertical-align: inherit;\">Kuplen beskytter og fremh\u00e6ver rosen og skaber en fortryllende og betagende atmosf\u00e6re. <\/span><\/span><\/span><\/span><\/span><span style=\"vertical-align: inherit;\"><span style=\"vertical-align: inherit;\"><span style=\"vertical-align: inherit;\"><span style=\"vertical-align: inherit;\"><span style=\"vertical-align: inherit;\">Derudover giver kuplens base, der er lavet af materialer af h\u00f8j kvalitet, stabilitet og et elegant udseende, s\u00e5 rosen kan skinne i al sin pragt.<\/span><\/span><\/span><\/span><\/span><\/span><\/p>\n<p><span style=\"vertical-align: inherit;\"><span style=\"vertical-align: inherit;\"><span style=\"vertical-align: inherit;\"><span style=\"vertical-align: inherit;\"><span style=\"vertical-align: inherit;\"><span style=\"vertical-align: inherit;\">Vores Preserved Red Rose Crystal Dome er ikke kun et visuelt fantastisk dekorativt stykke, men ogs\u00e5 en gave fuld af betydning og symbolik. <\/span><\/span><\/span><\/span><\/span><span style=\"vertical-align: inherit;\"><span style=\"vertical-align: inherit;\"><span style=\"vertical-align: inherit;\"><span style=\"vertical-align: inherit;\"><span style=\"vertical-align: inherit;\">Den r\u00f8de rose repr\u00e6senterer lidenskabelig k\u00e6rlighed, beundring og hengivenhed, hvilket g\u00f8r dette ornament til den perfekte gave til s\u00e6rlige lejligheder som jubil\u00e6er, f\u00f8dselsdage eller romantiske \u00f8jeblikke. <\/span><\/span><\/span><\/span><\/span><span style=\"vertical-align: inherit;\"><span style=\"vertical-align: inherit;\"><span style=\"vertical-align: inherit;\"><span style=\"vertical-align: inherit;\"><span style=\"vertical-align: inherit;\">Hver gang nogen ser p\u00e5 den konserverede rose inde i kuplen, vil de blive mindet om den evige k\u00e6rlighed og sk\u00f8nhed, den repr\u00e6senterer.<\/span><\/span><\/span><\/span><\/span><\/span><\/p>\n<p><span style=\"vertical-align: inherit;\"><span style=\"vertical-align: inherit;\"><span style=\"vertical-align: inherit;\"><span style=\"vertical-align: inherit;\"><span style=\"vertical-align: inherit;\"><span style=\"vertical-align: inherit;\">Tilf\u00f8j et strejf af romantisk charme til dit hjem, eller overrask en s\u00e6rlig person med vores f\u00e6ngslende Preserved Red Rose Crystal Dome.\u00a0<\/span><\/span><\/span><\/span><\/span><\/span><\/p>\n<p><span style=\"vertical-align: inherit;\"><span style=\"vertical-align: inherit;\"><span style=\"vertical-align: inherit;\"><span style=\"vertical-align: inherit;\"><span style=\"vertical-align: inherit;\"><span style=\"vertical-align: inherit;\">Du kan tilf\u00f8je en kort dedikation gratis.<\/span><\/span><\/span><\/span><\/span><\/span><\/p>","protected":false},"featured_media":626,"comment_status":"open","ping_status":"closed","template":"","meta":[],"product_brand":[],"product_cat":[21,24,40],"product_tag":[],"class_list":{"0":"post-625","1":"product","2":"type-product","3":"status-publish","4":"has-post-thumbnail","6":"product_cat-flores-preservadas","7":"product_cat-rosas","8":"product_cat-san-valentin","10":"first","11":"instock","12":"taxable","13":"shipping-taxable","14":"purchasable","15":"product-type-simple"},"_links":{"self":[{"href":"https:\/\/sueca13flores.com\/da\/wp-json\/wp\/v2\/product\/625","targetHints":{"allow":["GET"]}}],"collection":[{"href":"https:\/\/sueca13flores.com\/da\/wp-json\/wp\/v2\/product"}],"about":[{"href":"https:\/\/sueca13flores.com\/da\/wp-json\/wp\/v2\/types\/product"}],"replies":[{"embeddable":true,"href":"https:\/\/sueca13flores.com\/da\/wp-json\/wp\/v2\/comments?post=625"}],"wp:featuredmedia":[{"embeddable":true,"href":"https:\/\/sueca13flores.com\/da\/wp-json\/wp\/v2\/media\/626"}],"wp:attachment":[{"href":"https:\/\/sueca13flores.com\/da\/wp-json\/wp\/v2\/media?parent=625"}],"wp:term":[{"taxonomy":"product_brand","embeddable":true,"href":"https:\/\/sueca13flores.com\/da\/wp-json\/wp\/v2\/product_brand?post=625"},{"taxonomy":"product_cat","embeddable":true,"href":"https:\/\/sueca13flores.com\/da\/wp-json\/wp\/v2\/product_cat?post=625"},{"taxonomy":"product_tag","embeddable":true,"href":"https:\/\/sueca13flores.com\/da\/wp-json\/wp\/v2\/product_tag?post=625"}],"curies":[{"name":"wp","href":"https:\/\/api.w.org\/{rel}","templated":true}]}}