{"id":627,"date":"2023-07-25T18:38:42","date_gmt":"2023-07-25T16:38:42","guid":{"rendered":"https:\/\/sueca13flores.com\/?post_type=product&#038;p=627"},"modified":"2024-05-03T00:06:15","modified_gmt":"2024-05-02T22:06:15","slug":"brev-a-med-konserverede-blomster","status":"publish","type":"product","link":"https:\/\/sueca13flores.com\/da\/product-2\/brev-a-med-konserverede-blomster\/","title":{"rendered":"Bogstav A i konserverede blomster"},"content":{"rendered":"","protected":false},"excerpt":{"rendered":"<p><span style=\"vertical-align: inherit;\"><span style=\"vertical-align: inherit;\">Hvert initial er et unikt, h\u00e5ndlavet blomsterkunstv\u00e6rk, der kombinerer naturlig sk\u00f8nhed med holdbarheden af konserverede blomster som hortensia, risblomst, phalaris og eukalyptus. <\/span><span style=\"vertical-align: inherit;\">Den er lavet p\u00e5 en tr\u00e6base.<\/span><\/span><\/p>\n<p><span style=\"vertical-align: inherit;\"><span style=\"vertical-align: inherit;\">For at bevare sk\u00f8nheden i din Preserved Flowers Initial A skal du blot placere den indend\u00f8rs, t\u00f8rt og uden direkte sollys. <\/span><span style=\"vertical-align: inherit;\">Undg\u00e5 at uds\u00e6tte dem for fugt, s\u00e5 de konserverede blomster forbliver intakte over tid.<\/span><\/span><\/p>\n<p><span style=\"vertical-align: inherit;\"><span style=\"vertical-align: inherit;\">En konserveret blomstergave, der vil gl\u00e6de modtageren.<\/span><\/span><\/p>\n<p><span style=\"vertical-align: inherit;\"><span style=\"vertical-align: inherit;\">Hvis du \u00f8nsker andre farver eller konserverede blomster samt et andet forbogstav eller tal, bedes du kontakte os.<\/span><\/span><\/p>\n<p><span style=\"vertical-align: inherit;\"><span style=\"vertical-align: inherit;\">Du kan tilf\u00f8je en kort dedikation gratis.<\/span><\/span><\/p>","protected":false},"featured_media":1134,"comment_status":"open","ping_status":"closed","template":"","meta":[],"product_brand":[],"product_cat":[21],"product_tag":[],"class_list":{"0":"post-627","1":"product","2":"type-product","3":"status-publish","4":"has-post-thumbnail","6":"product_cat-flores-preservadas","8":"first","9":"instock","10":"taxable","11":"shipping-taxable","12":"purchasable","13":"product-type-simple"},"_links":{"self":[{"href":"https:\/\/sueca13flores.com\/da\/wp-json\/wp\/v2\/product\/627","targetHints":{"allow":["GET"]}}],"collection":[{"href":"https:\/\/sueca13flores.com\/da\/wp-json\/wp\/v2\/product"}],"about":[{"href":"https:\/\/sueca13flores.com\/da\/wp-json\/wp\/v2\/types\/product"}],"replies":[{"embeddable":true,"href":"https:\/\/sueca13flores.com\/da\/wp-json\/wp\/v2\/comments?post=627"}],"wp:featuredmedia":[{"embeddable":true,"href":"https:\/\/sueca13flores.com\/da\/wp-json\/wp\/v2\/media\/1134"}],"wp:attachment":[{"href":"https:\/\/sueca13flores.com\/da\/wp-json\/wp\/v2\/media?parent=627"}],"wp:term":[{"taxonomy":"product_brand","embeddable":true,"href":"https:\/\/sueca13flores.com\/da\/wp-json\/wp\/v2\/product_brand?post=627"},{"taxonomy":"product_cat","embeddable":true,"href":"https:\/\/sueca13flores.com\/da\/wp-json\/wp\/v2\/product_cat?post=627"},{"taxonomy":"product_tag","embeddable":true,"href":"https:\/\/sueca13flores.com\/da\/wp-json\/wp\/v2\/product_tag?post=627"}],"curies":[{"name":"wp","href":"https:\/\/api.w.org\/{rel}","templated":true}]}}