{"id":786,"date":"2023-07-26T11:27:19","date_gmt":"2023-07-26T09:27:19","guid":{"rendered":"https:\/\/sueca13flores.com\/?post_type=product&#038;p=786"},"modified":"2025-07-02T06:51:18","modified_gmt":"2025-07-02T04:51:18","slug":"gavekort-40","status":"publish","type":"product","link":"https:\/\/sueca13flores.com\/da\/product-2\/gavekort-40\/","title":{"rendered":"Gavekort 40"},"content":{"rendered":"","protected":false},"excerpt":{"rendered":"<p>Har du sv\u00e6rt ved at v\u00e6lge mellem at give en plante eller nogle smukke blomster? Du beh\u00f8ver ikke bekymre dig mere! Vores eksklusive gavekort er den perfekte mulighed for at overraske dine k\u00e6re med en gave fuld af naturlige og charmerende muligheder. Med dette gavekort kan de give deres favorit fra vores brede udvalg af planter og blomster og sikre sig, at de f\u00e5r pr\u00e6cis det, de \u00f8nsker sig.<\/p>\n<p>Gavekortet giver maksimal fleksibilitet, s\u00e5 dine modtagere kan nyde sp\u00e6ndingen ved at v\u00e6lge deres ideelle plante eller blomsterbuket. De kan ogs\u00e5 modtage det p\u00e5 den m\u00e5de, de foretr\u00e6kker, enten med et traditionelt brev, via en elegant e-mail eller en personlig besked p\u00e5 WhatsApp.<\/p>\n<p>Hvert gavekort leveres med en unik kode, som nemt kan indl\u00f8ses i vores onlinebutik, hvilket giver en problemfri indk\u00f8bsoplevelse. Vores brede udvalg af friske, eksotiske og klassiske planter og blomster sikrer, at du kan finde noget, der passer perfekt til din smag og s\u00e6rlige lejligheder.<\/p>\n<p>Overrask dine k\u00e6re med valgfriheden og den naturlige sk\u00f8nhed i vores gavekort. Uanset om det er til en f\u00f8dselsdag, et jubil\u00e6um, en tak eller bare for at gl\u00e6de nogen, vil denne unikke gave give dem mulighed for at opdage og nyde naturens friskhed og sk\u00f8nhed.<\/p>\n<p><strong>Hvordan fungerer gavekortet?<\/strong><\/p>\n<ol>\n<li>V\u00e6lg v\u00e6rdien af det gavekort, du \u00f8nsker at give som gave.<\/li>\n<li>V\u00e6lg afsendelsesmetode: traditionelt brev, e-mail eller personlig besked p\u00e5 WhatsApp.<\/li>\n<li>Modtageren vil modtage gavekortet med en unik kode og et link til at indl\u00f8se det i vores onlinebutik.<\/li>\n<li>De vil kunne gennemse vores samling af planter og blomster og v\u00e6lge den gave, de bedst kan lide.<\/li>\n<li>De vil nyde deres valg og en gave fuld af friskhed og naturlig sk\u00f8nhed!<\/li>\n<\/ol>\n<p>Giv magien ved valg og natur med vores gavekort. Overrask dine k\u00e6re i dag, og del gl\u00e6den ved at give et gr\u00f8nt og blomsteragtigt touch!<\/p>","protected":false},"featured_media":785,"comment_status":"open","ping_status":"closed","template":"","meta":[],"product_brand":[],"product_cat":[23],"product_tag":[],"class_list":{"0":"post-786","1":"product","2":"type-product","3":"status-publish","4":"has-post-thumbnail","6":"product_cat-complementos","8":"first","9":"instock","10":"taxable","11":"shipping-taxable","12":"purchasable","13":"product-type-simple"},"_links":{"self":[{"href":"https:\/\/sueca13flores.com\/da\/wp-json\/wp\/v2\/product\/786","targetHints":{"allow":["GET"]}}],"collection":[{"href":"https:\/\/sueca13flores.com\/da\/wp-json\/wp\/v2\/product"}],"about":[{"href":"https:\/\/sueca13flores.com\/da\/wp-json\/wp\/v2\/types\/product"}],"replies":[{"embeddable":true,"href":"https:\/\/sueca13flores.com\/da\/wp-json\/wp\/v2\/comments?post=786"}],"wp:featuredmedia":[{"embeddable":true,"href":"https:\/\/sueca13flores.com\/da\/wp-json\/wp\/v2\/media\/785"}],"wp:attachment":[{"href":"https:\/\/sueca13flores.com\/da\/wp-json\/wp\/v2\/media?parent=786"}],"wp:term":[{"taxonomy":"product_brand","embeddable":true,"href":"https:\/\/sueca13flores.com\/da\/wp-json\/wp\/v2\/product_brand?post=786"},{"taxonomy":"product_cat","embeddable":true,"href":"https:\/\/sueca13flores.com\/da\/wp-json\/wp\/v2\/product_cat?post=786"},{"taxonomy":"product_tag","embeddable":true,"href":"https:\/\/sueca13flores.com\/da\/wp-json\/wp\/v2\/product_tag?post=786"}],"curies":[{"name":"wp","href":"https:\/\/api.w.org\/{rel}","templated":true}]}}