{"id":788,"date":"2023-07-26T12:08:23","date_gmt":"2023-07-26T10:08:23","guid":{"rendered":"https:\/\/sueca13flores.com\/?post_type=product&#038;p=788"},"modified":"2025-05-21T19:11:10","modified_gmt":"2025-05-21T17:11:10","slug":"monstera-oblique-i-vintage-kube","status":"publish","type":"product","link":"https:\/\/sueca13flores.com\/da\/product-2\/monstera-oblique-i-vintage-kube\/","title":{"rendered":"Monstera obliqua"},"content":{"rendered":"","protected":false},"excerpt":{"rendered":"<p><span style=\"vertical-align: inherit;\"><span style=\"vertical-align: inherit;\"><span style=\"vertical-align: inherit;\"><span style=\"vertical-align: inherit;\"><span style=\"vertical-align: inherit;\"><span style=\"vertical-align: inherit;\">Oplev elegancen og charmen ved Monstera Obliqua, en eksotisk plante, der fascinerer med sine unikke blade og sit jungleagtige udseende. Denne art er ogs\u00e5 kendt som \"Monstera Adansonii\" og er ber\u00f8mt for sine hjerteformede blade med karakteristiske huller, som giver den et sk\u00e6r af mystik og sk\u00f8nhed.<\/span><\/span><\/span><\/span><\/span><\/span><\/p>\n<p><strong><span style=\"vertical-align: inherit;\"><span style=\"vertical-align: inherit;\"><span style=\"vertical-align: inherit;\"><span style=\"vertical-align: inherit;\"><span style=\"vertical-align: inherit;\"><span style=\"vertical-align: inherit;\">Vigtige funktioner:<\/span><\/span><\/span><\/span><\/span><\/span><\/strong><\/p>\n<p><strong><span style=\"vertical-align: inherit;\"><span style=\"vertical-align: inherit;\"><span style=\"vertical-align: inherit;\"><span style=\"vertical-align: inherit;\"><span style=\"vertical-align: inherit;\"><span style=\"vertical-align: inherit;\">1. Fascinerende blade:<\/span><\/span><\/span><\/span><\/span><\/span><\/strong><span style=\"vertical-align: inherit;\"><span style=\"vertical-align: inherit;\"><span style=\"vertical-align: inherit;\"><span style=\"vertical-align: inherit;\"><span style=\"vertical-align: inherit;\"><span style=\"vertical-align: inherit;\"> Monstera obliqua er kendt for sine f\u00e6nomenale blade, der er kendetegnet ved deres udsk\u00e6ringer og huller, hvilket har givet den tilnavnet \"plante med perforerede blade\". Hvert blad er et naturligt kunstv\u00e6rk med et unikt m\u00f8nster, der forst\u00e6rker dets visuelle tiltr\u00e6kningskraft.<\/span><\/span><\/span><\/span><\/span><\/span><\/p>\n<p><strong><span style=\"vertical-align: inherit;\"><span style=\"vertical-align: inherit;\"><span style=\"vertical-align: inherit;\"><span style=\"vertical-align: inherit;\"><span style=\"vertical-align: inherit;\"><span style=\"vertical-align: inherit;\">2. Nem pleje:<\/span><\/span><\/span><\/span><\/span><\/span><\/strong><span style=\"vertical-align: inherit;\"><span style=\"vertical-align: inherit;\"><span style=\"vertical-align: inherit;\"><span style=\"vertical-align: inherit;\"><span style=\"vertical-align: inherit;\"><span style=\"vertical-align: inherit;\"> P\u00e5 trods af sit eksotiske udseende er Monstera obliqua en relativt nem stueplante at passe. Med lidt indirekte lys og moderat vanding vil denne plante trives og vokse i dit hjem med ynde og elegance.<\/span><\/span><\/span><\/span><\/span><\/span><\/p>\n<p><strong><span style=\"vertical-align: inherit;\"><span style=\"vertical-align: inherit;\"><span style=\"vertical-align: inherit;\"><span style=\"vertical-align: inherit;\"><span style=\"vertical-align: inherit;\"><span style=\"vertical-align: inherit;\">3. Ideel til sm\u00e5 rum:<\/span><\/span><\/span><\/span><\/span><\/span><\/strong><span style=\"vertical-align: inherit;\"><span style=\"vertical-align: inherit;\"><span style=\"vertical-align: inherit;\"><span style=\"vertical-align: inherit;\"><span style=\"vertical-align: inherit;\"><span style=\"vertical-align: inherit;\"> Dens kompakte v\u00e6kst g\u00f8r den perfekt til sm\u00e5 rum. Placer den p\u00e5 en kaminhylde, en hylde eller i en h\u00e6ngende krukke, og du vil se, hvordan den forsk\u00f8nner ethvert hj\u00f8rne af dit hjem med sin eksotiske tilstedev\u00e6relse.<\/span><\/span><\/span><\/span><\/span><\/span><\/p>\n<p><strong><span style=\"vertical-align: inherit;\"><span style=\"vertical-align: inherit;\"><span style=\"vertical-align: inherit;\"><span style=\"vertical-align: inherit;\"><span style=\"vertical-align: inherit;\"><span style=\"vertical-align: inherit;\">4. Luftrenser:<\/span><\/span><\/span><\/span><\/span><\/span><\/strong><span style=\"vertical-align: inherit;\"><span style=\"vertical-align: inherit;\"><span style=\"vertical-align: inherit;\"><span style=\"vertical-align: inherit;\"><span style=\"vertical-align: inherit;\"><span style=\"vertical-align: inherit;\"> Ud over sin \u00e6stetiske appel fungerer Monstera Obliqua ogs\u00e5 som et naturligt luftfilter, der fjerner giftstoffer og forbedrer kvaliteten af milj\u00f8et i dit hjem.<\/span><\/span><\/span><\/span><\/span><\/span><\/p>\n<p><span style=\"vertical-align: inherit;\"><span style=\"vertical-align: inherit;\"><span style=\"vertical-align: inherit;\"><span style=\"vertical-align: inherit;\"><span style=\"vertical-align: inherit;\"><span style=\"vertical-align: inherit;\">Tilf\u00f8j en Monstera Obliqua til din plantesamling, eller overrask en, du holder af, med en helt s\u00e6rlig gave.\u00a0<\/span><\/span><\/span><\/span><\/span><\/span><\/p>\n<p>Omtrentlig h\u00f8jde 25 cm. Diameter 12 cm. Kurv medf\u00f8lger ikke.<\/p>\n<p>&nbsp;<\/p>\n<p>&nbsp;<\/p>","protected":false},"featured_media":960,"comment_status":"closed","ping_status":"closed","template":"","meta":[],"product_brand":[],"product_cat":[22],"product_tag":[],"class_list":{"0":"post-788","1":"product","2":"type-product","3":"status-publish","4":"has-post-thumbnail","6":"product_cat-plantas","8":"first","9":"instock","10":"taxable","11":"shipping-taxable","12":"purchasable","13":"product-type-simple"},"_links":{"self":[{"href":"https:\/\/sueca13flores.com\/da\/wp-json\/wp\/v2\/product\/788","targetHints":{"allow":["GET"]}}],"collection":[{"href":"https:\/\/sueca13flores.com\/da\/wp-json\/wp\/v2\/product"}],"about":[{"href":"https:\/\/sueca13flores.com\/da\/wp-json\/wp\/v2\/types\/product"}],"replies":[{"embeddable":true,"href":"https:\/\/sueca13flores.com\/da\/wp-json\/wp\/v2\/comments?post=788"}],"wp:featuredmedia":[{"embeddable":true,"href":"https:\/\/sueca13flores.com\/da\/wp-json\/wp\/v2\/media\/960"}],"wp:attachment":[{"href":"https:\/\/sueca13flores.com\/da\/wp-json\/wp\/v2\/media?parent=788"}],"wp:term":[{"taxonomy":"product_brand","embeddable":true,"href":"https:\/\/sueca13flores.com\/da\/wp-json\/wp\/v2\/product_brand?post=788"},{"taxonomy":"product_cat","embeddable":true,"href":"https:\/\/sueca13flores.com\/da\/wp-json\/wp\/v2\/product_cat?post=788"},{"taxonomy":"product_tag","embeddable":true,"href":"https:\/\/sueca13flores.com\/da\/wp-json\/wp\/v2\/product_tag?post=788"}],"curies":[{"name":"wp","href":"https:\/\/api.w.org\/{rel}","templated":true}]}}