{"id":795,"date":"2023-08-07T18:26:53","date_gmt":"2023-08-07T16:26:53","guid":{"rendered":"https:\/\/sueca13flores.com\/?post_type=product&#038;p=795"},"modified":"2025-05-22T06:49:52","modified_gmt":"2025-05-22T04:49:52","slug":"capacito-campestre-siemprevivas","status":"publish","type":"product","link":"https:\/\/sueca13flores.com\/da\/product-2\/capacito-campestre-siemprevivas\/","title":{"rendered":"Capacito Campestre Siemprevivas"},"content":{"rendered":"","protected":false},"excerpt":{"rendered":"<p><span style=\"vertical-align: inherit;\"><span style=\"vertical-align: inherit;\"><span style=\"vertical-align: inherit;\"><span style=\"vertical-align: inherit;\">Oplev vores charmerende kurv i landlig stil. <\/span><span style=\"vertical-align: inherit;\">Dette f\u00e6ngslende blomsterarrangement kombinerer landskabets friskhed med autenticiteten fra t\u00f8rrede og konserverede blomster, hvilket skaber en varig og charmerende gave, der vil give et rustikt pr\u00e6g til ethvert rum.<\/span><\/span><\/span><\/span><\/p>\n<p><span style=\"vertical-align: inherit;\"><span style=\"vertical-align: inherit;\"><span style=\"vertical-align: inherit;\"><span style=\"vertical-align: inherit;\">Fremstillet med blomster dyrket i Spanien. <\/span><span style=\"vertical-align: inherit;\">Fra de sarte vilde blomster af farverig statice i bl\u00f8de nuancer, s\u00e5som limonium, der ledsager konserveret gr\u00f8nt som mastiks eller eukalyptus og bregner. <\/span><span style=\"vertical-align: inherit;\">Hvert element i arrangementet fremkalder den fredfyldte og rolige stemning p\u00e5 en eng p\u00e5 landet p\u00e5 alle \u00e5rstider.<\/span><\/span><\/span><\/span><\/p>\n<p><span style=\"vertical-align: inherit;\"><span style=\"vertical-align: inherit;\"><span style=\"vertical-align: inherit;\"><span style=\"vertical-align: inherit;\">Denne kurv med t\u00f8rrede blomster pr\u00e6senteres i en h\u00e5ndlavet fletkurv med en sl\u00f8jfe af raffia og giver et indtryk af autenticitet og rusticitet. <\/span><span style=\"vertical-align: inherit;\">Den flettede kurv giver en tekstur og et naturligt look, der fremh\u00e6ver blomsternes sk\u00f8nhed og skaber en visuelt tiltalende kontrast.<\/span><\/span><\/span><\/span><\/p>\n<p><span style=\"vertical-align: inherit;\"><span style=\"vertical-align: inherit;\"><span style=\"vertical-align: inherit;\"><span style=\"vertical-align: inherit;\">Vores kurv med konserverede t\u00f8rrede blomster er ikke kun en visuelt fantastisk gave, men har ogs\u00e5 den fordel, at den er langtidsholdbar og bevarer sin sk\u00f8nhed over tid, da den ikke har brug for vand. <\/span><span style=\"vertical-align: inherit;\">T\u00f8rrede og konserverede blomster kr\u00e6ver ingen s\u00e6rlig pleje og bevarer deres friske og levende udseende i lang tid, s\u00e5 du kan nyde deres rustikke charme uden bekymring.<\/span><\/span><\/span><\/span><\/p>\n<p><span style=\"vertical-align: inherit;\"><span style=\"vertical-align: inherit;\"><span style=\"vertical-align: inherit;\"><span style=\"vertical-align: inherit;\">Hver kurv er h\u00e5ndlavet, s\u00e5 de er alle unikke og forskellige. <\/span><span style=\"vertical-align: inherit;\">Vi bruger ogs\u00e5 s\u00e6sonbetonede og lokale blomster, n\u00e5r det er muligt, f.eks. statis og limonium, som dyrkes i Valencia.<\/span><\/span><\/span><\/span><\/p>\n<p><span style=\"vertical-align: inherit;\"><span style=\"vertical-align: inherit;\"><span style=\"vertical-align: inherit;\"><span style=\"vertical-align: inherit;\">Giv dit hjem et strejf af rustik charme og blivende charme med vores f\u00e6ngslende Country Basket.<\/span><\/span><\/span><\/span><\/p>\n<p><span style=\"vertical-align: inherit;\"><span style=\"vertical-align: inherit;\"><span style=\"vertical-align: inherit;\"><span style=\"vertical-align: inherit;\">Du kan tilf\u00f8je en kort dedikation gratis.<\/span><\/span><\/span><\/span><\/p>\n<p><span style=\"vertical-align: inherit;\"><span style=\"vertical-align: inherit;\"><span style=\"vertical-align: inherit;\"><span style=\"vertical-align: inherit;\">Omtrentlige m\u00e5l 16 cm h\u00f8j 25 cm lang.<\/span><\/span><\/span><\/span><\/p>","protected":false},"featured_media":796,"comment_status":"closed","ping_status":"closed","template":"","meta":[],"product_brand":[],"product_cat":[42,21],"product_tag":[],"class_list":{"0":"post-795","1":"product","2":"type-product","3":"status-publish","4":"has-post-thumbnail","6":"product_cat-dia-de-la-madre","7":"product_cat-flores-preservadas","9":"first","10":"instock","11":"taxable","12":"shipping-taxable","13":"purchasable","14":"product-type-simple"},"_links":{"self":[{"href":"https:\/\/sueca13flores.com\/da\/wp-json\/wp\/v2\/product\/795","targetHints":{"allow":["GET"]}}],"collection":[{"href":"https:\/\/sueca13flores.com\/da\/wp-json\/wp\/v2\/product"}],"about":[{"href":"https:\/\/sueca13flores.com\/da\/wp-json\/wp\/v2\/types\/product"}],"replies":[{"embeddable":true,"href":"https:\/\/sueca13flores.com\/da\/wp-json\/wp\/v2\/comments?post=795"}],"wp:featuredmedia":[{"embeddable":true,"href":"https:\/\/sueca13flores.com\/da\/wp-json\/wp\/v2\/media\/796"}],"wp:attachment":[{"href":"https:\/\/sueca13flores.com\/da\/wp-json\/wp\/v2\/media?parent=795"}],"wp:term":[{"taxonomy":"product_brand","embeddable":true,"href":"https:\/\/sueca13flores.com\/da\/wp-json\/wp\/v2\/product_brand?post=795"},{"taxonomy":"product_cat","embeddable":true,"href":"https:\/\/sueca13flores.com\/da\/wp-json\/wp\/v2\/product_cat?post=795"},{"taxonomy":"product_tag","embeddable":true,"href":"https:\/\/sueca13flores.com\/da\/wp-json\/wp\/v2\/product_tag?post=795"}],"curies":[{"name":"wp","href":"https:\/\/api.w.org\/{rel}","templated":true}]}}