{"id":832,"date":"2023-11-22T18:56:21","date_gmt":"2023-11-22T17:56:21","guid":{"rendered":"https:\/\/sueca13flores.com\/?post_type=product&#038;p=832"},"modified":"2026-01-02T10:47:40","modified_gmt":"2026-01-02T09:47:40","slug":"julekrans-nadal","status":"publish","type":"product","link":"https:\/\/sueca13flores.com\/da\/product-2\/julekrans-nadal\/","title":{"rendered":"Jul Nadal"},"content":{"rendered":"","protected":false},"excerpt":{"rendered":"<p><span style=\"vertical-align: inherit;\"><span style=\"vertical-align: inherit;\">Eksklusiv h\u00e5ndlavet julekrans, omhyggeligt fremstillet af naturlige og aromatiske materialer som f.eks. gran, frisk eukalyptus, kanelst\u00e6nger og appelsinskiver. <\/span><\/span><span style=\"vertical-align: inherit;\"><span style=\"vertical-align: inherit;\">Et varmt dekorativt strejf af ren juleessens, skabt til at give dit hjem et festligt og aromatisk pr\u00e6g.<\/span><\/span><\/p>\n<p><span style=\"vertical-align: inherit;\"><span style=\"vertical-align: inherit;\">Nogle elementer kan variere afh\u00e6ngigt af tilg\u00e6ngelighed. Billedet er vejledende, da vores kranse er h\u00e5ndlavede, og hver enkelt er forskellig og unik.\u00a0<\/span><\/span><\/p>\n<p><span style=\"vertical-align: inherit;\"><span style=\"vertical-align: inherit;\">Hvis du \u00f8nsker en bestemt sammens\u00e6tning i en s\u00e6rlig nuance eller med et bestemt materiale, kan du kontakte os via whatsapp-knappen.<\/span><\/span><\/p>\n<p>Omtrentlig st\u00f8rrelse diameter 30-35 cm<\/p>\n<p>&nbsp;<\/p>","protected":false},"featured_media":828,"comment_status":"closed","ping_status":"closed","template":"","meta":[],"product_brand":[],"product_cat":[39],"product_tag":[],"class_list":{"0":"post-832","1":"product","2":"type-product","3":"status-publish","4":"has-post-thumbnail","6":"product_cat-navidad","8":"first","9":"outofstock","10":"taxable","11":"shipping-taxable","12":"purchasable","13":"product-type-simple"},"_links":{"self":[{"href":"https:\/\/sueca13flores.com\/da\/wp-json\/wp\/v2\/product\/832","targetHints":{"allow":["GET"]}}],"collection":[{"href":"https:\/\/sueca13flores.com\/da\/wp-json\/wp\/v2\/product"}],"about":[{"href":"https:\/\/sueca13flores.com\/da\/wp-json\/wp\/v2\/types\/product"}],"replies":[{"embeddable":true,"href":"https:\/\/sueca13flores.com\/da\/wp-json\/wp\/v2\/comments?post=832"}],"wp:featuredmedia":[{"embeddable":true,"href":"https:\/\/sueca13flores.com\/da\/wp-json\/wp\/v2\/media\/828"}],"wp:attachment":[{"href":"https:\/\/sueca13flores.com\/da\/wp-json\/wp\/v2\/media?parent=832"}],"wp:term":[{"taxonomy":"product_brand","embeddable":true,"href":"https:\/\/sueca13flores.com\/da\/wp-json\/wp\/v2\/product_brand?post=832"},{"taxonomy":"product_cat","embeddable":true,"href":"https:\/\/sueca13flores.com\/da\/wp-json\/wp\/v2\/product_cat?post=832"},{"taxonomy":"product_tag","embeddable":true,"href":"https:\/\/sueca13flores.com\/da\/wp-json\/wp\/v2\/product_tag?post=832"}],"curies":[{"name":"wp","href":"https:\/\/api.w.org\/{rel}","templated":true}]}}