{"id":833,"date":"2023-11-22T19:47:43","date_gmt":"2023-11-22T18:47:43","guid":{"rendered":"https:\/\/sueca13flores.com\/?post_type=product&#038;p=833"},"modified":"2026-01-02T10:49:47","modified_gmt":"2026-01-02T09:49:47","slug":"buket-i-guld-eukalyptusvase","status":"publish","type":"product","link":"https:\/\/sueca13flores.com\/da\/product-2\/buket-i-guld-eukalyptusvase\/","title":{"rendered":"Buket i guld eukalyptusvase"},"content":{"rendered":"","protected":false},"excerpt":{"rendered":"<p><span style=\"vertical-align: inherit;\"><span style=\"vertical-align: inherit;\">Pynt dit hjem op til jul med denne elegante glasvase dekoreret med et arrangement af guldfarvet eukalyptus og naturlig eukalyptus cinerea. Duften af jul kommer ind i dit hjem.<\/span><\/span><\/p>\n<p><span style=\"vertical-align: inherit;\"><span style=\"vertical-align: inherit;\">Et strejf af s\u00e6rpr\u00e6g og sk\u00f8nhed, der vil byde julen velkommen og bringe varme og sk\u00f8nhed til ethvert rum i dit hjem.\u00a0<\/span><\/span><\/p>\n<p>Du kan tils\u00e6tte vand og lade det st\u00e5 t\u00f8rt i ferien.<\/p>\n<p><span style=\"vertical-align: inherit;\"><span style=\"vertical-align: inherit;\">F\u00e5s ogs\u00e5 i s\u00f8lv, hvid, metallic eller mat r\u00f8d og naturgr\u00f8n p\u00e5 foresp\u00f8rgsel.<\/span><\/span><\/p>\n<p>Omtrentlig h\u00f8jde p\u00e5 vasen 19 cm. Kompositionens omtrentlige h\u00f8jde 40-45 cm.<\/p>","protected":false},"featured_media":2387,"comment_status":"closed","ping_status":"closed","template":"","meta":[],"product_brand":[],"product_cat":[39],"product_tag":[],"class_list":{"0":"post-833","1":"product","2":"type-product","3":"status-publish","4":"has-post-thumbnail","6":"product_cat-navidad","8":"first","9":"outofstock","10":"taxable","11":"shipping-taxable","12":"purchasable","13":"product-type-simple"},"_links":{"self":[{"href":"https:\/\/sueca13flores.com\/da\/wp-json\/wp\/v2\/product\/833","targetHints":{"allow":["GET"]}}],"collection":[{"href":"https:\/\/sueca13flores.com\/da\/wp-json\/wp\/v2\/product"}],"about":[{"href":"https:\/\/sueca13flores.com\/da\/wp-json\/wp\/v2\/types\/product"}],"replies":[{"embeddable":true,"href":"https:\/\/sueca13flores.com\/da\/wp-json\/wp\/v2\/comments?post=833"}],"wp:featuredmedia":[{"embeddable":true,"href":"https:\/\/sueca13flores.com\/da\/wp-json\/wp\/v2\/media\/2387"}],"wp:attachment":[{"href":"https:\/\/sueca13flores.com\/da\/wp-json\/wp\/v2\/media?parent=833"}],"wp:term":[{"taxonomy":"product_brand","embeddable":true,"href":"https:\/\/sueca13flores.com\/da\/wp-json\/wp\/v2\/product_brand?post=833"},{"taxonomy":"product_cat","embeddable":true,"href":"https:\/\/sueca13flores.com\/da\/wp-json\/wp\/v2\/product_cat?post=833"},{"taxonomy":"product_tag","embeddable":true,"href":"https:\/\/sueca13flores.com\/da\/wp-json\/wp\/v2\/product_tag?post=833"}],"curies":[{"name":"wp","href":"https:\/\/api.w.org\/{rel}","templated":true}]}}