{"id":839,"date":"2023-11-22T20:43:02","date_gmt":"2023-11-22T19:43:02","guid":{"rendered":"https:\/\/sueca13flores.com\/?post_type=product&#038;p=839"},"modified":"2025-10-26T17:20:22","modified_gmt":"2025-10-26T16:20:22","slug":"julegavekort-45","status":"publish","type":"product","link":"https:\/\/sueca13flores.com\/da\/product-2\/julegavekort-45\/","title":{"rendered":"Julegavekort 45"},"content":{"rendered":"","protected":false},"excerpt":{"rendered":"<p><span style=\"vertical-align: inherit;\"><span style=\"vertical-align: inherit;\">Har du sv\u00e6rt ved at beslutte dig for, om du vil give en plante eller smukke blomster? <\/span><span style=\"vertical-align: inherit;\">Bare rolig!<\/span><\/span><\/p>\n<p><span style=\"vertical-align: inherit;\"><span style=\"vertical-align: inherit;\">Vores gavekort giver din gavemodtager mulighed for at v\u00e6lge fra vores brede udvalg af planter og blomster, s\u00e5 de f\u00e5r pr\u00e6cis det, de \u00f8nsker sig.<\/span><\/span><\/p>\n<p><span style=\"vertical-align: inherit;\"><span style=\"vertical-align: inherit;\">Gavekortet giver maksimal fleksibilitet, s\u00e5 dine modtagere kan nyde sp\u00e6ndingen ved at v\u00e6lge deres ideelle plante eller blomsterbuket. <\/span><span style=\"vertical-align: inherit;\">Desuden kan du modtage den p\u00e5 den m\u00e5de, du foretr\u00e6kker, enten som traditionelt brev, via en elegant e-mail eller som en personlig besked p\u00e5 WhatsApp.<\/span><\/span><\/p>\n<p><span style=\"vertical-align: inherit;\"><span style=\"vertical-align: inherit;\">Hvert gavekort kommer med en unik kode, som nemt kan indl\u00f8ses i vores fysiske butik, hvilket giver en problemfri shoppingoplevelse. <\/span><span style=\"vertical-align: inherit;\">Vores store udvalg af friske, eksotiske og klassiske planter og blomster sikrer, at du finder noget, der passer perfekt til din smag og s\u00e6rlige lejligheder.<\/span><\/span><\/p>\n<p><span style=\"vertical-align: inherit;\"><span style=\"vertical-align: inherit;\">Overrask dine k\u00e6re med valgfriheden og den naturlige sk\u00f8nhed i vores gavekort. <\/span><span style=\"vertical-align: inherit;\">Uanset om det er til en f\u00f8dselsdag, et jubil\u00e6um, en tak eller bare for at g\u00f8re en andens dag lysere, vil denne unikke gave give dem mulighed for at opdage og nyde naturens friskhed og sk\u00f8nhed.<\/span><\/span><\/p>\n<p><strong><span style=\"vertical-align: inherit;\"><span style=\"vertical-align: inherit;\">Hvordan fungerer gavekortet?<\/span><\/span><\/strong><\/p>\n<ol>\n<li><span style=\"vertical-align: inherit;\"><span style=\"vertical-align: inherit;\">V\u00e6lg afsendelsesmetode: traditionelt brev, e-mail eller personlig besked p\u00e5 WhatsApp.<\/span><\/span><\/li>\n<li><span style=\"vertical-align: inherit;\"><span style=\"vertical-align: inherit;\">Modtageren vil modtage gavekortet med en unik kode.\u00a0 <\/span><\/span><strong><span style=\"vertical-align: inherit;\"><span style=\"vertical-align: inherit;\">for at indl\u00f8se den i vores fysiske butik.<\/span><\/span><\/strong><\/li>\n<li><span style=\"vertical-align: inherit;\"><span style=\"vertical-align: inherit;\">De vil kunne gennemse vores samling af planter og blomster og v\u00e6lge den gave, de bedst kan lide.<\/span><\/span><\/li>\n<li><span style=\"vertical-align: inherit;\"><span style=\"vertical-align: inherit;\">De vil nyde deres valg og en gave fuld af friskhed og naturlig sk\u00f8nhed!<\/span><\/span><\/li>\n<li><span style=\"vertical-align: inherit;\"><span style=\"vertical-align: inherit;\">DENNE VOUCHER HAR INGEN UDL\u00d8BSDATO.<\/span><\/span><\/li>\n<\/ol>","protected":false},"featured_media":838,"comment_status":"closed","ping_status":"closed","template":"","meta":[],"product_brand":[],"product_cat":[39],"product_tag":[],"class_list":{"0":"post-839","1":"product","2":"type-product","3":"status-publish","4":"has-post-thumbnail","6":"product_cat-navidad","8":"first","9":"instock","10":"taxable","11":"shipping-taxable","12":"purchasable","13":"product-type-simple"},"_links":{"self":[{"href":"https:\/\/sueca13flores.com\/da\/wp-json\/wp\/v2\/product\/839","targetHints":{"allow":["GET"]}}],"collection":[{"href":"https:\/\/sueca13flores.com\/da\/wp-json\/wp\/v2\/product"}],"about":[{"href":"https:\/\/sueca13flores.com\/da\/wp-json\/wp\/v2\/types\/product"}],"replies":[{"embeddable":true,"href":"https:\/\/sueca13flores.com\/da\/wp-json\/wp\/v2\/comments?post=839"}],"wp:featuredmedia":[{"embeddable":true,"href":"https:\/\/sueca13flores.com\/da\/wp-json\/wp\/v2\/media\/838"}],"wp:attachment":[{"href":"https:\/\/sueca13flores.com\/da\/wp-json\/wp\/v2\/media?parent=839"}],"wp:term":[{"taxonomy":"product_brand","embeddable":true,"href":"https:\/\/sueca13flores.com\/da\/wp-json\/wp\/v2\/product_brand?post=839"},{"taxonomy":"product_cat","embeddable":true,"href":"https:\/\/sueca13flores.com\/da\/wp-json\/wp\/v2\/product_cat?post=839"},{"taxonomy":"product_tag","embeddable":true,"href":"https:\/\/sueca13flores.com\/da\/wp-json\/wp\/v2\/product_tag?post=839"}],"curies":[{"name":"wp","href":"https:\/\/api.w.org\/{rel}","templated":true}]}}