{"id":888,"date":"2024-01-17T19:58:51","date_gmt":"2024-01-17T18:58:51","guid":{"rendered":"https:\/\/sueca13flores.com\/?post_type=product&#038;p=888"},"modified":"2025-04-26T12:39:36","modified_gmt":"2025-04-26T10:39:36","slug":"gerberetes","status":"publish","type":"product","link":"https:\/\/sueca13flores.com\/da\/product-2\/gerberetes\/","title":{"rendered":"Blomsterbuket \"Gerberetes i Margarides\"."},"content":{"rendered":"<h2><\/h2>\n<p>&nbsp;<\/p>","protected":false},"excerpt":{"rendered":"<p>&nbsp;<\/p>\n<p><span style=\"vertical-align: inherit;\"><span style=\"vertical-align: inherit;\"><span style=\"vertical-align: inherit;\"><span style=\"vertical-align: inherit;\"><span style=\"vertical-align: inherit;\">Oplev gerberaernes charme, deres farverige kronblade og deres st\u00f8rrelse.<\/span><\/span><\/span><\/span><\/span><\/p>\n<p><span style=\"vertical-align: inherit;\"><span style=\"vertical-align: inherit;\"><span style=\"vertical-align: inherit;\"><span style=\"vertical-align: inherit;\"><span style=\"vertical-align: inherit;\">Vores buketter med margueritter og gerbera er ideelle til at formidle gl\u00e6de og gode vibrationer. De forskellige kombinationer af lyse farver p\u00e5 hver stilk samt det perfekte akkompagnement af gr\u00f8nt som bregner giver dig en unik oplevelse fuld af vitalitet og langvarig friskhed.<\/span><\/span><\/span><\/span><\/span><\/p>\n<p><span style=\"vertical-align: inherit;\"><span style=\"vertical-align: inherit;\"><span style=\"vertical-align: inherit;\"><span style=\"vertical-align: inherit;\"><span style=\"vertical-align: inherit;\">Uanset om du \u00f8nsker at udtrykke k\u00e6rlighed, venskab eller blot \u00f8nsker at g\u00f8re dagen lysere for en s\u00e6rlig person, er vores buket af margueritter og gerbera den perfekte gave. Desuden g\u00f8r deres alsidighed og styrke dem til den ideelle ledsager til enhver lejlighed, uanset om det er et jubil\u00e6um, en f\u00f8dselsdag eller blot til at dekorere dit hjem.<\/span><\/span><\/span><\/span><\/span><\/p>\n<p>Du kan tilf\u00f8je en gratis BRIEF-dedikation.<\/p>\n<p>&nbsp;<\/p>","protected":false},"featured_media":889,"comment_status":"closed","ping_status":"closed","template":"","meta":[],"product_brand":[],"product_cat":[42,26,40],"product_tag":[],"class_list":{"0":"post-888","1":"product","2":"type-product","3":"status-publish","4":"has-post-thumbnail","6":"product_cat-dia-de-la-madre","7":"product_cat-composiciones-de-flores-y-plantas","8":"product_cat-san-valentin","10":"first","11":"instock","12":"taxable","13":"shipping-taxable","14":"purchasable","15":"product-type-simple"},"_links":{"self":[{"href":"https:\/\/sueca13flores.com\/da\/wp-json\/wp\/v2\/product\/888","targetHints":{"allow":["GET"]}}],"collection":[{"href":"https:\/\/sueca13flores.com\/da\/wp-json\/wp\/v2\/product"}],"about":[{"href":"https:\/\/sueca13flores.com\/da\/wp-json\/wp\/v2\/types\/product"}],"replies":[{"embeddable":true,"href":"https:\/\/sueca13flores.com\/da\/wp-json\/wp\/v2\/comments?post=888"}],"wp:featuredmedia":[{"embeddable":true,"href":"https:\/\/sueca13flores.com\/da\/wp-json\/wp\/v2\/media\/889"}],"wp:attachment":[{"href":"https:\/\/sueca13flores.com\/da\/wp-json\/wp\/v2\/media?parent=888"}],"wp:term":[{"taxonomy":"product_brand","embeddable":true,"href":"https:\/\/sueca13flores.com\/da\/wp-json\/wp\/v2\/product_brand?post=888"},{"taxonomy":"product_cat","embeddable":true,"href":"https:\/\/sueca13flores.com\/da\/wp-json\/wp\/v2\/product_cat?post=888"},{"taxonomy":"product_tag","embeddable":true,"href":"https:\/\/sueca13flores.com\/da\/wp-json\/wp\/v2\/product_tag?post=888"}],"curies":[{"name":"wp","href":"https:\/\/api.w.org\/{rel}","templated":true}]}}