{"id":936,"date":"2024-02-11T18:48:46","date_gmt":"2024-02-11T17:48:46","guid":{"rendered":"https:\/\/sueca13flores.com\/?post_type=product&#038;p=936"},"modified":"2026-02-07T10:10:58","modified_gmt":"2026-02-07T09:10:58","slug":"evighed-pink-rose-kuppel","status":"publish","type":"product","link":"https:\/\/sueca13flores.com\/da\/product-2\/evighed-pink-rose-kuppel\/","title":{"rendered":"Eternity Pink Rose Dome"},"content":{"rendered":"","protected":false},"excerpt":{"rendered":"<p><span style=\"vertical-align: inherit;\"><span style=\"vertical-align: inherit;\">Vores Preserved Pink Rose Crystal Dome er et tidl\u00f8st symbol p\u00e5 k\u00e6rlighed og romantik. <\/span><span style=\"vertical-align: inherit;\">Rosen, der er kendt som symbolet p\u00e5 lidenskabelig k\u00e6rlighed, har betaget menneskers hjerter gennem historien. <\/span><span style=\"vertical-align: inherit;\">Hvert kronblad er omhyggeligt bevaret, s\u00e5 det bevarer sin oprindelige form, farve og tekstur og giver en varig sk\u00f8nhed, der overg\u00e5r tiden.<\/span><\/span><\/p>\n<p><span style=\"vertical-align: inherit;\"><span style=\"vertical-align: inherit;\">Glaskuplen tilf\u00f8jer med sin gennemsigtighed et strejf af magi og mystik til den konserverede rose. <\/span><span style=\"vertical-align: inherit;\">Kuplen beskytter og fremh\u00e6ver rosen og skaber en fortryllende og betagende atmosf\u00e6re. <\/span><span style=\"vertical-align: inherit;\">Derudover giver kuplens base, der er lavet af materialer af h\u00f8j kvalitet, stabilitet og et elegant udseende, s\u00e5 rosen kan skinne i al sin pragt.<\/span><\/span><\/p>\n<p><span style=\"vertical-align: inherit;\"><span style=\"vertical-align: inherit;\">Vores Preserved Rose Crystal Dome er ikke kun et visuelt fantastisk dekorativt stykke, men ogs\u00e5 en gave fuld af mening og symbolik. <\/span><span style=\"vertical-align: inherit;\">Rosen repr\u00e6senterer k\u00e6rlighed og romantik, hvilket g\u00f8r dette ornament til den perfekte gave til s\u00e6rlige lejligheder som jubil\u00e6er, f\u00f8dselsdage eller romantiske \u00f8jeblikke. <\/span><span style=\"vertical-align: inherit;\">Hver gang nogen ser p\u00e5 den konserverede rose inde i kuplen, vil de blive mindet om den evige k\u00e6rlighed og sk\u00f8nhed, den repr\u00e6senterer.<\/span><\/span><\/p>\n<p><span style=\"vertical-align: inherit;\"><span style=\"vertical-align: inherit;\">I vores online shop tilbyder vi dig disse krystalkupler med konserverede roser af h\u00f8jeste kvalitet, udvalgt og h\u00e5ndlavet. <\/span><span style=\"vertical-align: inherit;\">Hver kuppel er et unikum, designet til at formidle k\u00e6rlighedens tidl\u00f8se elegance og kraft i sin mest uds\u00f8gte form.<\/span><\/span><\/p>\n<p><span style=\"vertical-align: inherit;\"><span style=\"vertical-align: inherit;\">Tilf\u00f8j et strejf af romantisk charme til dit hjem, eller overrask en s\u00e6rlig person med vores f\u00e6ngslende Preserved Red Rose Crystal Dome.<\/span><\/span><\/p>\n<p><span style=\"vertical-align: inherit;\"><span style=\"vertical-align: inherit;\">For andre nuancer af pink, kontakt os venligst.<\/span><\/span><\/p>\n<p><span style=\"vertical-align: inherit;\"><span style=\"vertical-align: inherit;\">Du kan tilf\u00f8je en kort dedikation gratis.<\/span><\/span><\/p>","protected":false},"featured_media":937,"comment_status":"open","ping_status":"closed","template":"","meta":[],"product_brand":[],"product_cat":[21,40],"product_tag":[],"class_list":{"0":"post-936","1":"product","2":"type-product","3":"status-publish","4":"has-post-thumbnail","6":"product_cat-flores-preservadas","7":"product_cat-san-valentin","9":"first","10":"instock","11":"taxable","12":"shipping-taxable","13":"purchasable","14":"product-type-simple"},"_links":{"self":[{"href":"https:\/\/sueca13flores.com\/da\/wp-json\/wp\/v2\/product\/936","targetHints":{"allow":["GET"]}}],"collection":[{"href":"https:\/\/sueca13flores.com\/da\/wp-json\/wp\/v2\/product"}],"about":[{"href":"https:\/\/sueca13flores.com\/da\/wp-json\/wp\/v2\/types\/product"}],"replies":[{"embeddable":true,"href":"https:\/\/sueca13flores.com\/da\/wp-json\/wp\/v2\/comments?post=936"}],"wp:featuredmedia":[{"embeddable":true,"href":"https:\/\/sueca13flores.com\/da\/wp-json\/wp\/v2\/media\/937"}],"wp:attachment":[{"href":"https:\/\/sueca13flores.com\/da\/wp-json\/wp\/v2\/media?parent=936"}],"wp:term":[{"taxonomy":"product_brand","embeddable":true,"href":"https:\/\/sueca13flores.com\/da\/wp-json\/wp\/v2\/product_brand?post=936"},{"taxonomy":"product_cat","embeddable":true,"href":"https:\/\/sueca13flores.com\/da\/wp-json\/wp\/v2\/product_cat?post=936"},{"taxonomy":"product_tag","embeddable":true,"href":"https:\/\/sueca13flores.com\/da\/wp-json\/wp\/v2\/product_tag?post=936"}],"curies":[{"name":"wp","href":"https:\/\/api.w.org\/{rel}","templated":true}]}}