{"id":943,"date":"2024-02-11T19:16:42","date_gmt":"2024-02-11T18:16:42","guid":{"rendered":"https:\/\/sueca13flores.com\/?post_type=product&#038;p=943"},"modified":"2026-02-19T17:32:29","modified_gmt":"2026-02-19T16:32:29","slug":"konserveret-rod-rose","status":"publish","type":"product","link":"https:\/\/sueca13flores.com\/da\/product-2\/konserveret-rod-rose\/","title":{"rendered":"Konserveret r\u00f8d rose"},"content":{"rendered":"","protected":false},"excerpt":{"rendered":"<p><span style=\"vertical-align: inherit;\"><span style=\"vertical-align: inherit;\">Fantastisk konserveret r\u00f8d rose til at vise din evige k\u00e6rlighed.<\/span><\/span><\/p>\n<p><span style=\"vertical-align: inherit;\"><span style=\"vertical-align: inherit;\">Takket v\u00e6re fryset\u00f8rring holder den sig flot \u00e5r efter \u00e5r. <\/span><span style=\"vertical-align: inherit;\">Undg\u00e5 direkte sollys og fugt.<\/span><\/span><\/p>\n<p><span style=\"vertical-align: inherit;\"><span style=\"vertical-align: inherit;\">Modtageren vil f\u00e5 et varigt og lidenskabeligt tegn p\u00e5 k\u00e6rlighed.<\/span><\/span><\/p>\n<p><span style=\"vertical-align: inherit;\"><span style=\"vertical-align: inherit;\">Du kan tilf\u00f8je en gratis dedikation. <\/span><span style=\"vertical-align: inherit;\">Rosen leveres indpakket i dekorativt papir af h\u00f8j kvalitet og raffiab\u00e5nd.<\/span><\/span><\/p>","protected":false},"featured_media":944,"comment_status":"open","ping_status":"closed","template":"","meta":[],"product_brand":[],"product_cat":[41,21],"product_tag":[],"class_list":{"0":"post-943","1":"product","2":"type-product","3":"status-publish","4":"has-post-thumbnail","6":"product_cat-dia-de-la-mujer","7":"product_cat-flores-preservadas","9":"first","10":"instock","11":"taxable","12":"shipping-taxable","13":"purchasable","14":"product-type-simple"},"_links":{"self":[{"href":"https:\/\/sueca13flores.com\/da\/wp-json\/wp\/v2\/product\/943","targetHints":{"allow":["GET"]}}],"collection":[{"href":"https:\/\/sueca13flores.com\/da\/wp-json\/wp\/v2\/product"}],"about":[{"href":"https:\/\/sueca13flores.com\/da\/wp-json\/wp\/v2\/types\/product"}],"replies":[{"embeddable":true,"href":"https:\/\/sueca13flores.com\/da\/wp-json\/wp\/v2\/comments?post=943"}],"wp:featuredmedia":[{"embeddable":true,"href":"https:\/\/sueca13flores.com\/da\/wp-json\/wp\/v2\/media\/944"}],"wp:attachment":[{"href":"https:\/\/sueca13flores.com\/da\/wp-json\/wp\/v2\/media?parent=943"}],"wp:term":[{"taxonomy":"product_brand","embeddable":true,"href":"https:\/\/sueca13flores.com\/da\/wp-json\/wp\/v2\/product_brand?post=943"},{"taxonomy":"product_cat","embeddable":true,"href":"https:\/\/sueca13flores.com\/da\/wp-json\/wp\/v2\/product_cat?post=943"},{"taxonomy":"product_tag","embeddable":true,"href":"https:\/\/sueca13flores.com\/da\/wp-json\/wp\/v2\/product_tag?post=943"}],"curies":[{"name":"wp","href":"https:\/\/api.w.org\/{rel}","templated":true}]}}