{"id":979,"date":"2024-02-11T22:21:26","date_gmt":"2024-02-11T21:21:26","guid":{"rendered":"https:\/\/sueca13flores.com\/?post_type=product&#038;p=979"},"modified":"2026-02-19T17:30:41","modified_gmt":"2026-02-19T16:30:41","slug":"rod-blomstertaske","status":"publish","type":"product","link":"https:\/\/sueca13flores.com\/da\/product-2\/rod-blomstertaske\/","title":{"rendered":"R\u00f8d blomstertaske"},"content":{"rendered":"","protected":false},"excerpt":{"rendered":"<p>&nbsp;<\/p>\n<p><span style=\"vertical-align: inherit;\"><span style=\"vertical-align: inherit;\">En romantisk \u00e6ske dekoreret i kraftpapir med friske blomster i r\u00f8de nuancer, s\u00e5som gerbera, roser, alstromelias og diverse gr\u00f8nt. <\/span><span style=\"vertical-align: inherit;\">En uovertruffen gave til at sige, at jeg elsker dig.<\/span><\/span><\/p>\n<p><span style=\"vertical-align: inherit;\"><span style=\"vertical-align: inherit;\">Et afslappet og moderne touch, der bev\u00e6ger sig v\u00e6k fra blomsterbuketter for at vise al charmen ved naturlige blomster i s\u00e6rlige valentinsdagskasser.<\/span><\/span><\/p>\n<p><span style=\"vertical-align: inherit;\"><span style=\"vertical-align: inherit;\">Nogle blomster kan variere alt efter tilg\u00e6ngelighed, men uden at miste den fremherskende stil og farve i blomsterarrangementet.<\/span><\/span><\/p>\n<p><span style=\"vertical-align: inherit;\"><span style=\"vertical-align: inherit;\">Du kan tilf\u00f8je en gratis BRIEF-dedikation i kommentarerne.<\/span><\/span><\/p>\n<p><span style=\"vertical-align: inherit;\"><span style=\"vertical-align: inherit;\">K\u00e6rligheden er i luften....<\/span><\/span><\/p>","protected":false},"featured_media":980,"comment_status":"open","ping_status":"closed","template":"","meta":[],"product_brand":[],"product_cat":[38],"product_tag":[],"class_list":{"0":"post-979","1":"product","2":"type-product","3":"status-publish","4":"has-post-thumbnail","6":"product_cat-centros-y-cestas-de-flores","8":"first","9":"instock","10":"taxable","11":"shipping-taxable","12":"purchasable","13":"product-type-simple"},"_links":{"self":[{"href":"https:\/\/sueca13flores.com\/da\/wp-json\/wp\/v2\/product\/979","targetHints":{"allow":["GET"]}}],"collection":[{"href":"https:\/\/sueca13flores.com\/da\/wp-json\/wp\/v2\/product"}],"about":[{"href":"https:\/\/sueca13flores.com\/da\/wp-json\/wp\/v2\/types\/product"}],"replies":[{"embeddable":true,"href":"https:\/\/sueca13flores.com\/da\/wp-json\/wp\/v2\/comments?post=979"}],"wp:featuredmedia":[{"embeddable":true,"href":"https:\/\/sueca13flores.com\/da\/wp-json\/wp\/v2\/media\/980"}],"wp:attachment":[{"href":"https:\/\/sueca13flores.com\/da\/wp-json\/wp\/v2\/media?parent=979"}],"wp:term":[{"taxonomy":"product_brand","embeddable":true,"href":"https:\/\/sueca13flores.com\/da\/wp-json\/wp\/v2\/product_brand?post=979"},{"taxonomy":"product_cat","embeddable":true,"href":"https:\/\/sueca13flores.com\/da\/wp-json\/wp\/v2\/product_cat?post=979"},{"taxonomy":"product_tag","embeddable":true,"href":"https:\/\/sueca13flores.com\/da\/wp-json\/wp\/v2\/product_tag?post=979"}],"curies":[{"name":"wp","href":"https:\/\/api.w.org\/{rel}","templated":true}]}}