{"id":984,"date":"2024-02-11T22:33:41","date_gmt":"2024-02-11T21:33:41","guid":{"rendered":"https:\/\/sueca13flores.com\/?post_type=product&#038;p=984"},"modified":"2025-05-05T20:14:37","modified_gmt":"2025-05-05T18:14:37","slug":"hatteaeske-med-kirsebaerblomster","status":"publish","type":"product","link":"https:\/\/sueca13flores.com\/da\/product-2\/hatteaeske-med-kirsebaerblomster\/","title":{"rendered":"Hatte\u00e6ske med kirseb\u00e6rblomster"},"content":{"rendered":"","protected":false},"excerpt":{"rendered":"<p><span style=\"vertical-align: inherit;\"><span style=\"vertical-align: inherit;\">Denne flirtende hatte\u00e6ske i kirseb\u00e6rfarver er fuld af blomster og f\u00f8lelser. <\/span><span style=\"vertical-align: inherit;\">Her finder du blomster som stedsegr\u00f8nne planter eller statis, roser og lokalt dyrket gr\u00f8nt som f.eks. den aromatiske mastiks.<\/span><\/span><\/p>\n<p><span style=\"vertical-align: inherit;\"><span style=\"vertical-align: inherit;\">Dens bl\u00f8de og behagelige toner vil komplimentere ethvert tegn p\u00e5 k\u00e6rlighed og hengivenhed.<\/span><\/span><\/p>\n<p><span style=\"vertical-align: inherit;\"><span style=\"vertical-align: inherit;\">Nogle nuancer og blomster kan variere afh\u00e6ngigt af tilg\u00e6ngelighed, men vil bevare den flirtende, enkle og elegante essens i vores Cherry hatbox.<\/span><\/span><\/p>\n<p><span style=\"vertical-align: inherit;\"><span style=\"vertical-align: inherit;\">Du kan tilf\u00f8je en gratis kort dedikation i kommentarfeltet.<\/span><\/span><\/p>\n<p>&nbsp;<\/p>","protected":false},"featured_media":985,"comment_status":"closed","ping_status":"closed","template":"","meta":[],"product_brand":[],"product_cat":[38,42],"product_tag":[],"class_list":{"0":"post-984","1":"product","2":"type-product","3":"status-publish","4":"has-post-thumbnail","6":"product_cat-centros-y-cestas-de-flores","7":"product_cat-dia-de-la-madre","9":"first","10":"instock","11":"taxable","12":"shipping-taxable","13":"purchasable","14":"product-type-simple"},"_links":{"self":[{"href":"https:\/\/sueca13flores.com\/da\/wp-json\/wp\/v2\/product\/984","targetHints":{"allow":["GET"]}}],"collection":[{"href":"https:\/\/sueca13flores.com\/da\/wp-json\/wp\/v2\/product"}],"about":[{"href":"https:\/\/sueca13flores.com\/da\/wp-json\/wp\/v2\/types\/product"}],"replies":[{"embeddable":true,"href":"https:\/\/sueca13flores.com\/da\/wp-json\/wp\/v2\/comments?post=984"}],"wp:featuredmedia":[{"embeddable":true,"href":"https:\/\/sueca13flores.com\/da\/wp-json\/wp\/v2\/media\/985"}],"wp:attachment":[{"href":"https:\/\/sueca13flores.com\/da\/wp-json\/wp\/v2\/media?parent=984"}],"wp:term":[{"taxonomy":"product_brand","embeddable":true,"href":"https:\/\/sueca13flores.com\/da\/wp-json\/wp\/v2\/product_brand?post=984"},{"taxonomy":"product_cat","embeddable":true,"href":"https:\/\/sueca13flores.com\/da\/wp-json\/wp\/v2\/product_cat?post=984"},{"taxonomy":"product_tag","embeddable":true,"href":"https:\/\/sueca13flores.com\/da\/wp-json\/wp\/v2\/product_tag?post=984"}],"curies":[{"name":"wp","href":"https:\/\/api.w.org\/{rel}","templated":true}]}}