{"id":1271,"date":"2024-05-11T19:14:36","date_gmt":"2024-05-11T17:14:36","guid":{"rendered":"https:\/\/sueca13flores.com\/?page_id=1271"},"modified":"2024-12-04T20:18:32","modified_gmt":"2024-12-04T19:18:32","slug":"uber-uns","status":"publish","type":"page","link":"https:\/\/sueca13flores.com\/de\/uber-uns\/","title":{"rendered":"\u00dcber uns"},"content":{"rendered":"<figure class=\"wp-block-image is-resized\"><img decoding=\"async\" src=\"https:\/\/sueca13flores.com\/wp-content\/uploads\/2020\/12\/2c8f3903-167d-479f-83b2-745cdd14351c.jpg\" alt=\"Eingang zur Sueca 13\" style=\"width:500px\"\/><\/figure>\n\n\n\n\n<p>Sueca 13 ist ein urbaner Dschungel im Herzen Valencias, in dem Sie frische, getrocknete und konservierte Blumen, Zimmer- und Freilandpflanzen, aromatische Kr\u00e4uter, Obstb\u00e4ume und Honig finden k\u00f6nnen.<\/p>\n\n\n\n<p>Wir fertigen Blumendekorationen f\u00fcr Veranstaltungen und Workshops an. Wir bieten einen Hauslieferdienst, nationale und internationale Lieferungen sowie Beratung in Sachen Garten- und Landschaftsbau.<\/p>\n\n\n\n\n<h2 class=\"wp-block-heading\">Dienstleistungen<\/h2>\n\n\n\n<p>Welche Dienstleistungen bieten wir an?<\/p>\n\n\n\n<ul class=\"wp-block-list\">\n<li><a href=\"https:\/\/sueca13flores.com\/de\/vermietung-von-naturpflanzen\/\">Vermietung von nat\u00fcrlichen Pflanzen<\/a><\/li>\n\n\n\n<li><a href=\"https:\/\/sueca13flores.com\/de\/hochzeiten\/\">Hochzeiten<\/a><\/li>\n\n\n\n<li><a href=\"https:\/\/sueca13flores.com\/de\/blumendekorationen\/\">Blumendekoration<\/a><\/li>\n\n\n\n<li><a href=\"https:\/\/sueca13flores.com\/de\/unternehmen-und-veranstaltungen\/\">Unternehmen und Veranstaltungen<\/a><\/li>\n\n\n\n<li><a href=\"https:\/\/sueca13flores.com\/de\/beerdigungsblumen\/\">Blumen f\u00fcr die Beerdigung<\/a><\/li>\n\n\n\n<li><a href=\"https:\/\/sueca13flores.com\/de\/gartnerdienst\/\">Gartenarbeit<\/a><\/li>\n\n\n\n<li><a href=\"https:\/\/sueca13flores.com\/de\/abonnements\/\">Abonnements<\/a><\/li>\n\n\n\n<li><a href=\"https:\/\/sueca13flores.com\/de\/workshops-und-aktivitaten\/\">Workshops und Aktivit\u00e4ten<\/a><\/li>\n<\/ul>\n\n\n\n\n<h2 class=\"wp-block-heading\">WhatsApp beitreten<\/h2>\n\n\n\n\n\n<figure class=\"wp-block-image is-resized\"><img decoding=\"async\" src=\"https:\/\/sueca13flores.com\/wp-content\/uploads\/2020\/12\/WhatsApp-1024x1024.jpg\" alt=\"\" style=\"width:500px\"\/><\/figure>\n\n\n\n\n\n<p>Geben Sie die <a href=\"https:\/\/chat.whatsapp.com\/CTYK1eQy7JwLRXToOeqP1y\">WhatsApp-Gruppe<\/a> um w\u00f6chentlich Neuigkeiten \u00fcber Blumen und Pflanzen, Blumenworkshops und Tipps zu erhalten.<\/p>\n\n\n\n\n<h2 class=\"wp-block-heading\">Kontakt<\/h2>\n\n\n\n<figure class=\"wp-block-image is-resized\"><img decoding=\"async\" src=\"https:\/\/sueca13flores.com\/wp-content\/uploads\/2020\/08\/18489767_1771698719807793_6112545808202871870_o-edited.jpg\" alt=\"\" style=\"width:500px\"\/><\/figure>\n\n\n\n\n<p>Kontaktieren Sie uns per <a href=\"https:\/\/wa.me\/34961001455\">WhatsApp<\/a> oder per E-Mail an <a href=\"mailto:equipo@sueca13flores.com\">equipo@sueca13flores.com<\/a>.<\/p>\n\n\n\n\n<h2 class=\"wp-block-heading\">Soziale Medien<\/h2>\n\n\n\n<figure class=\"wp-block-image is-resized\"><img decoding=\"async\" src=\"https:\/\/sueca13flores.com\/wp-content\/uploads\/2020\/08\/photography-349870_19201-edited.jpg\" alt=\"\" style=\"width:500px\"\/><\/figure>\n\n\n\n\n<p>Folgen Sie uns auf den sozialen Medien:<\/p>\n\n\n\n<ul class=\"wp-block-list\">\n<li><a href=\"http:\/\/facebook.com\/sueca13\">Facebook<\/a><\/li>\n\n\n\n<li><a href=\"https:\/\/www.instagram.com\/sueca13\/\">Instagram<\/a><\/li>\n<\/ul>\n\n\n\n\n<h2 class=\"wp-block-heading\">Hier sind wir<\/h2>\n\n\n\n<p><iframe loading=\"lazy\" style=\"border: 0;\" src=\"https:\/\/www.google.com\/maps\/embed?pb=!1m18!1m12!1m3!1d3080.2859886508027!2d-0.3784465253246062!3d39.46286741314378!2m3!1f0!2f0!3f0!3m2!1i1024!2i768!4f13.1!3m3!1m2!1s0xd604f352184f547%3A0x2cbf63cbbab6d611!2sFlorister%C3%ADa%20Sueca13%3A%20Flores%20a%20domicilio%20en%20Valencia%20y%20alrededores!5e0!3m2!1sen!2sde!4v1715447869759!5m2!1sen!2sde\" width=\"600\" height=\"450\" allowfullscreen=\"allowfullscreen\"><\/iframe><\/p>\n\n\n\n<p><strong>Adresse:<\/strong><br>Calle Sueca, 13, 46006 Valencia, Spanien<\/p>\n\n\n\n<p>Telefon: 612 48 33 63\/629 91 44 24<\/p>\n\n\n\n<p>Post: <a href=\"mailto:floressueca13@gmail.com\">floressueca13@gmail.com<\/a><\/p>\n\n\n\n<p><strong>Zeitplan:<\/strong><br>Montag bis Samstag: 10:00 - 14:00<br>Montag bis Freitag abends: 17:00 - 20:00<\/p>\n\n\n\n<h2 class=\"wp-block-heading\">Geschichte<\/h2>\n\n\n\n<p>Sueca 13 \u00f6ffnete seine T\u00fcren am 15. September 2015. Manuel und Laura tr\u00e4umten von einem lebendigen Ort im Herzen von Ruzafa, wo man frische Blumen, vorzugsweise saisonale und lokal produzierte, Innen- und Au\u00dfenpflanzen aus lokalen oder nahegelegenen G\u00e4rtnereien, Obstb\u00e4ume... und alle Arten von dekorativen Accessoires, die mit Materialien wie Keramik, Espartogras, Jute und Bast handgefertigt werden, finden kann.<\/p>\n\n\n\n<p>Aber sie waren auch auf der Suche nach einem Lebensraum, in dem sie in Ruhe atmen, Klavier spielen, Kunstausstellungen genie\u00dfen, an Blumenworkshops teilnehmen oder Mini-Theaterauff\u00fchrungen sehen konnten. Eine Oase, in der wir am Leben des Viertels teilhaben konnten, wo das Sein und das Dasein unser Hauptgrund waren.<\/p>\n\n\n\n<p>Ein paar Jahre sp\u00e4ter hat sich die Familie ver\u00e4ndert. Einige haben sie vor\u00fcbergehend verlassen, andere sind neu hinzugekommen. Willkommen Fer! Die Essenz des Blumenladens ist erhalten geblieben und seine Sch\u00f6nheit ist unversehrt. Wir lieben unsere Arbeit und haben das Gl\u00fcck, die Natur so nah bei uns zu haben. Wir haben unseren eigenen Stil und sind bestrebt, innovativ zu sein und gleichzeitig die Qualit\u00e4t unserer Arbeit mit Blumen und Pflanzen zu erhalten. Wir lernen jeden Tag und wir bem\u00fchen uns, das Wesen der kleinen Unternehmen wieder zu beleben, wo die Behandlung ist menschlich, in der N\u00e4he, warm, in der Lage sein, Sie bei Ihrem Namen nennen und ein wenig zu stoppen, um die xarraeta.<\/p>\n\n\n\n<p>Besuchen Sie uns und lassen Sie sich von Blumen und Botanik inspirieren. Kleine Gesch\u00e4fte sind das Herz, das das Viertel und die Stadt zum Schlagen bringt.<\/p>\n\n\n\n<p>Sie sind zu Hause.<\/p>\n\n\n\n<figure class=\"wp-block-image is-resized\"><img decoding=\"async\" src=\"https:\/\/sueca13flores.com\/wp-content\/uploads\/2021\/03\/sueca13-equipo-768x1024.jpg\" alt=\"Das Team von Sueca13 Flores\" style=\"width:500px\"\/><\/figure>","protected":false},"excerpt":{"rendered":"<p>Dienstleistungen Welche Dienstleistungen bieten wir an? Kontakt Soziale Netzwerke Hier sind wir Adresse:Calle Sueca, 13, 46006 Valencia, Spanien Telefon: 612 48 33 63\/629 91 44 24 E-Mail: floressueca13@gmail.com \u00d6ffnungszeiten:Montag bis Samstag: 10:00 - 14:00Montag bis Freitag nachmittags: 17:00 - 20:00 Geschichte Sueca 13 \u00f6ffnete seine T\u00fcren am 15. September 2015. Manuel und Laura tr\u00e4umten von einem ... <a title=\"\u00dcber uns\" class=\"read-more\" href=\"https:\/\/sueca13flores.com\/de\/uber-uns\/\" aria-label=\"Mehr Informationen \u00fcber \u00dcber uns\">Weiterlesen<\/a><\/p>","protected":false},"author":2,"featured_media":0,"parent":0,"menu_order":0,"comment_status":"closed","ping_status":"closed","template":"","meta":{"footnotes":""},"class_list":["post-1271","page","type-page","status-publish"],"_links":{"self":[{"href":"https:\/\/sueca13flores.com\/de\/wp-json\/wp\/v2\/pages\/1271","targetHints":{"allow":["GET"]}}],"collection":[{"href":"https:\/\/sueca13flores.com\/de\/wp-json\/wp\/v2\/pages"}],"about":[{"href":"https:\/\/sueca13flores.com\/de\/wp-json\/wp\/v2\/types\/page"}],"author":[{"embeddable":true,"href":"https:\/\/sueca13flores.com\/de\/wp-json\/wp\/v2\/users\/2"}],"replies":[{"embeddable":true,"href":"https:\/\/sueca13flores.com\/de\/wp-json\/wp\/v2\/comments?post=1271"}],"version-history":[{"count":33,"href":"https:\/\/sueca13flores.com\/de\/wp-json\/wp\/v2\/pages\/1271\/revisions"}],"predecessor-version":[{"id":2408,"href":"https:\/\/sueca13flores.com\/de\/wp-json\/wp\/v2\/pages\/1271\/revisions\/2408"}],"wp:attachment":[{"href":"https:\/\/sueca13flores.com\/de\/wp-json\/wp\/v2\/media?parent=1271"}],"curies":[{"name":"wp","href":"https:\/\/api.w.org\/{rel}","templated":true}]}}