{"id":326,"date":"2021-01-31T21:52:14","date_gmt":"2021-01-31T20:52:14","guid":{"rendered":"https:\/\/sueca13flores.com\/?page_id=326"},"modified":"2024-10-14T10:44:33","modified_gmt":"2024-10-14T08:44:33","slug":"rechtshinweis","status":"publish","type":"page","link":"https:\/\/sueca13flores.com\/de\/rechtshinweis\/","title":{"rendered":"Rechtlicher Hinweis"},"content":{"rendered":"<p>Willkommen bei den Betriebsregeln und den Allgemeinen Einkaufsbedingungen des Sueca13-Onlineshops.<\/p>\n\n\n\n<ol class=\"wp-block-list\"><li>Allgemeine Einkaufs- und Annahmebedingungen<\/li><li>Art des Online-Shops<\/li><li>Betrieb eines Online-Shops<ol><li>Produktsortiment und Preisdurchsetzung<\/li><li>Den Kauf t\u00e4tigen<\/li><li>Auftragsvorbereitung und -verteilung<\/li><li>Lieferung und R\u00fccksendung von Bestellungen<\/li><li>Zahlungsmodalit\u00e4ten<\/li><li>Vertraulichkeit und Sicherheit<\/li><\/ol><\/li><li>H\u00f6here Gewalt<\/li><li>Anwendbares Recht und Gerichtsbarkeit<\/li><\/ol>\n\n\n\n<p><\/p>\n\n\n\n<h2 class=\"wp-block-heading\"><strong>1. allgemeine Einkaufs- und Annahmebedingungen<\/strong><\/h2>\n\n\n\n<p>Diese allgemeinen Einkaufs- und Annahmebedingungen regeln den Einkauf \u00fcber unsere Website www.https:\/\/sueca13flores.com\/.<br>Die Identifikationsdaten der f\u00fcr das Gesch\u00e4ft verantwortlichen Person lauten:<br><br>FERNANDO JAVIER QUIROZ ARANDA<\/p>\n\n\n\n<p>C\/ SUECA, 13 PTA 8 PISO 4 <\/p>\n\n\n\n<p>CP 46006 VALENCIA<\/p>\n\n\n\n<p>UMSATZSTEUER-IDENTIFIKATIONSNUMMER: 24464233-F<\/p>\n\n\n\n<p>Beim Kauf im Shop hat der Kunde die M\u00f6glichkeit, die Allgemeinen Gesch\u00e4ftsbedingungen des Online-Shops unter https:\/\/sueca13flores.com\/ einzusehen.<\/p>\n\n\n\n<h2 class=\"wp-block-heading\"><strong>2. die Art des Online-Shops.<\/strong><\/h2>\n\n\n\n<p>Der Shop richtet sich an Endverbraucher im Sinne des Gesetzes 26\/1984 vom 19. Juli, allgemeines Gesetz zum Schutz von Verbrauchern und Nutzern, und f\u00fcr den Gebrauch oder Verbrauch des Kunden oder von Personen, in deren Namen der Kunde rechtlich befugt sein muss, zu handeln. Daher sind die Dienstleistungen des Shops f\u00fcr Gro\u00dfh\u00e4ndler, Verteiler, Einkaufszentren, Kaufh\u00e4user und andere professionelle Vermittler ausgeschlossen.<\/p>\n\n\n\n<p>Aufgrund der obigen Ausf\u00fchrungen ist der Weiterverkauf von Produkten, die \u00fcber den Online-Shop erworben wurden, strengstens untersagt.<\/p>\n\n\n\n<p><a href=\"https:\/\/sueca13flores.com\/de\/\">https:\/\/sueca13flores.com\/<\/a> beh\u00e4lt sich das Recht vor, jederzeit und ohne Vorank\u00fcndigung die Pr\u00e4sentation und Konfiguration des Shops einseitig zu \u00e4ndern sowie den Zugang dazu vor\u00fcbergehend oder dauerhaft auszusetzen.<\/p>\n\n\n\n<h2 class=\"wp-block-heading\"><strong>3. Betrieb eines Online-Shops<\/strong><\/h2>\n\n\n\n<h3 class=\"wp-block-heading\"><strong>3.1 Registrieren Sie sich im Shop.<\/strong><\/h3>\n\n\n\n<p>Der Kunde, der auf der Website kauft, wird registriert, indem er das Formular ausf\u00fcllt, das zum Zeitpunkt des Kaufabschlusses auf dem Bildschirm angezeigt wird. Von diesem Moment an ist er\/sie ein Kunde von <a href=\"https:\/\/sueca13flores.com\/de\/\">https:\/\/sueca13flores.com\/<\/a> und Sie werden in unsere Internet-Kundendatenbank aufgenommen. Sie werden immer in der Lage sein, Zugang zu allen Diensten zu haben, die Sie jetzt auf der Website finden und andere, die in Zukunft erscheinen werden. Sobald Sie sich registriert haben, erhalten Sie per E-Mail den Registrierungsnachweis mit all Ihren Angaben und den Kaufnachweis, und Sie k\u00f6nnen alle Vorteile genie\u00dfen, die Kunden haben von <a href=\"https:\/\/sueca13flores.com\/de\/\">https:\/\/sueca13flores.com\/<\/a>.<\/p>\n\n\n\n<p>Auf jeden Fall, <a href=\"https:\/\/sueca13flores.com\/de\/\">https:\/\/sueca13flores.com\/<\/a> informiert seine Nutzer dar\u00fcber, dass sie bei jedem Kauf eine Transaktions-E-Mail erhalten, in der die Best\u00e4tigung des Kaufs der Produkte und die Best\u00e4tigung der Zahlung mitgeteilt wird. Wir k\u00f6nnen uns auch mit dem Nutzer in Verbindung setzen, um ihn \u00fcber eventuelle \u00c4nderungen oder neue Entwicklungen im Zusammenhang mit seiner Bestellung zu informieren.<\/p>\n\n\n\n<p>Andererseits, <a href=\"https:\/\/sueca13flores.com\/de\/\">https:\/\/sueca13flores.com\/<\/a> kann kommerzielle Mitteilungen im Zusammenhang mit den von ihr angebotenen Produkten oder Dienstleistungen versenden, sofern Sie dem ausdr\u00fccklich und konkret zugestimmt haben, indem Sie das daf\u00fcr vorgesehene K\u00e4stchen angekreuzt oder eine andere ausdr\u00fcckliche Zustimmung erteilt haben.<\/p>\n\n\n\n<p>Aufgrund der Art der Produkte, die wir in unserem Gesch\u00e4ft verkaufen (Blumen und Pflanzen zum Verschenken), ist es sehr wichtig, so viele Informationen wie m\u00f6glich zu haben, wie z.B. Adressen und Kontakttelefonnummern, um alle unvorhergesehenen Eventualit\u00e4ten so schnell und sicher wie m\u00f6glich l\u00f6sen zu k\u00f6nnen, sowohl bei der Vorbereitung der Bestellung als auch bei der Lieferung.<\/p>\n\n\n\n<p>Der Kunde kann jederzeit von seinem Recht Gebrauch machen, seine Daten zu \u00e4ndern oder zu l\u00f6schen, indem er eine E-Mail an folgende Adresse sendet <a href=\"mailto:floressueca13@gmail.com\">floressueca13@gmail.com<\/a> oder unter 612483363.<\/p>\n\n\n\n<h3 class=\"wp-block-heading\"><strong>3.2 Produktsortiment und Preisanwendung<\/strong><\/h3>\n\n\n\n<p><a href=\"https:\/\/ sueca13flores.com\">https:\/\/ sueca13flores.com<\/a> bietet eine gro\u00dfe Auswahl an Blumen, Pflanzen, Kompositionen aller Art sowie Zubeh\u00f6r. Die Kunden k\u00f6nnen sie von ihrem Computer aus kaufen, ohne einen Ort aufsuchen zu m\u00fcssen.<\/p>\n\n\n\n<p><a href=\"https:\/\/sueca13flores.com\/de\/\">https:\/\/sueca13flores.com\/<\/a> m\u00f6chte Sie darauf hinweisen, dass die Abbildung der im Online-Shop gezeigten Produkte bei der Lieferung etwas abweichen kann, da diese Produkte handgefertigt und nat\u00fcrlich sind. Obwohl wir sie mit dem gleichen Muster wie das auf der Website gezeigte herstellen, wird es nicht immer genau sein.<\/p>\n\n\n\n<p>Allerdings, <a href=\"https:\/\/sueca13flores.com\/de\/\">https:\/\/sueca13flores.com\/<\/a> garantiert die Menge der Blumen und die Gr\u00f6\u00dfe der Pflanzen, wie im Online-Shop angegeben.<\/p>\n\n\n\n<p>Die Preise der Produkte im Shop enthalten die jeweils g\u00fcltige Mehrwertsteuer. Frische Blumen, Pflanzen und Zubeh\u00f6r (Vasen, Kuscheltiere...) sind 21% und Pralinen 10%.<\/p>\n\n\n\n<p>Alle Produktpreise sind immer in Euro angegeben.<\/p>\n\n\n\n<p><a href=\"https:\/\/sueca13flores.com\/de\/\">https:\/\/sueca13flores.com\/<\/a> beh\u00e4lt sich das Recht vor, die Preise der ausgestellten Produkte jederzeit und ohne Vorank\u00fcndigung einseitig zu \u00e4ndern, ihren Verkauf auszusetzen oder sie vor\u00fcbergehend oder endg\u00fcltig zu streichen.<\/p>\n\n\n\n<h3 class=\"wp-block-heading\"><strong>3.3 Durchf\u00fchrung des Kaufs<\/strong><\/h3>\n\n\n\n<p>In unserem Shop finden Sie alle Produkte, die an diesem Tag verf\u00fcgbar sind.<\/p>\n\n\n\n<p>Jeden Tag werden Produkte, die nicht mehr vorr\u00e4tig sind oder keine Saison mehr haben, aktualisiert und neue Produkte hinzugef\u00fcgt.<\/p>\n\n\n\n<p>Sie k\u00f6nnen dann durch die Men\u00fcs des Shops navigieren, bis Sie das gew\u00fcnschte Produkt gefunden haben.<\/p>\n\n\n\n<p>Schlie\u00dflich m\u00fcssen Sie auf die Schaltfl\u00e4che \"Bezahlen\" klicken und k\u00f6nnen dann die letzten Schritte durchf\u00fchren, um den Kauf abzuschlie\u00dfen.<\/p>\n\n\n\n<h3 class=\"wp-block-heading\"><strong>3.4 Versendung einer Bestellung in einen anderen Teil Spaniens oder der Welt.<\/strong><\/h3>\n\n\n\n<p>F\u00fcr den Fall, dass Sie Blumen oder Pflanzen au\u00dferhalb des Liefergebiets von<a href=\"https:\/\/sueca13flores.com\/de\/\"> https:\/\/sueca13flores.com\/ <\/a>kontaktieren Sie uns bitte telefonisch unter 612483363 oder per E-Mail unter <a href=\"mailto:floressueca13@gmail.com\">floressueca13@gmail.com<\/a>.<\/p>\n\n\n\n<h3 class=\"wp-block-heading\"><strong>3.5 Auftragsvorbereitung und -verteilung<\/strong><\/h3>\n\n\n\n<p><a href=\"https:\/\/sueca13flores.com\/de\/\">https:\/\/sueca13flores.com\/<\/a> garantiert, dass alle ausgestellten Produkte verf\u00fcgbar sind, obwohl es aufgrund ihrer Beschaffenheit sein kann, dass eine Farbe, eine Gr\u00f6\u00dfe oder sogar die gew\u00fcnschte Menge nicht verf\u00fcgbar ist. In diesem Fall <a href=\"https:\/\/sueca13flores.com\/de\/\">https:\/\/sueca13flores.com\/<\/a> wird sich mit dem Kunden in Verbindung setzen, um etwaige \u00c4nderungen zu vereinbaren.<\/p>\n\n\n\n<p>Je nach Art des Kaufs werden alle Bestellungen auf zwei Arten verteilt:<\/p>\n\n\n\n<p>Mit den Mitteln, die unter <a href=\"https:\/\/sueca13flores.com\/de\/\">https:\/\/sueca13flores.com<\/a><\/p>\n\n\n\n<p>F\u00fcr das \u00fcbrige Spanien kontaktieren Sie uns bitte telefonisch unter 612483363 oder per E-Mail.<\/p>\n\n\n\n<p>Im ersten Fall wird der Kunde in der Lage sein, die Erh\u00f6hung f\u00fcr den Transport zu konsultieren, dass ihr Kauf haben wird. Diese Erh\u00f6hung unterliegt den Transporttabellen je nach Bestimmungsort der Bestellung.<\/p>\n\n\n\n<p>Im zweiten Fall sollte der Kunde uns telefonisch unter 612483363 oder per E-Mail kontaktieren.<\/p>\n\n\n\n<p><a href=\"https:\/\/sueca13flores.com\/de\/\">https:\/\/sueca13flores.com\/<\/a> beh\u00e4lt sich das Recht vor, die Transporttarife f\u00fcr den Vertrieb der verkauften Produkte in jedem Fall und ohne vorherige Ank\u00fcndigung einseitig zu \u00e4ndern.<\/p>\n\n\n\n<h3 class=\"wp-block-heading\"><strong>3.6 Lieferung und R\u00fcckgabe von Bestellungen.<\/strong><\/h3>\n\n\n\n<h4 class=\"wp-block-heading\">a) Lieferung nach Hause, wie von Ihnen angegeben<\/h4>\n\n\n\n<p>Diese Option erm\u00f6glicht es uns, die Bestellung an den vom Kunden angegebenen Ort und in das gew\u00e4hlte Zeitfenster in allen St\u00e4dten innerhalb des Liefergebiets von <a href=\"https:\/\/sueca13flores.com\/de\/\">https:\/\/sueca13flores.com\/<\/a>.<\/p>\n\n\n\n<p>Die Hauszustellung erfolgt durch externe Lieferfirmen oder durch unsere eigenen Mitarbeiter, die im Umgang mit Blumen und Pflanzen geschult sind.<\/p>\n\n\n\n<p>F\u00fcr Lieferungen au\u00dferhalb des Servicebereichs von <a href=\"https:\/\/sueca13flores.com\/de\/\">https:\/\/sueca13flores.com\/<\/a>Bitte kontaktieren Sie uns per Telefon unter 612483363 oder per E-Mail.<\/p>\n\n\n\n<p>Lieferzeiten<\/p>\n\n\n\n<p>Der Lieferabruf des Liefergebiets der <a href=\"https:\/\/sueca13flores.com\/de\/\">https:\/\/sueca13flores.com\/<\/a> ist von Montag bis Freitag von 10:00 bis 20:00 Uhr und samstags von 10:00 bis 14:00 Uhr.<\/p>\n\n\n\n<p>Die Lieferzeiten f\u00fcr Bestellungen, die direkt in unserem Gesch\u00e4ft abgeholt werden, gelten w\u00e4hrend der Gesch\u00e4ftszeiten.<\/p>\n\n\n\n<p>Unter keinen Umst\u00e4nden<a href=\"https:\/\/sueca13flores.com\/de\/\"> https:\/\/sueca13flores.com\/ <\/a>akzeptiert einen Lieferplan an besonderen Feiertagen des Jahres.<\/p>\n\n\n\n<p>Es gibt eine \"Morgenzustellung\" und eine \"Nachmittagszustellung\".<\/p>\n\n\n\n<p>F\u00fcr Lieferungen in das \u00fcbrige Spanien oder ins Ausland kontaktieren Sie uns bitte telefonisch unter 612483363 oder per E-Mail.<\/p>\n\n\n\n<p><a href=\"https:\/\/sueca13flores.com\/de\/\">https:\/\/sueca13flores.com\/<\/a> \u00fcbernimmt keine Haftung f\u00fcr die Versp\u00e4tung einer Auftragslieferung, wenn diese Versp\u00e4tung nicht direkt ihr zuzuschreiben ist, oder f\u00fcr F\u00e4lle h\u00f6herer Gewalt gem\u00e4\u00df den in Punkt 4 dieser allgemeinen Bedingungen vorgesehenen Bedingungen.<\/p>\n\n\n\n<p>Kosten f\u00fcr den Versand.<\/p>\n\n\n\n<p>Die Versandkosten variieren je nach dem Zielort der Bestellung. Der Gesamtbetrag wird immer auf der Website angezeigt, wenn die Bestellung aufgegeben wird.<\/p>\n\n\n\n<p>R\u00fcckgabe<\/p>\n\n\n\n<p>Gem\u00e4\u00df den Bestimmungen von Artikel 103 des K\u00f6niglichen Gesetzesdekrets 1\/2007 vom 16. November des Allgemeinen Gesetzes zum Schutz von Verbrauchern und Nutzern kann der Kunde nicht zur\u00fcckkehren zu <a href=\"https:\/\/sueca13flores.com\/de\/\">https:\/\/sueca13flores.com\/<\/a> frische Produkte, wenn die R\u00fcckgabe nicht innerhalb von 24 Stunden nach Lieferung oder Abholung der Bestellung erfolgt.<\/p>\n\n\n\n<h3 class=\"wp-block-heading\"><strong>3.7 Zahlungsmodalit\u00e4ten<\/strong><\/h3>\n\n\n\n<p>Die Zahlung kann mit den folgenden Kredit- oder Debitkarten erfolgen:<\/p>\n\n\n\n<p>Visum<br>Visa-Elektron<br>Mastercard<br>Maestro-Karte<br>4B<\/p>\n\n\n\n<p>Und jede Karte, die das neue, k\u00fcrzlich eingef\u00fchrte Garantiesystem \"Secure Shopping\" unterst\u00fctzt.<\/p>\n\n\n\n<p>Wir suchen st\u00e4ndig nach M\u00f6glichkeiten, um Transaktionen \u00fcber das Internet besser zu sichern.<\/p>\n\n\n\n<p><a href=\"https:\/\/sueca13flores.com\/de\/\">https:\/\/sueca13flores.com\/<\/a> garantiert die vollst\u00e4ndige Sicherheit Ihrer Transaktionen, da es \u00fcber die modernsten technologischen Standards in Bezug auf Sicherheitsprotokolle und -systeme verf\u00fcgt.<\/p>\n\n\n\n<p><a href=\"https:\/\/sueca13flores.com\/de\/\">https:\/\/sueca13flores.com\/<\/a> hat nie Ihre Kartennummer Informationen, Caixa Popular verwaltet diese Informationen und bietet uns mit dem \"ok\" f\u00fcr jede Zahlung auf K\u00e4ufe.<\/p>\n\n\n\n<p>Bald wird das System des \"sicheren Kaufs\" obligatorisch sein, bei dem die Geheimnummer oder das Passwort, das nur Sie f\u00fcr Ihre Karte kennen sollten, angegeben werden muss, um zu gew\u00e4hrleisten, dass niemand Ihre Nummer f\u00fcr eine betr\u00fcgerische Transaktion verwenden kann.<\/p>\n\n\n\n<p>Wir werden diesen neuen Dienst sehr bald einf\u00fchren, unabh\u00e4ngig von der Tatsache, dass er schrittweise \u00fcber einen Zeitraum von zwei Jahren von allen Bankinstituten weltweit eingef\u00fchrt wird. Sowohl in Europa als auch in Asien und Amerika, die bereits ihre Termine und Fristen f\u00fcr die vollst\u00e4ndige Umsetzung festgelegt haben.<\/p>\n\n\n\n<h3 class=\"wp-block-heading\"><strong>3.8. Vertraulichkeit und Sicherheit<\/strong><\/h3>\n\n\n\n<p><a href=\"https:\/\/sueca13flores.com\/de\/\">https:\/\/sueca13flores.com\/<\/a> unterh\u00e4lt eine Politik der Vertraulichkeit der von seinen Kunden gelieferten Daten und verpflichtet sich, die Daten der Kunden des Online-Shops zu sch\u00fctzen.<\/p>\n\n\n\n<p>In \u00dcbereinstimmung mit dem Gesetz 34\/2002 \u00fcber die Dienste der Informationsgesellschaft und den elektronischen Handel und in \u00dcbereinstimmung mit den Bestimmungen der Verordnung (EU) 2016\/67 des Europ\u00e4ischen Parlaments und des Rates vom 27. April 2016 \u00fcber den Schutz personenbezogener Daten, <a href=\"https:\/\/sueca13flores.com\/de\/\">https:\/\/sueca13flores.com\/<\/a> informiert den Nutzer \u00fcber das Vorhandensein der Verarbeitung personenbezogener Daten.<\/p>\n\n\n\n<p>Verantwortlicher f\u00fcr die Datenverarbeitung:<\/p>\n\n\n\n<p>AZUL ULTRAMARINO, S.L. Gesellschaft mit Alleingesellschafter<br>Paseo Serra d'Espad\u00e0 no6, Esc.1, Pta.5<br>46120 Alboraya ~ VALENCIA<br>STEUERIDENTIFIKATIONSNUMMER B98549637<br>E-Mail: <a href=\"mailto:floressueca13@gmail.com\">floressueca13@gmail.com<\/a><\/p>\n\n\n\n<p>Der Nutzer akzeptiert die Aufnahme der Daten, die er beim Surfen auf der Website erh\u00e4lt oder die er durch das Ausf\u00fcllen von Formularen zur Verf\u00fcgung stellt, sowie der Daten, die sich aus eventuell entstehenden Gesch\u00e4ftsbeziehungen ergeben, in unsere Datenbank. Der Nutzer kann in Bezug auf die erhaltenen Daten die in der neuen allgemeinen Datenschutzverordnung anerkannten Rechte aus\u00fcben, insbesondere das Recht auf Zugang, Berichtigung oder L\u00f6schung der Daten und das Widerspruchsrecht sowie das Recht, die Zustimmung zur Weitergabe seiner Daten oder zu einer der beschriebenen Verwendungen zu widerrufen. Die im vorstehenden Absatz genannten Rechte kann der Nutzer durch einen Antrag aus\u00fcben, den er an folgende Adresse richtet<\/p>\n\n\n\n<p>FERNANDO JAVIER QUIROZ ARANDA<br>Calle Sueca, 13 pta 8 piso 4<br>46006 ~ VALENCIA<br>TIN 24464233F<\/p>\n\n\n\n<p>oder senden Sie eine E-Mail an folgende Adresse <a href=\"mailto:floressueca13@gmail.com\">floressueca13@gmail.com<\/a><\/p>\n\n\n\n<p><a href=\"https:\/\/sueca13flores.com\/de\/\">https:\/\/sueca13flores.com\/ <\/a>erkl\u00e4rt, dass sie alle erforderlichen und angemessenen Sicherheitsma\u00dfnahmen gem\u00e4\u00df den Bestimmungen der Verordnung (EU) 2016\/679 zur Genehmigung von Sicherheitsma\u00dfnahmen f\u00fcr automatisierte Dateien mit personenbezogenen Daten getroffen hat.<\/p>\n\n\n\n<p>Allerdings, <a href=\"https:\/\/sueca13flores.com\/de\/\">https:\/\/sueca13flores.com\/<\/a> kann auf Ersuchen der zust\u00e4ndigen Beh\u00f6rden personenbezogene Daten und andere Informationen, \u00fcber die sie in ihren Computersystemen verf\u00fcgt, gem\u00e4\u00df den f\u00fcr diesen Fall geltenden Gesetzen und Vorschriften offenlegen.<\/p>\n\n\n\n<p>Unter keinen Umst\u00e4nden,<a href=\"https:\/\/sueca13flores.com\/de\/\"> https:\/\/sueca13flores.com\/<\/a> den Inhalt dieser Informationen an Marketingunternehmen und -dienste, kommerzielle Datenbanken und Dritte weitergeben, die mit Werbung, Massenmarketinglisten oder Aktivit\u00e4ten im Zusammenhang mit Spam und \u00c4hnlichem zu tun haben.<\/p>\n\n\n\n<h2 class=\"wp-block-heading\"><strong>4. H\u00f6here Gewalt<\/strong><\/h2>\n\n\n\n<p>Unter h\u00f6herer Gewalt ist beispielsweise, aber nicht ausschlie\u00dflich, zu verstehen:<\/p>\n\n\n\n<p>I- Jedes Ereignis, das nicht vorhersehbar ist oder das, obwohl es vorhersehbar oder absehbar war, nicht vermieden werden konnte.<\/p>\n\n\n\n<p>II- Fehler beim Zugriff auf die verschiedenen Webseiten der <a href=\"https:\/\/sueca13flores.com\/de\/\">https:\/\/sueca13flores.com\/<\/a>.<\/p>\n\n\n\n<p>III- Fehler in der Elektrizit\u00e4tsversorgung oder im Telefonnetz.<\/p>\n\n\n\n<p>IV- Sch\u00e4den, die durch Dritte oder Angriffe auf unsere Website (Viren, Hacker usw.) verursacht werden, die die Qualit\u00e4t des Dienstes beeintr\u00e4chtigen und die nicht auf <a href=\"https:\/\/sueca13flores.com\/de\/\">https:\/\/sueca13flores.com\/<\/a> noch f\u00fcr den Benutzer.<\/p>\n\n\n\n<p>V- Fehler bei der \u00dcbermittlung, Verbreitung und Speicherung oder Versendung durch Dritte der im Online-Shop von https:\/\/sueca13flores.com\/ enthaltenen Produkte.<\/p>\n\n\n\n<p>VI- Br\u00e4nde<\/p>\n\n\n\n<p>VII- \u00dcberschwemmungen oder Erdbeben<\/p>\n\n\n\n<p>VIII- Streiks oder Arbeitskonflikte oder andere soziale Unruhen, die die Lieferung von Produkten und damit die Erf\u00fcllung der Verpflichtungen von <a href=\"https:\/\/sueca13flores.com\/de\/\">https:\/\/sueca13flores.com\/<\/a>.<\/p>\n\n\n\n<p>IX- Mangel oder Nichtverf\u00fcgbarkeit von Brennstoff oder elektrischer Energie.<\/p>\n\n\n\n<p>X- Unfall<\/p>\n\n\n\n<p>XI- Kriegskonflikte<\/p>\n\n\n\n<p>XII- Handelsembargos oder andere Arten von Embargos.<\/p>\n\n\n\n<p>XIII- Frost oder D\u00fcrre, die keine ausreichende Versorgung der Blumen oder Pflanzen zulassen.<\/p>\n\n\n\n<p>XIV- Jede staatliche Bestimmung.<\/p>\n\n\n\n<h2 class=\"wp-block-heading\"><strong>5. Anwendbares Recht und Gerichtsbarkeit<\/strong><\/h2>\n\n\n\n<p>Die vorliegenden allgemeinen Einkaufsbedingungen sind gem\u00e4\u00df dem spanischen Recht auszulegen.<\/p>\n\n\n\n<p>F\u00fcr die Beilegung von Streitigkeiten k\u00f6nnen Sie sich online an die folgende Plattform von europa wenden:<\/p>\n\n\n\n<p><a href=\"https:\/\/ec.europa.eu\/consumers\/odr\/main\/index.cfm?event=main.home2.show&amp;lng=ES\">https:\/\/ec.europa.eu\/consumers\/odr\/main\/index.cfm?event=main.home2.show&amp;lng=ES<\/a><\/p>\n\n\n\n<p>FERNANDO QUIROZ ARANDA<br>Calle Sueca, 13 pta 8 piso 4<br>46006 ~ VALENCIA<br>NIF 24464233-F<\/p>","protected":false},"excerpt":{"rendered":"<p>Bienvenidos a las Normas de Funcionamiento y Condiciones Generales de Compra a la tienda on-line de Sueca13. Condiciones generales de compra y aceptaci\u00f3n Naturaleza de la tienda virtual Operativa de la tienda virtual Surtido de productos y aplicaci\u00f3n de los precios Realizaci\u00f3n de la compra Preparaci\u00f3n de pedidos y su distribuci\u00f3n Entrega y devoluci\u00f3n de &#8230; <a title=\"Rechtlicher Hinweis\" class=\"read-more\" href=\"https:\/\/sueca13flores.com\/de\/rechtshinweis\/\" aria-label=\"Mehr Informationen \u00fcber Aviso legal\">Weiterlesen<\/a><\/p>","protected":false},"author":1,"featured_media":0,"parent":0,"menu_order":0,"comment_status":"closed","ping_status":"closed","template":"","meta":{"footnotes":""},"class_list":["post-326","page","type-page","status-publish"],"_links":{"self":[{"href":"https:\/\/sueca13flores.com\/de\/wp-json\/wp\/v2\/pages\/326","targetHints":{"allow":["GET"]}}],"collection":[{"href":"https:\/\/sueca13flores.com\/de\/wp-json\/wp\/v2\/pages"}],"about":[{"href":"https:\/\/sueca13flores.com\/de\/wp-json\/wp\/v2\/types\/page"}],"author":[{"embeddable":true,"href":"https:\/\/sueca13flores.com\/de\/wp-json\/wp\/v2\/users\/1"}],"replies":[{"embeddable":true,"href":"https:\/\/sueca13flores.com\/de\/wp-json\/wp\/v2\/comments?post=326"}],"version-history":[{"count":10,"href":"https:\/\/sueca13flores.com\/de\/wp-json\/wp\/v2\/pages\/326\/revisions"}],"predecessor-version":[{"id":553,"href":"https:\/\/sueca13flores.com\/de\/wp-json\/wp\/v2\/pages\/326\/revisions\/553"}],"wp:attachment":[{"href":"https:\/\/sueca13flores.com\/de\/wp-json\/wp\/v2\/media?parent=326"}],"curies":[{"name":"wp","href":"https:\/\/api.w.org\/{rel}","templated":true}]}}