{"id":486,"date":"2021-05-13T12:49:08","date_gmt":"2021-05-13T10:49:08","guid":{"rendered":"https:\/\/sueca13flores.com\/?page_id=486"},"modified":"2023-06-12T18:19:49","modified_gmt":"2023-06-12T16:19:49","slug":"gartnerdienst","status":"publish","type":"page","link":"https:\/\/sueca13flores.com\/de\/gartnerdienst\/","title":{"rendered":"Gartenarbeit"},"content":{"rendered":"<p>Wir bieten Ihnen einen umfassenden Beratungsservice f\u00fcr Ihren Garten. Wir informieren Sie \u00fcber die Pflanzenarten, die sich am besten f\u00fcr Ihren Raum eignen, egal ob es sich um eine Terrasse, einen Balkon oder einen Garten handelt, je nach Ausrichtung Ihres Raums und Ihrem Bedarf an Bew\u00e4sserung und Pflege.<\/p>\n\n\n\n<p>Wir sind spezialisiert auf die Installation von Bew\u00e4sserungssystemen, den Schnitt von B\u00e4umen, Palmen und Str\u00e4uchern sowie auf Sch\u00e4dlingsbek\u00e4mpfung und D\u00fcngung.<\/p>\n\n\n\n<p>Wir beraten Sie zu urbanen G\u00e4rten, vertikalen G\u00e4rten und Landschaftsgestaltung.<\/p>\n\n\n\n<p>Wir bieten kostenlose, unverbindliche Kostenvoranschl\u00e4ge an.<\/p>\n\n\n\n<p>Kontaktieren Sie uns \u00fcber die <a href=\"https:\/\/sueca13flores.com\/de\/kontakt\/\" data-type=\"page\" data-id=\"272\">Webformular<\/a> oder per Telefon und wir geben Ihnen einen Termin.<\/p>","protected":false},"excerpt":{"rendered":"<p>Wir bieten Ihnen einen umfassenden Beratungsservice f\u00fcr Ihren Garten. Wir informieren Sie \u00fcber die Pflanzenarten, die sich am besten f\u00fcr Ihren Raum eignen, sei es eine Terrasse, ein Balkon oder ein Garten, abh\u00e4ngig von der Ausrichtung Ihres Raumes und Ihren Bew\u00e4sserungs- und Pflegebed\u00fcrfnissen. Wir sind Spezialisten f\u00fcr die Installation von Bew\u00e4sserungssystemen, das Beschneiden von B\u00e4umen, Palmen, ... <a title=\"Gartenarbeit\" class=\"read-more\" href=\"https:\/\/sueca13flores.com\/de\/gartnerdienst\/\" aria-label=\"Mehr Informationen \u00fcber Gartenarbeiten\">Weiterlesen<\/a><\/p>","protected":false},"author":1,"featured_media":0,"parent":0,"menu_order":0,"comment_status":"closed","ping_status":"closed","template":"","meta":{"footnotes":""},"class_list":["post-486","page","type-page","status-publish"],"_links":{"self":[{"href":"https:\/\/sueca13flores.com\/de\/wp-json\/wp\/v2\/pages\/486","targetHints":{"allow":["GET"]}}],"collection":[{"href":"https:\/\/sueca13flores.com\/de\/wp-json\/wp\/v2\/pages"}],"about":[{"href":"https:\/\/sueca13flores.com\/de\/wp-json\/wp\/v2\/types\/page"}],"author":[{"embeddable":true,"href":"https:\/\/sueca13flores.com\/de\/wp-json\/wp\/v2\/users\/1"}],"replies":[{"embeddable":true,"href":"https:\/\/sueca13flores.com\/de\/wp-json\/wp\/v2\/comments?post=486"}],"version-history":[{"count":9,"href":"https:\/\/sueca13flores.com\/de\/wp-json\/wp\/v2\/pages\/486\/revisions"}],"predecessor-version":[{"id":662,"href":"https:\/\/sueca13flores.com\/de\/wp-json\/wp\/v2\/pages\/486\/revisions\/662"}],"wp:attachment":[{"href":"https:\/\/sueca13flores.com\/de\/wp-json\/wp\/v2\/media?parent=486"}],"curies":[{"name":"wp","href":"https:\/\/api.w.org\/{rel}","templated":true}]}}