{"id":635,"date":"2023-06-07T13:33:52","date_gmt":"2023-06-07T11:33:52","guid":{"rendered":"https:\/\/sueca13flores.com\/?page_id=635"},"modified":"2023-06-16T12:06:19","modified_gmt":"2023-06-16T10:06:19","slug":"abonnements","status":"publish","type":"page","link":"https:\/\/sueca13flores.com\/de\/abonnements\/","title":{"rendered":"Abonnements"},"content":{"rendered":"<p>Entdecken Sie die Freude am Empfang frischer Blumen mit unserem exklusiven Blumenabonnement. Erfreuen Sie Ihre Sinne und erwecken Sie Ihr Zuhause oder B\u00fcro mit wundersch\u00f6nen Blumenarrangements zum Leben, die sorgf\u00e4ltig ausgew\u00e4hlt und direkt zu Ihnen nach Hause geliefert werden.<\/p>\r\n\r\n\r\n\r\n<p>Unser Blumenabonnement ist das perfekte Geschenk f\u00fcr Sie oder einen besonderen Menschen. Entscheiden Sie sich f\u00fcr ein w\u00f6chentliches, zweiw\u00f6chentliches oder monatliches Abonnement und Sie erhalten ein auff\u00e4lliges neues Blumenarrangement, das von unseren erfahrenen Floristen gestaltet wird.<\/p>\r\n\r\n\r\n\r\n<p>Wann immer m\u00f6glich, w\u00e4hlen wir saisonale und lokale Blumen, um die Frische zu garantieren und die lokalen Blumenproduzenten in Valencia zu unterst\u00fctzen.<\/p>\r\n\r\n\r\n\r\n<p>Jede Lieferung wird ein einzigartiges und \u00fcberraschendes Erlebnis sein, das Ihr Leben mit Farbe und Duft erf\u00fcllt.<\/p>\r\n\r\n\r\n\r\n<p>&nbsp;<\/p>\r\n\r\n\r\n\r\n<p>&nbsp;<\/p>\r\n\r\n\r\n\r\n<p>Dar\u00fcber hinaus ist unser Blumenabonnement v\u00f6llig flexibel, denn Sie k\u00f6nnen die Dauer Ihres Abonnements w\u00e4hlen, ob w\u00f6chentlich, vierzehnt\u00e4gig oder monatlich, und es jederzeit unverbindlich abbestellen.<\/p>\r\n<p>F\u00fcllen Sie das <a href=\"https:\/\/sueca13flores.com\/de\/kontakt\/\"><strong>Webformular <\/strong><\/a>f\u00fcr weitere Informationen oder rufen Sie uns an.<\/p>\r\n\r\n\r\n\r\n<p>Die Lieferung in der Stadt Valencia ist kostenlos.<\/p>\r\n\r\n\r\n\r\n\r\n\r\n<p>Begeben Sie sich mit unserem Blumenabonnement auf eine unvergessliche Blumenreise und lassen Sie Ihr Leben Monat f\u00fcr Monat mit Blumen versch\u00f6nern! Abonnieren Sie noch heute und entdecken Sie das Vergn\u00fcgen, frische Blumen zu erhalten, die immer anders sind!<\/p>\r\n\r\n\r\n\r\n<figure class=\"wp-block-image size-large\"><img loading=\"lazy\" decoding=\"async\" width=\"724\" height=\"1024\" class=\"wp-image-664\" src=\"https:\/\/sueca13flores.com\/wp-content\/uploads\/2023\/06\/SUSCRIPCION-724x1024.png\" alt=\"\" srcset=\"https:\/\/sueca13flores.com\/wp-content\/uploads\/2023\/06\/SUSCRIPCION-724x1024.png 724w, https:\/\/sueca13flores.com\/wp-content\/uploads\/2023\/06\/SUSCRIPCION-600x849.png 600w, https:\/\/sueca13flores.com\/wp-content\/uploads\/2023\/06\/SUSCRIPCION-212x300.png 212w, https:\/\/sueca13flores.com\/wp-content\/uploads\/2023\/06\/SUSCRIPCION-768x1086.png 768w, https:\/\/sueca13flores.com\/wp-content\/uploads\/2023\/06\/SUSCRIPCION-1086x1536.png 1086w, https:\/\/sueca13flores.com\/wp-content\/uploads\/2023\/06\/SUSCRIPCION-1448x2048.png 1448w, https:\/\/sueca13flores.com\/wp-content\/uploads\/2023\/06\/SUSCRIPCION.png 1587w\" sizes=\"auto, (max-width: 724px) 100vw, 724px\" \/><\/figure>","protected":false},"excerpt":{"rendered":"<p>Entdecken Sie die Freude am Empfang frischer Blumen mit unserem exklusiven Blumenabonnement. Erfreuen Sie Ihre Sinne und erwecken Sie Ihr Zuhause oder B\u00fcro mit wundersch\u00f6nen Blumenarrangements zum Leben, die sorgf\u00e4ltig ausgew\u00e4hlt und direkt zu Ihnen nach Hause geliefert werden. Unser Blumenabonnement ist das perfekte Geschenk f\u00fcr Sie selbst oder f\u00fcr einen besonderen Menschen. W\u00e4hlen Sie ein w\u00f6chentliches, zweiw\u00f6chentliches oder monatliches Abo, ... <a title=\"Abonnements\" class=\"read-more\" href=\"https:\/\/sueca13flores.com\/de\/abonnements\/\" aria-label=\"Weitere Informationen \u00fcber Abonnements\">Weiterlesen<\/a><\/p>","protected":false},"author":2,"featured_media":0,"parent":0,"menu_order":0,"comment_status":"closed","ping_status":"closed","template":"","meta":{"footnotes":""},"class_list":["post-635","page","type-page","status-publish"],"_links":{"self":[{"href":"https:\/\/sueca13flores.com\/de\/wp-json\/wp\/v2\/pages\/635","targetHints":{"allow":["GET"]}}],"collection":[{"href":"https:\/\/sueca13flores.com\/de\/wp-json\/wp\/v2\/pages"}],"about":[{"href":"https:\/\/sueca13flores.com\/de\/wp-json\/wp\/v2\/types\/page"}],"author":[{"embeddable":true,"href":"https:\/\/sueca13flores.com\/de\/wp-json\/wp\/v2\/users\/2"}],"replies":[{"embeddable":true,"href":"https:\/\/sueca13flores.com\/de\/wp-json\/wp\/v2\/comments?post=635"}],"version-history":[{"count":5,"href":"https:\/\/sueca13flores.com\/de\/wp-json\/wp\/v2\/pages\/635\/revisions"}],"predecessor-version":[{"id":737,"href":"https:\/\/sueca13flores.com\/de\/wp-json\/wp\/v2\/pages\/635\/revisions\/737"}],"wp:attachment":[{"href":"https:\/\/sueca13flores.com\/de\/wp-json\/wp\/v2\/media?parent=635"}],"curies":[{"name":"wp","href":"https:\/\/api.w.org\/{rel}","templated":true}]}}