{"id":637,"date":"2023-06-07T13:34:18","date_gmt":"2023-06-07T11:34:18","guid":{"rendered":"https:\/\/sueca13flores.com\/?page_id=637"},"modified":"2024-10-15T12:18:53","modified_gmt":"2024-10-15T10:18:53","slug":"hochzeiten","status":"publish","type":"page","link":"https:\/\/sueca13flores.com\/de\/hochzeiten\/","title":{"rendered":"Hochzeiten"},"content":{"rendered":"<p><span style=\"font-weight: 400;\">Wir von Sueca 13 bieten Ihnen einen hochwertigen Blumendekorationsservice, der Ihren besonderen Tag zu einem magischen Ereignis voller Charme macht. Lassen Sie sich von unseren Blumendekorationen verf\u00fchren und schaffen Sie ein unvergessliches Erlebnis f\u00fcr sich und Ihre G\u00e4ste, die Sie begleiten m\u00f6chten.\u00a0<\/span><\/p>\n<p><span style=\"font-weight: 400;\">Wir fertigen Dekorationen aller Art an, sowohl f\u00fcr den Innen- als auch f\u00fcr den Au\u00dfenbereich, und bevorzugen Dekorationen mit Blumen der Saison und aus der Umgebung, haupts\u00e4chlich von lokalen Erzeugern, um eine unvergleichliche Frische unserer Arrangements und eine besondere R\u00fccksicht auf die Umwelt zu gew\u00e4hrleisten.  Wir sind auf standesamtliche und LGBT-Zeremonien spezialisiert.<\/span><\/p>\n<p><span style=\"font-weight: 400;\">Unsere Blumendekorationen sind so konzipiert, dass sie die Essenz Ihrer Vision einfangen und jeden Winkel Ihrer Veranstaltung zum Leben erwecken. Von der Zeremonie bis zum Empfang wird jedes florale Detail sorgf\u00e4ltig ausgearbeitet, um Ihren Stil und Ihre Pers\u00f6nlichkeit widerzuspiegeln. Ob Sie eine elegante Dekoration und eine sanfte, romantische Atmosph\u00e4re oder eine rustikale, l\u00e4ndliche Umgebung bevorzugen, wir k\u00f6nnen die perfekte Kulisse f\u00fcr Ihren besonderen Tag schaffen.<\/span><\/p>\n<p><span style=\"font-weight: 400;\">Wir bieten eine breite Palette von Blumendekorationen an, die Ihren Bed\u00fcrfnissen und Vorlieben entsprechen. Von atemberaubenden Tafelaufs\u00e4tzen bis hin zu Blumenb\u00f6gen und Girlanden - unser Ziel ist es, eine magische und fesselnde Atmosph\u00e4re zu schaffen, die Sie in Erstaunen versetzt und bleibende Erinnerungen schafft.<\/span><\/p>\n<p><span style=\"font-weight: 400;\">Sie k\u00f6nnen uns kontaktieren und <\/span>einen Termin vereinbaren \u00fcber unser <a href=\"https:\/\/sueca13flores.com\/de\/kontakt\/\"><b>Formular<\/b><\/a><span style=\"font-weight: 400;\">Wir werden einen ersten Kontakt aufnehmen, um Ihre Ideen und Vorschl\u00e4ge kennenzulernen, von dort aus werden wir ein Budget vorbereiten, das Ihren Bed\u00fcrfnissen entspricht und schlie\u00dflich werden wir die Blumendekoration an Ihrem gro\u00dfen Tag durchf\u00fchren.\u00a0<\/span><\/p>\n<p><b>Die von uns angebotenen Dienstleistungen im Bereich Blumendekoration sind:<\/b><\/p>\n<ul>\n<li style=\"font-weight: 400;\" aria-level=\"1\"><span style=\"font-weight: 400;\">Frische, konservierte und getrocknete Blumenstr\u00e4u\u00dfe.<\/span><\/li>\n<li style=\"font-weight: 400;\" aria-level=\"1\"><span style=\"font-weight: 400;\">Blumendekorationen f\u00fcr standesamtliche Trauungen und Bankette im Freien und in Innenr\u00e4umen.<\/span><\/li>\n<li style=\"font-weight: 400;\" aria-level=\"1\"><span style=\"font-weight: 400;\">Bl\u00fctenbl\u00e4tter und Blumenk\u00f6rbe.<\/span><\/li>\n<li style=\"font-weight: 400;\" aria-level=\"1\"><span style=\"font-weight: 400;\">Photocall, Candy Bar, Sitzplan und Stillleben.<\/span><\/li>\n<li style=\"font-weight: 400;\" aria-level=\"1\"><span style=\"font-weight: 400;\">Auto der Braut und des Br\u00e4utigams und Blumendekoration.<\/span><\/li>\n<li style=\"font-weight: 400;\" aria-level=\"1\"><span style=\"font-weight: 400;\">Kronen, Haarb\u00e4nder, Stirnb\u00e4nder und Blumenarmb\u00e4nder.<\/span><\/li>\n<\/ul>\n<div id='gallery-1' class='gallery galleryid-637 gallery-columns-3 gallery-size-thumbnail'><figure class='gallery-item'>\n\t\t\t<div class='gallery-icon landscape'>\n\t\t\t\t<a href='https:\/\/sueca13flores.com\/de\/hochzeiten\/naturblumennadeln\/#main'><img loading=\"lazy\" decoding=\"async\" width=\"150\" height=\"150\" src=\"https:\/\/sueca13flores.com\/wp-content\/uploads\/2023\/06\/PRENDIDOS-FLOR-NATURAL-150x150.jpg\" class=\"attachment-thumbnail size-thumbnail\" alt=\"\" aria-describedby=\"gallery-1-692\" srcset=\"https:\/\/sueca13flores.com\/wp-content\/uploads\/2023\/06\/PRENDIDOS-FLOR-NATURAL-150x150.jpg 150w, https:\/\/sueca13flores.com\/wp-content\/uploads\/2023\/06\/PRENDIDOS-FLOR-NATURAL-300x300.jpg 300w, https:\/\/sueca13flores.com\/wp-content\/uploads\/2023\/06\/PRENDIDOS-FLOR-NATURAL-100x100.jpg 100w\" sizes=\"auto, (max-width: 150px) 100vw, 150px\" \/><\/a>\n\t\t\t<\/div>\n\t\t\t\t<figcaption class='wp-caption-text gallery-caption' id='gallery-1-692'>\n\t\t\t\tAngeheftet\n\t\t\t\t<\/figcaption><\/figure><figure class='gallery-item'>\n\t\t\t<div class='gallery-icon landscape'>\n\t\t\t\t<a href='https:\/\/sueca13flores.com\/de\/hochzeiten\/nat-lit-nat\/#main'><img loading=\"lazy\" decoding=\"async\" width=\"150\" height=\"150\" src=\"https:\/\/sueca13flores.com\/wp-content\/uploads\/2023\/06\/PRENDIDOS-NAT-150x150.jpg\" class=\"attachment-thumbnail size-thumbnail\" alt=\"\" aria-describedby=\"gallery-1-693\" srcset=\"https:\/\/sueca13flores.com\/wp-content\/uploads\/2023\/06\/PRENDIDOS-NAT-150x150.jpg 150w, https:\/\/sueca13flores.com\/wp-content\/uploads\/2023\/06\/PRENDIDOS-NAT-100x100.jpg 100w, https:\/\/sueca13flores.com\/wp-content\/uploads\/2023\/06\/PRENDIDOS-NAT.jpg 200w\" sizes=\"auto, (max-width: 150px) 100vw, 150px\" \/><\/a>\n\t\t\t<\/div>\n\t\t\t\t<figcaption class='wp-caption-text gallery-caption' id='gallery-1-693'>\n\t\t\t\tPrendido\n\t\t\t\t<\/figcaption><\/figure><figure class='gallery-item'>\n\t\t\t<div class='gallery-icon portrait'>\n\t\t\t\t<a href='https:\/\/sueca13flores.com\/de\/hochzeiten\/frischer-blumenstraus\/#main'><img loading=\"lazy\" decoding=\"async\" width=\"150\" height=\"150\" src=\"https:\/\/sueca13flores.com\/wp-content\/uploads\/2023\/06\/RAMO-FLOR-FRESCA-150x150.jpg\" class=\"attachment-thumbnail size-thumbnail\" alt=\"\" aria-describedby=\"gallery-1-694\" srcset=\"https:\/\/sueca13flores.com\/wp-content\/uploads\/2023\/06\/RAMO-FLOR-FRESCA-150x150.jpg 150w, https:\/\/sueca13flores.com\/wp-content\/uploads\/2023\/06\/RAMO-FLOR-FRESCA-300x300.jpg 300w, https:\/\/sueca13flores.com\/wp-content\/uploads\/2023\/06\/RAMO-FLOR-FRESCA-100x100.jpg 100w\" sizes=\"auto, (max-width: 150px) 100vw, 150px\" \/><\/a>\n\t\t\t<\/div>\n\t\t\t\t<figcaption class='wp-caption-text gallery-caption' id='gallery-1-694'>\n\t\t\t\tBrautstrau\u00df\n\t\t\t\t<\/figcaption><\/figure><figure class='gallery-item'>\n\t\t\t<div class='gallery-icon landscape'>\n\t\t\t\t<a href='https:\/\/sueca13flores.com\/de\/hochzeiten\/straus-pfingstrosen-2\/#main'><img loading=\"lazy\" decoding=\"async\" width=\"150\" height=\"150\" src=\"https:\/\/sueca13flores.com\/wp-content\/uploads\/2023\/06\/RAMO-PEONIAS-2-150x150.jpg\" class=\"attachment-thumbnail size-thumbnail\" alt=\"\" aria-describedby=\"gallery-1-695\" srcset=\"https:\/\/sueca13flores.com\/wp-content\/uploads\/2023\/06\/RAMO-PEONIAS-2-150x150.jpg 150w, https:\/\/sueca13flores.com\/wp-content\/uploads\/2023\/06\/RAMO-PEONIAS-2-300x300.jpg 300w, https:\/\/sueca13flores.com\/wp-content\/uploads\/2023\/06\/RAMO-PEONIAS-2-100x100.jpg 100w\" sizes=\"auto, (max-width: 150px) 100vw, 150px\" \/><\/a>\n\t\t\t<\/div>\n\t\t\t\t<figcaption class='wp-caption-text gallery-caption' id='gallery-1-695'>\n\t\t\t\tBlumenstrau\u00df Pfingstrosen\n\t\t\t\t<\/figcaption><\/figure><figure class='gallery-item'>\n\t\t\t<div class='gallery-icon portrait'>\n\t\t\t\t<a href='https:\/\/sueca13flores.com\/de\/hochzeiten\/blumenkuchen\/#main'><img loading=\"lazy\" decoding=\"async\" width=\"150\" height=\"150\" src=\"https:\/\/sueca13flores.com\/wp-content\/uploads\/2023\/06\/TARTA-FLORES-150x150.jpg\" class=\"attachment-thumbnail size-thumbnail\" alt=\"\" aria-describedby=\"gallery-1-696\" srcset=\"https:\/\/sueca13flores.com\/wp-content\/uploads\/2023\/06\/TARTA-FLORES-150x150.jpg 150w, https:\/\/sueca13flores.com\/wp-content\/uploads\/2023\/06\/TARTA-FLORES-300x300.jpg 300w, https:\/\/sueca13flores.com\/wp-content\/uploads\/2023\/06\/TARTA-FLORES-100x100.jpg 100w\" sizes=\"auto, (max-width: 150px) 100vw, 150px\" \/><\/a>\n\t\t\t<\/div>\n\t\t\t\t<figcaption class='wp-caption-text gallery-caption' id='gallery-1-696'>\n\t\t\t\tBlumen-Hochzeitstorte\n\t\t\t\t<\/figcaption><\/figure><figure class='gallery-item'>\n\t\t\t<div class='gallery-icon portrait'>\n\t\t\t\t<a href='https:\/\/sueca13flores.com\/de\/hochzeiten\/20230602_174755\/#main'><img loading=\"lazy\" decoding=\"async\" width=\"150\" height=\"150\" src=\"https:\/\/sueca13flores.com\/wp-content\/uploads\/2023\/06\/20230602_174755-150x150.jpg\" class=\"attachment-thumbnail size-thumbnail\" alt=\"\" aria-describedby=\"gallery-1-697\" srcset=\"https:\/\/sueca13flores.com\/wp-content\/uploads\/2023\/06\/20230602_174755-150x150.jpg 150w, https:\/\/sueca13flores.com\/wp-content\/uploads\/2023\/06\/20230602_174755-scaled-300x300.jpg 300w, https:\/\/sueca13flores.com\/wp-content\/uploads\/2023\/06\/20230602_174755-scaled-100x100.jpg 100w\" sizes=\"auto, (max-width: 150px) 100vw, 150px\" \/><\/a>\n\t\t\t<\/div>\n\t\t\t\t<figcaption class='wp-caption-text gallery-caption' id='gallery-1-697'>\n\t\t\t\tBrautstrau\u00df\n\t\t\t\t<\/figcaption><\/figure><figure class='gallery-item'>\n\t\t\t<div class='gallery-icon portrait'>\n\t\t\t\t<a href='https:\/\/sueca13flores.com\/de\/hochzeiten\/20230602_174923\/#main'><img loading=\"lazy\" decoding=\"async\" width=\"150\" height=\"150\" src=\"https:\/\/sueca13flores.com\/wp-content\/uploads\/2023\/06\/20230602_174923-150x150.jpg\" class=\"attachment-thumbnail size-thumbnail\" alt=\"\" aria-describedby=\"gallery-1-698\" srcset=\"https:\/\/sueca13flores.com\/wp-content\/uploads\/2023\/06\/20230602_174923-150x150.jpg 150w, https:\/\/sueca13flores.com\/wp-content\/uploads\/2023\/06\/20230602_174923-scaled-300x300.jpg 300w, https:\/\/sueca13flores.com\/wp-content\/uploads\/2023\/06\/20230602_174923-scaled-100x100.jpg 100w\" sizes=\"auto, (max-width: 150px) 100vw, 150px\" \/><\/a>\n\t\t\t<\/div>\n\t\t\t\t<figcaption class='wp-caption-text gallery-caption' id='gallery-1-698'>\n\t\t\t\tDeco Interieur\n\t\t\t\t<\/figcaption><\/figure><figure class='gallery-item'>\n\t\t\t<div class='gallery-icon portrait'>\n\t\t\t\t<a href='https:\/\/sueca13flores.com\/de\/hochzeiten\/20230602_175004\/#main'><img loading=\"lazy\" decoding=\"async\" width=\"150\" height=\"150\" src=\"https:\/\/sueca13flores.com\/wp-content\/uploads\/2023\/06\/20230602_175004-150x150.jpg\" class=\"attachment-thumbnail size-thumbnail\" alt=\"\" aria-describedby=\"gallery-1-699\" srcset=\"https:\/\/sueca13flores.com\/wp-content\/uploads\/2023\/06\/20230602_175004-150x150.jpg 150w, https:\/\/sueca13flores.com\/wp-content\/uploads\/2023\/06\/20230602_175004-scaled-300x300.jpg 300w, https:\/\/sueca13flores.com\/wp-content\/uploads\/2023\/06\/20230602_175004-scaled-100x100.jpg 100w\" sizes=\"auto, (max-width: 150px) 100vw, 150px\" \/><\/a>\n\t\t\t<\/div>\n\t\t\t\t<figcaption class='wp-caption-text gallery-caption' id='gallery-1-699'>\n\t\t\t\tHaupttisch Mitte\n\t\t\t\t<\/figcaption><\/figure><figure class='gallery-item'>\n\t\t\t<div class='gallery-icon portrait'>\n\t\t\t\t<a href='https:\/\/sueca13flores.com\/de\/hochzeiten\/img-20220612-wa0023\/#main'><img loading=\"lazy\" decoding=\"async\" width=\"150\" height=\"150\" src=\"https:\/\/sueca13flores.com\/wp-content\/uploads\/2023\/06\/IMG-20220612-WA0023-150x150.jpg\" class=\"attachment-thumbnail size-thumbnail\" alt=\"\" aria-describedby=\"gallery-1-700\" srcset=\"https:\/\/sueca13flores.com\/wp-content\/uploads\/2023\/06\/IMG-20220612-WA0023-150x150.jpg 150w, https:\/\/sueca13flores.com\/wp-content\/uploads\/2023\/06\/IMG-20220612-WA0023-300x300.jpg 300w, https:\/\/sueca13flores.com\/wp-content\/uploads\/2023\/06\/IMG-20220612-WA0023-100x100.jpg 100w\" sizes=\"auto, (max-width: 150px) 100vw, 150px\" \/><\/a>\n\t\t\t<\/div>\n\t\t\t\t<figcaption class='wp-caption-text gallery-caption' id='gallery-1-700'>\n\t\t\t\tBlumenkranz\n\t\t\t\t<\/figcaption><\/figure><figure class='gallery-item'>\n\t\t\t<div class='gallery-icon portrait'>\n\t\t\t\t<a href='https:\/\/sueca13flores.com\/de\/hochzeiten\/auto\/#main'><img loading=\"lazy\" decoding=\"async\" width=\"150\" height=\"150\" src=\"https:\/\/sueca13flores.com\/wp-content\/uploads\/2023\/06\/coche-150x150.jpg\" class=\"attachment-thumbnail size-thumbnail\" alt=\"\" aria-describedby=\"gallery-1-702\" srcset=\"https:\/\/sueca13flores.com\/wp-content\/uploads\/2023\/06\/coche-150x150.jpg 150w, https:\/\/sueca13flores.com\/wp-content\/uploads\/2023\/06\/coche-300x300.jpg 300w, https:\/\/sueca13flores.com\/wp-content\/uploads\/2023\/06\/coche-100x100.jpg 100w\" sizes=\"auto, (max-width: 150px) 100vw, 150px\" \/><\/a>\n\t\t\t<\/div>\n\t\t\t\t<figcaption class='wp-caption-text gallery-caption' id='gallery-1-702'>\n\t\t\t\tAuto Blumenarrangement\n\t\t\t\t<\/figcaption><\/figure><figure class='gallery-item'>\n\t\t\t<div class='gallery-icon portrait'>\n\t\t\t\t<a href='https:\/\/sueca13flores.com\/de\/hochzeiten\/auto2\/#main'><img loading=\"lazy\" decoding=\"async\" width=\"150\" height=\"150\" src=\"https:\/\/sueca13flores.com\/wp-content\/uploads\/2023\/06\/coche2-150x150.jpg\" class=\"attachment-thumbnail size-thumbnail\" alt=\"\" aria-describedby=\"gallery-1-703\" srcset=\"https:\/\/sueca13flores.com\/wp-content\/uploads\/2023\/06\/coche2-150x150.jpg 150w, https:\/\/sueca13flores.com\/wp-content\/uploads\/2023\/06\/coche2-300x300.jpg 300w, https:\/\/sueca13flores.com\/wp-content\/uploads\/2023\/06\/coche2-100x100.jpg 100w\" sizes=\"auto, (max-width: 150px) 100vw, 150px\" \/><\/a>\n\t\t\t<\/div>\n\t\t\t\t<figcaption class='wp-caption-text gallery-caption' id='gallery-1-703'>\n\t\t\t\tAuto Blumenarrangement\n\t\t\t\t<\/figcaption><\/figure>\n\t\t<\/div>\n\n<p>&nbsp;<\/p>","protected":false},"excerpt":{"rendered":"<p>En Sueca 13 ofrecemos un servicio de decoraci\u00f3n floral de alta calidad, dise\u00f1ado para convertir tu d\u00eda especial en un evento m\u00e1gico y lleno de encanto. D\u00e9jate seducir por nuestros dise\u00f1os florales y\u00a0 crea una experiencia inolvidable para ti y las personas invitadas que desees que te acompa\u00f1en.\u00a0 Realizamos decoraciones de todos los estilos, tanto &#8230; <a title=\"Hochzeiten\" class=\"read-more\" href=\"https:\/\/sueca13flores.com\/de\/hochzeiten\/\" aria-label=\"Mehr Informationen \u00fcber Bodas\">Weiterlesen<\/a><\/p>","protected":false},"author":2,"featured_media":690,"parent":0,"menu_order":0,"comment_status":"closed","ping_status":"closed","template":"","meta":{"footnotes":""},"class_list":["post-637","page","type-page","status-publish","has-post-thumbnail"],"_links":{"self":[{"href":"https:\/\/sueca13flores.com\/de\/wp-json\/wp\/v2\/pages\/637","targetHints":{"allow":["GET"]}}],"collection":[{"href":"https:\/\/sueca13flores.com\/de\/wp-json\/wp\/v2\/pages"}],"about":[{"href":"https:\/\/sueca13flores.com\/de\/wp-json\/wp\/v2\/types\/page"}],"author":[{"embeddable":true,"href":"https:\/\/sueca13flores.com\/de\/wp-json\/wp\/v2\/users\/2"}],"replies":[{"embeddable":true,"href":"https:\/\/sueca13flores.com\/de\/wp-json\/wp\/v2\/comments?post=637"}],"version-history":[{"count":6,"href":"https:\/\/sueca13flores.com\/de\/wp-json\/wp\/v2\/pages\/637\/revisions"}],"predecessor-version":[{"id":738,"href":"https:\/\/sueca13flores.com\/de\/wp-json\/wp\/v2\/pages\/637\/revisions\/738"}],"wp:featuredmedia":[{"embeddable":true,"href":"https:\/\/sueca13flores.com\/de\/wp-json\/wp\/v2\/media\/690"}],"wp:attachment":[{"href":"https:\/\/sueca13flores.com\/de\/wp-json\/wp\/v2\/media?parent=637"}],"curies":[{"name":"wp","href":"https:\/\/api.w.org\/{rel}","templated":true}]}}