{"id":639,"date":"2023-06-07T13:34:48","date_gmt":"2023-06-07T11:34:48","guid":{"rendered":"https:\/\/sueca13flores.com\/?page_id=639"},"modified":"2023-06-16T12:12:51","modified_gmt":"2023-06-16T10:12:51","slug":"workshops-und-aktivitaten","status":"publish","type":"page","link":"https:\/\/sueca13flores.com\/de\/workshops-und-aktivitaten\/","title":{"rendered":"Workshops und Aktivit\u00e4ten\u00a0"},"content":{"rendered":"<p>Entdecken Sie Ihre Leidenschaft f\u00fcr Blumen und handgefertigte florale Kreationen.<\/p>\n<p>Mit unseren Workshops wecken Sie Ihre Kreativit\u00e4t und kommen in Kontakt mit nat\u00fcrlichen Materialien, die Ihre Sinne berauschen werden.<\/p>\n<p>Wir veranstalten das ganze Jahr \u00fcber Gruppen-Workshops, von Terrarien, Kokedamas, Weihnachtskr\u00e4nzen bis hin zu floralen Techniken f\u00fcr die Zusammenstellung frischer und konservierter Blumenkr\u00e4nze.<\/p>\n<p>Sie k\u00f6nnen unsere Kinder-Workshops als Geburtstagsgeschenk oder f\u00fcr eine private Gruppenfeier buchen oder in den sozialen Medien nach den Gruppenworkshops Ausschau halten, die wir zu Ostern, Weihnachten und Halloween organisieren.<\/p>\n<p>In unseren Workshops lernen Sie, wie man die richtigen Blumen ausw\u00e4hlt, Farben und Texturen kombiniert und florale Werkzeuge fachgerecht einsetzt. Jeder Workshop ist eine Gelegenheit, Ihre kreative Seite zu erkunden und die Kunst der Arbeit mit Blumen auf einzigartige Weise zu entdecken.<\/p>\n<p>Neben dem Erlernen floristischer Fertigkeiten bieten unsere Workshops auch eine bereichernde und unterhaltsame Erfahrung. Sie werden andere Blumenliebhaber treffen, Ideen austauschen und eine warme und freundliche Atmosph\u00e4re genie\u00dfen. W\u00e4hrend der Workshops bieten wir ein Glas Bio-Wein und hausgemachte Kroketten aus der Nachbarschaft an.<\/p>\n<p>Fragen Sie uns nach unserer gro\u00dfen Auswahl an Blumen-Workshops, vom Einzelunterricht bis hin zu privaten Gruppenveranstaltungen. Wir bieten auch saisonale Themen-Workshops an, in denen Sie lernen k\u00f6nnen, wie man Blumenarrangements f\u00fcr Weihnachten, Hochzeiten, den Valentinstag und mehr kreiert - lassen Sie Ihrer Fantasie freien Lauf und finden Sie den perfekten Blumen-Workshop f\u00fcr sich!<\/p>\n<p>Ihre Zufriedenheit und Ihr Erfolg in unseren Workshops liegen uns am Herzen. Deshalb bem\u00fchen wir uns, Ihnen eine lehrreiche und spannende Erfahrung zu bieten, die Sie dazu inspiriert, die Welt der Blumen weiter zu erkunden. Unser Ziel ist es, dass Sie unsere Workshops mit neuen F\u00e4higkeiten, Selbstvertrauen und einer neuen Leidenschaft f\u00fcr die Sch\u00f6nheit der Blumen verlassen.<\/p>\n<p>Verpassen Sie nicht die Gelegenheit, mit uns die wunderbare Welt der Blumenworkshops zu entdecken. Buchen Sie Ihren privaten Floristik-Workshop \u00fcber unser <a href=\"https:\/\/sueca13flores.com\/de\/kontakt\/\"><strong>Kontakt-Formular<\/strong><\/a>oder per Telefon, und laden Sie Freunde, Kollegen, Familie ein .... und machen Sie sich bereit, in ein einzigartiges Blumenerlebnis einzutauchen. Wecken Sie Ihre Kreativit\u00e4t und lassen Sie Ihre H\u00e4nde mit unseren Blumen Sch\u00f6nheit schaffen!\"<\/p>\n<p>&nbsp;<\/p>\n<div id='gallery-1' class='gallery galleryid-639 gallery-columns-2 gallery-size-medium'><figure class='gallery-item'>\n\t\t\t<div class='gallery-icon portrait'>\n\t\t\t\t<a href='https:\/\/sueca13flores.com\/de\/workshops-und-aktivitaten\/20221029_114223\/#main'><img loading=\"lazy\" decoding=\"async\" width=\"225\" height=\"300\" src=\"https:\/\/sueca13flores.com\/wp-content\/uploads\/2023\/06\/20221029_114223-225x300.jpg\" class=\"attachment-medium size-medium\" alt=\"\" aria-describedby=\"gallery-1-707\" srcset=\"https:\/\/sueca13flores.com\/wp-content\/uploads\/2023\/06\/20221029_114223-225x300.jpg 225w, https:\/\/sueca13flores.com\/wp-content\/uploads\/2023\/06\/20221029_114223-scaled-600x800.jpg 600w, https:\/\/sueca13flores.com\/wp-content\/uploads\/2023\/06\/20221029_114223-768x1024.jpg 768w, https:\/\/sueca13flores.com\/wp-content\/uploads\/2023\/06\/20221029_114223-1152x1536.jpg 1152w, https:\/\/sueca13flores.com\/wp-content\/uploads\/2023\/06\/20221029_114223-1536x2048.jpg 1536w, https:\/\/sueca13flores.com\/wp-content\/uploads\/2023\/06\/20221029_114223-scaled.jpg 1920w\" sizes=\"auto, (max-width: 225px) 100vw, 225px\" \/><\/a>\n\t\t\t<\/div>\n\t\t\t\t<figcaption class='wp-caption-text gallery-caption' id='gallery-1-707'>\n\t\t\t\tKinder-Halloween-Workshop\n\t\t\t\t<\/figcaption><\/figure><figure class='gallery-item'>\n\t\t\t<div class='gallery-icon portrait'>\n\t\t\t\t<a href='https:\/\/sueca13flores.com\/de\/workshops-und-aktivitaten\/20221126_114719\/#main'><img loading=\"lazy\" decoding=\"async\" width=\"225\" height=\"300\" src=\"https:\/\/sueca13flores.com\/wp-content\/uploads\/2023\/06\/20221126_114719-225x300.jpg\" class=\"attachment-medium size-medium\" alt=\"\" aria-describedby=\"gallery-1-708\" srcset=\"https:\/\/sueca13flores.com\/wp-content\/uploads\/2023\/06\/20221126_114719-225x300.jpg 225w, https:\/\/sueca13flores.com\/wp-content\/uploads\/2023\/06\/20221126_114719-scaled-600x800.jpg 600w, https:\/\/sueca13flores.com\/wp-content\/uploads\/2023\/06\/20221126_114719-768x1024.jpg 768w, https:\/\/sueca13flores.com\/wp-content\/uploads\/2023\/06\/20221126_114719-1152x1536.jpg 1152w, https:\/\/sueca13flores.com\/wp-content\/uploads\/2023\/06\/20221126_114719-1536x2048.jpg 1536w, https:\/\/sueca13flores.com\/wp-content\/uploads\/2023\/06\/20221126_114719-scaled.jpg 1920w\" sizes=\"auto, (max-width: 225px) 100vw, 225px\" \/><\/a>\n\t\t\t<\/div>\n\t\t\t\t<figcaption class='wp-caption-text gallery-caption' id='gallery-1-708'>\n\t\t\t\tWeihnachts-Workshop\n\t\t\t\t<\/figcaption><\/figure><figure class='gallery-item'>\n\t\t\t<div class='gallery-icon portrait'>\n\t\t\t\t<a href='https:\/\/sueca13flores.com\/de\/workshops-und-aktivitaten\/20221126_131054-2\/#main'><img loading=\"lazy\" decoding=\"async\" width=\"225\" height=\"300\" src=\"https:\/\/sueca13flores.com\/wp-content\/uploads\/2023\/06\/20221126_131054-1-225x300.jpg\" class=\"attachment-medium size-medium\" alt=\"\" aria-describedby=\"gallery-1-709\" srcset=\"https:\/\/sueca13flores.com\/wp-content\/uploads\/2023\/06\/20221126_131054-1-225x300.jpg 225w, https:\/\/sueca13flores.com\/wp-content\/uploads\/2023\/06\/20221126_131054-1-scaled-600x800.jpg 600w, https:\/\/sueca13flores.com\/wp-content\/uploads\/2023\/06\/20221126_131054-1-768x1024.jpg 768w, https:\/\/sueca13flores.com\/wp-content\/uploads\/2023\/06\/20221126_131054-1-1152x1536.jpg 1152w, https:\/\/sueca13flores.com\/wp-content\/uploads\/2023\/06\/20221126_131054-1-1536x2048.jpg 1536w, https:\/\/sueca13flores.com\/wp-content\/uploads\/2023\/06\/20221126_131054-1-scaled.jpg 1920w\" sizes=\"auto, (max-width: 225px) 100vw, 225px\" \/><\/a>\n\t\t\t<\/div>\n\t\t\t\t<figcaption class='wp-caption-text gallery-caption' id='gallery-1-709'>\n\t\t\t\tWeihnachtskr\u00e4nze Workshop\n\t\t\t\t<\/figcaption><\/figure><figure class='gallery-item'>\n\t\t\t<div class='gallery-icon portrait'>\n\t\t\t\t<a href='https:\/\/sueca13flores.com\/de\/workshops-und-aktivitaten\/20221203_104734\/#main'><img loading=\"lazy\" decoding=\"async\" width=\"225\" height=\"300\" src=\"https:\/\/sueca13flores.com\/wp-content\/uploads\/2023\/06\/20221203_104734-225x300.jpg\" class=\"attachment-medium size-medium\" alt=\"\" aria-describedby=\"gallery-1-710\" srcset=\"https:\/\/sueca13flores.com\/wp-content\/uploads\/2023\/06\/20221203_104734-225x300.jpg 225w, https:\/\/sueca13flores.com\/wp-content\/uploads\/2023\/06\/20221203_104734-scaled-600x800.jpg 600w, https:\/\/sueca13flores.com\/wp-content\/uploads\/2023\/06\/20221203_104734-768x1024.jpg 768w, https:\/\/sueca13flores.com\/wp-content\/uploads\/2023\/06\/20221203_104734-1152x1536.jpg 1152w, https:\/\/sueca13flores.com\/wp-content\/uploads\/2023\/06\/20221203_104734-1536x2048.jpg 1536w, https:\/\/sueca13flores.com\/wp-content\/uploads\/2023\/06\/20221203_104734-scaled.jpg 1920w\" sizes=\"auto, (max-width: 225px) 100vw, 225px\" \/><\/a>\n\t\t\t<\/div>\n\t\t\t\t<figcaption class='wp-caption-text gallery-caption' id='gallery-1-710'>\n\t\t\t\tWorkshops Tafelaufs\u00e4tze\n\t\t\t\t<\/figcaption><\/figure>\n\t\t<\/div>","protected":false},"excerpt":{"rendered":"<p>Descubre tu Pasi\u00f3n por las Flores y por las creaciones Florales Handmade. Con nuestros talleres despertar\u00e1s tu creatividad y estar\u00e1s en contacto con materiales naturales, que embriagar\u00e1n tus sentidos. Realizamos talleres grupales durante todo el a\u00f1o, desde terrarios, kokedamas, coronas navide\u00f1as, as\u00ed como t\u00e9cnicas florales para composici\u00f3n de centros de flor fresca y flor preservada. &#8230; <a title=\"Workshops und Aktivit\u00e4ten\u00a0\" class=\"read-more\" href=\"https:\/\/sueca13flores.com\/de\/workshops-und-aktivitaten\/\" aria-label=\"Mehr Informationen \u00fcber Talleres y Actividades\u00a0\">Weiterlesen<\/a><\/p>","protected":false},"author":2,"featured_media":706,"parent":0,"menu_order":0,"comment_status":"closed","ping_status":"closed","template":"","meta":{"footnotes":""},"class_list":["post-639","page","type-page","status-publish","has-post-thumbnail"],"_links":{"self":[{"href":"https:\/\/sueca13flores.com\/de\/wp-json\/wp\/v2\/pages\/639","targetHints":{"allow":["GET"]}}],"collection":[{"href":"https:\/\/sueca13flores.com\/de\/wp-json\/wp\/v2\/pages"}],"about":[{"href":"https:\/\/sueca13flores.com\/de\/wp-json\/wp\/v2\/types\/page"}],"author":[{"embeddable":true,"href":"https:\/\/sueca13flores.com\/de\/wp-json\/wp\/v2\/users\/2"}],"replies":[{"embeddable":true,"href":"https:\/\/sueca13flores.com\/de\/wp-json\/wp\/v2\/comments?post=639"}],"version-history":[{"count":5,"href":"https:\/\/sueca13flores.com\/de\/wp-json\/wp\/v2\/pages\/639\/revisions"}],"predecessor-version":[{"id":739,"href":"https:\/\/sueca13flores.com\/de\/wp-json\/wp\/v2\/pages\/639\/revisions\/739"}],"wp:featuredmedia":[{"embeddable":true,"href":"https:\/\/sueca13flores.com\/de\/wp-json\/wp\/v2\/media\/706"}],"wp:attachment":[{"href":"https:\/\/sueca13flores.com\/de\/wp-json\/wp\/v2\/media?parent=639"}],"curies":[{"name":"wp","href":"https:\/\/api.w.org\/{rel}","templated":true}]}}