{"id":641,"date":"2023-06-07T13:35:15","date_gmt":"2023-06-07T11:35:15","guid":{"rendered":"https:\/\/sueca13flores.com\/?page_id=641"},"modified":"2023-06-15T12:17:53","modified_gmt":"2023-06-15T10:17:53","slug":"blumendekorationen","status":"publish","type":"page","link":"https:\/\/sueca13flores.com\/de\/blumendekorationen\/","title":{"rendered":"Blumendekoration"},"content":{"rendered":"<p>Wir laden Sie ein, eine Welt einzigartiger und bezaubernder Blumendekorationen f\u00fcr Ihre Veranstaltungen, Themenabende und gastronomischen R\u00e4ume zu entdecken. Unser Ansatz basiert auf der Verwendung von saisonalen und lokal produzierten Blumen, wann immer die von Ihnen gew\u00fcnschte Blumenvielfalt es zul\u00e4sst, und verleiht jeder Blumendekoration eine frische, authentische und nachhaltige Note.<\/p>\n<p>Wir kreieren ma\u00dfgeschneiderte und themenbezogene Blumendekorationen, die zur Atmosph\u00e4re und zum Stil Ihrer Veranstaltung passen. Ganz gleich, ob es sich um eine romantische Feier, eine lebhafte, tropische Themenparty oder ein elegantes Restaurant handelt, wir sorgen daf\u00fcr, dass jedes Detail Ihre kreative Vision widerspiegelt.<\/p>\n<p>Was uns auszeichnet, ist unsere Leidenschaft f\u00fcr saisonale und lokal produzierte Blumen. Wir arbeiten eng mit lokalen Z\u00fcchtern zusammen, um die frischesten und sch\u00f6nsten Blumen f\u00fcr jede Saison zu beschaffen. Das sichert nicht nur die Qualit\u00e4t unserer Kreationen, sondern unterst\u00fctzt auch die Gemeinschaft und f\u00f6rdert die Nachhaltigkeit.<\/p>\n<p>Wir verwenden eine Kombination aus saisonalen Blumen, \u00fcppigem Gr\u00fcn und erg\u00e4nzenden dekorativen Elementen, um atemberaubende, ausgewogene Arrangements zu schaffen. Wir bem\u00fchen uns, die nat\u00fcrliche Sch\u00f6nheit jeder Blume zur Geltung zu bringen und Kompositionen zu schaffen, die die Sinne fesseln und einen bleibenden Eindruck bei Ihren G\u00e4sten hinterlassen.<\/p>\n<p>Unser Blumendekorationsservice f\u00fcr Veranstaltungen und gastronomische Einrichtungen ist sehr individuell. Wir nehmen uns die Zeit, Ihren Geschmack, Ihre Vorlieben und Ihr Veranstaltungsthema kennenzulernen, um sicherzustellen, dass jedes florale Detail perfekt auf Ihre Vision abgestimmt ist. Von Tafelaufs\u00e4tzen bis hin zu Blumenb\u00f6gen und Girlanden ist jedes florale Element darauf ausgerichtet, eine Geschichte zu erz\u00e4hlen und eine magische Atmosph\u00e4re zu schaffen.<\/p>\n<p>\u00dcberraschen Sie Ihre G\u00e4ste oder Kunden und schaffen Sie mit unseren Blumendekorationen unvergessliche Erlebnisse. Buchen Sie ein pers\u00f6nliches Beratungsgespr\u00e4ch und lassen Sie sich zeigen, wie unsere frischen, lokal produzierten Blumen Ihre R\u00e4ume in ein gr\u00fcnes und ausgewogenes Ambiente verwandeln k\u00f6nnen.<\/p>\n<p>Wagen Sie es, mit unseren Blumendekorationen f\u00fcr Veranstaltungen und gastronomische R\u00e4ume etwas zu bewegen. Heben Sie die Sch\u00f6nheit saisonaler Blumen hervor, unterst\u00fctzen Sie lokale Erzeuger und schaffen Sie eine charmante Atmosph\u00e4re.<\/p>\n<div id='gallery-1' class='gallery galleryid-641 gallery-columns-2 gallery-size-medium'><figure class='gallery-item'>\n\t\t\t<div class='gallery-icon landscape'>\n\t\t\t\t<a href='https:\/\/sueca13flores.com\/de\/blumendekorationen\/bild-fur-hochzeit\/#main'><img loading=\"lazy\" decoding=\"async\" width=\"300\" height=\"300\" src=\"https:\/\/sueca13flores.com\/wp-content\/uploads\/2023\/06\/imagen-para-boda-300x300.jpg\" class=\"attachment-medium size-medium\" alt=\"\" srcset=\"https:\/\/sueca13flores.com\/wp-content\/uploads\/2023\/06\/imagen-para-boda-300x300.jpg 300w, https:\/\/sueca13flores.com\/wp-content\/uploads\/2023\/06\/imagen-para-boda-100x100.jpg 100w, https:\/\/sueca13flores.com\/wp-content\/uploads\/2023\/06\/imagen-para-boda-600x600.jpg 600w, https:\/\/sueca13flores.com\/wp-content\/uploads\/2023\/06\/imagen-para-boda-150x150.jpg 150w, https:\/\/sueca13flores.com\/wp-content\/uploads\/2023\/06\/imagen-para-boda-768x768.jpg 768w, https:\/\/sueca13flores.com\/wp-content\/uploads\/2023\/06\/imagen-para-boda.jpg 921w\" sizes=\"auto, (max-width: 300px) 100vw, 300px\" \/><\/a>\n\t\t\t<\/div><\/figure><figure class='gallery-item'>\n\t\t\t<div class='gallery-icon landscape'>\n\t\t\t\t<a href='https:\/\/sueca13flores.com\/de\/blumendekorationen\/img-20211004-wa0003\/#main'><img loading=\"lazy\" decoding=\"async\" width=\"300\" height=\"200\" src=\"https:\/\/sueca13flores.com\/wp-content\/uploads\/2023\/06\/IMG-20211004-WA0003-300x200.jpg\" class=\"attachment-medium size-medium\" alt=\"\" srcset=\"https:\/\/sueca13flores.com\/wp-content\/uploads\/2023\/06\/IMG-20211004-WA0003-300x200.jpg 300w, https:\/\/sueca13flores.com\/wp-content\/uploads\/2023\/06\/IMG-20211004-WA0003-600x400.jpg 600w, https:\/\/sueca13flores.com\/wp-content\/uploads\/2023\/06\/IMG-20211004-WA0003-1024x683.jpg 1024w, https:\/\/sueca13flores.com\/wp-content\/uploads\/2023\/06\/IMG-20211004-WA0003-768x512.jpg 768w, https:\/\/sueca13flores.com\/wp-content\/uploads\/2023\/06\/IMG-20211004-WA0003-1536x1024.jpg 1536w, https:\/\/sueca13flores.com\/wp-content\/uploads\/2023\/06\/IMG-20211004-WA0003.jpg 2048w\" sizes=\"auto, (max-width: 300px) 100vw, 300px\" \/><\/a>\n\t\t\t<\/div><\/figure><figure class='gallery-item'>\n\t\t\t<div class='gallery-icon landscape'>\n\t\t\t\t<a href='https:\/\/sueca13flores.com\/de\/blumendekorationen\/img-20220612-wa0017\/#main'><img loading=\"lazy\" decoding=\"async\" width=\"300\" height=\"225\" src=\"https:\/\/sueca13flores.com\/wp-content\/uploads\/2023\/06\/IMG-20220612-WA0017-300x225.jpg\" class=\"attachment-medium size-medium\" alt=\"\" srcset=\"https:\/\/sueca13flores.com\/wp-content\/uploads\/2023\/06\/IMG-20220612-WA0017-300x225.jpg 300w, https:\/\/sueca13flores.com\/wp-content\/uploads\/2023\/06\/IMG-20220612-WA0017-600x450.jpg 600w, https:\/\/sueca13flores.com\/wp-content\/uploads\/2023\/06\/IMG-20220612-WA0017-1024x768.jpg 1024w, https:\/\/sueca13flores.com\/wp-content\/uploads\/2023\/06\/IMG-20220612-WA0017-768x576.jpg 768w, https:\/\/sueca13flores.com\/wp-content\/uploads\/2023\/06\/IMG-20220612-WA0017-1536x1152.jpg 1536w, https:\/\/sueca13flores.com\/wp-content\/uploads\/2023\/06\/IMG-20220612-WA0017.jpg 1600w\" sizes=\"auto, (max-width: 300px) 100vw, 300px\" \/><\/a>\n\t\t\t<\/div><\/figure><figure class='gallery-item'>\n\t\t\t<div class='gallery-icon landscape'>\n\t\t\t\t<a href='https:\/\/sueca13flores.com\/de\/blumendekorationen\/img-20220613-wa0051\/#main'><img loading=\"lazy\" decoding=\"async\" width=\"300\" height=\"225\" src=\"https:\/\/sueca13flores.com\/wp-content\/uploads\/2023\/06\/IMG-20220613-WA0051-300x225.jpg\" class=\"attachment-medium size-medium\" alt=\"\" srcset=\"https:\/\/sueca13flores.com\/wp-content\/uploads\/2023\/06\/IMG-20220613-WA0051-300x225.jpg 300w, https:\/\/sueca13flores.com\/wp-content\/uploads\/2023\/06\/IMG-20220613-WA0051-600x450.jpg 600w, https:\/\/sueca13flores.com\/wp-content\/uploads\/2023\/06\/IMG-20220613-WA0051-1024x768.jpg 1024w, https:\/\/sueca13flores.com\/wp-content\/uploads\/2023\/06\/IMG-20220613-WA0051-768x576.jpg 768w, https:\/\/sueca13flores.com\/wp-content\/uploads\/2023\/06\/IMG-20220613-WA0051-1536x1152.jpg 1536w, https:\/\/sueca13flores.com\/wp-content\/uploads\/2023\/06\/IMG-20220613-WA0051.jpg 1600w\" sizes=\"auto, (max-width: 300px) 100vw, 300px\" \/><\/a>\n\t\t\t<\/div><\/figure><figure class='gallery-item'>\n\t\t\t<div class='gallery-icon portrait'>\n\t\t\t\t<a href='https:\/\/sueca13flores.com\/de\/blumendekorationen\/img-20220614-wa0071\/#main'><img loading=\"lazy\" decoding=\"async\" width=\"135\" height=\"300\" src=\"https:\/\/sueca13flores.com\/wp-content\/uploads\/2023\/06\/IMG-20220614-WA0071-135x300.jpg\" class=\"attachment-medium size-medium\" alt=\"\" srcset=\"https:\/\/sueca13flores.com\/wp-content\/uploads\/2023\/06\/IMG-20220614-WA0071-135x300.jpg 135w, https:\/\/sueca13flores.com\/wp-content\/uploads\/2023\/06\/IMG-20220614-WA0071-600x1334.jpg 600w, https:\/\/sueca13flores.com\/wp-content\/uploads\/2023\/06\/IMG-20220614-WA0071-461x1024.jpg 461w, https:\/\/sueca13flores.com\/wp-content\/uploads\/2023\/06\/IMG-20220614-WA0071-768x1708.jpg 768w, https:\/\/sueca13flores.com\/wp-content\/uploads\/2023\/06\/IMG-20220614-WA0071-691x1536.jpg 691w, https:\/\/sueca13flores.com\/wp-content\/uploads\/2023\/06\/IMG-20220614-WA0071.jpg 921w\" sizes=\"auto, (max-width: 135px) 100vw, 135px\" \/><\/a>\n\t\t\t<\/div><\/figure>\n\t\t<\/div>\n\n<p>&nbsp;<\/p>","protected":false},"excerpt":{"rendered":"<p>Te animamos a descubrir un mundo de decoraciones florales \u00fanicas y cautivadoras para tus eventos, fiestas tem\u00e1ticas y espacios gastron\u00f3micos. Nuestro enfoque se basa en el uso de flores de temporada y de producci\u00f3n local, siempre que la variedad de flores que precises lo permitan, brindando un toque fresco , aut\u00e9ntico y sostenible a cada &#8230; <a title=\"Blumendekoration\" class=\"read-more\" href=\"https:\/\/sueca13flores.com\/de\/blumendekorationen\/\" aria-label=\"Mehr Informationen \u00fcber Decoraci\u00f3n Floral\">Weiterlesen<\/a><\/p>","protected":false},"author":2,"featured_media":728,"parent":0,"menu_order":0,"comment_status":"closed","ping_status":"closed","template":"","meta":{"footnotes":""},"class_list":["post-641","page","type-page","status-publish","has-post-thumbnail"],"_links":{"self":[{"href":"https:\/\/sueca13flores.com\/de\/wp-json\/wp\/v2\/pages\/641","targetHints":{"allow":["GET"]}}],"collection":[{"href":"https:\/\/sueca13flores.com\/de\/wp-json\/wp\/v2\/pages"}],"about":[{"href":"https:\/\/sueca13flores.com\/de\/wp-json\/wp\/v2\/types\/page"}],"author":[{"embeddable":true,"href":"https:\/\/sueca13flores.com\/de\/wp-json\/wp\/v2\/users\/2"}],"replies":[{"embeddable":true,"href":"https:\/\/sueca13flores.com\/de\/wp-json\/wp\/v2\/comments?post=641"}],"version-history":[{"count":4,"href":"https:\/\/sueca13flores.com\/de\/wp-json\/wp\/v2\/pages\/641\/revisions"}],"predecessor-version":[{"id":734,"href":"https:\/\/sueca13flores.com\/de\/wp-json\/wp\/v2\/pages\/641\/revisions\/734"}],"wp:featuredmedia":[{"embeddable":true,"href":"https:\/\/sueca13flores.com\/de\/wp-json\/wp\/v2\/media\/728"}],"wp:attachment":[{"href":"https:\/\/sueca13flores.com\/de\/wp-json\/wp\/v2\/media?parent=641"}],"curies":[{"name":"wp","href":"https:\/\/api.w.org\/{rel}","templated":true}]}}